{"id":4708,"date":"2022-01-13T15:41:00","date_gmt":"2022-01-13T18:41:00","guid":{"rendered":"https:\/\/www2.tupy.com.br\/?page_id=4708"},"modified":"2022-01-13T15:41:22","modified_gmt":"2022-01-13T18:41:22","slug":"innovacion-abierta-contacto","status":"publish","type":"page","link":"https:\/\/www.tupy.com.br\/es\/innovacion-abierta-contacto\/","title":{"rendered":"Innovaci\u00f3n Abierta &#8211; Contacto"},"content":{"rendered":"","protected":false},"excerpt":{"rendered":"","protected":false},"author":1,"featured_media":0,"parent":0,"menu_order":0,"comment_status":"closed","ping_status":"closed","template":"page-templates\/inovacao-forms.php","meta":{"footnotes":""},"class_list":["post-4708","page","type-page","status-publish","hentry"],"yoast_head":"<!-- This site is optimized with the Yoast SEO plugin v27.1.1 - https:\/\/yoast.com\/product\/yoast-seo-wordpress\/ -->\n<title>Innovaci\u00f3n Abierta - Contacto - Tupy<\/title>\n<meta name=\"robots\" content=\"index, follow, max-snippet:-1, max-image-preview:large, max-video-preview:-1\" \/>\n<link rel=\"canonical\" href=\"https:\/\/www.tupy.com.br\/es\/innovacion-abierta-contacto\/\" \/>\n<meta property=\"og:locale\" content=\"es_ES\" \/>\n<meta property=\"og:type\" content=\"article\" \/>\n<meta property=\"og:title\" content=\"Innovaci\u00f3n Abierta - Contacto - Tupy\" \/>\n<meta property=\"og:url\" content=\"https:\/\/www.tupy.com.br\/es\/innovacion-abierta-contacto\/\" \/>\n<meta property=\"og:site_name\" content=\"Tupy\" \/>\n<meta property=\"article:modified_time\" content=\"2022-01-13T18:41:22+00:00\" \/>\n<meta name=\"twitter:card\" content=\"summary_large_image\" \/>\n<script type=\"application\/ld+json\" class=\"yoast-schema-graph\">{\"@context\":\"https:\/\/schema.org\",\"@graph\":[{\"@type\":\"WebPage\",\"@id\":\"https:\/\/www.tupy.com.br\/es\/innovacion-abierta-contacto\/\",\"url\":\"https:\/\/www.tupy.com.br\/es\/innovacion-abierta-contacto\/\",\"name\":\"Innovaci\u00f3n Abierta - Contacto - Tupy\",\"isPartOf\":{\"@id\":\"https:\/\/www.tupy.com.br\/#website\"},\"datePublished\":\"2022-01-13T18:41:00+00:00\",\"dateModified\":\"2022-01-13T18:41:22+00:00\",\"breadcrumb\":{\"@id\":\"https:\/\/www.tupy.com.br\/es\/innovacion-abierta-contacto\/#breadcrumb\"},\"inLanguage\":\"es-ES\",\"potentialAction\":[{\"@type\":\"ReadAction\",\"target\":[\"https:\/\/www.tupy.com.br\/es\/innovacion-abierta-contacto\/\"]}]},{\"@type\":\"BreadcrumbList\",\"@id\":\"https:\/\/www.tupy.com.br\/es\/innovacion-abierta-contacto\/#breadcrumb\",\"itemListElement\":[{\"@type\":\"ListItem\",\"position\":1,\"name\":\"Home\",\"item\":\"https:\/\/www.tupy.com.br\/es\/\"},{\"@type\":\"ListItem\",\"position\":2,\"name\":\"Innovaci\u00f3n Abierta &#8211; Contacto\"}]},{\"@type\":\"WebSite\",\"@id\":\"https:\/\/www.tupy.com.br\/#website\",\"url\":\"https:\/\/www.tupy.com.br\/\",\"name\":\"Tupy\",\"description\":\"Refer\u00eancia em tecnologia de fundi\u00e7\u00e3o de blocos e cabe\u00e7otes de motor de ferro e usinagem.\",\"potentialAction\":[{\"@type\":\"SearchAction\",\"target\":{\"@type\":\"EntryPoint\",\"urlTemplate\":\"https:\/\/www.tupy.com.br\/?s={search_term_string}\"},\"query-input\":{\"@type\":\"PropertyValueSpecification\",\"valueRequired\":true,\"valueName\":\"search_term_string\"}}],\"inLanguage\":\"es-ES\"}]}<\/script>\n<!-- \/ Yoast SEO plugin. -->","yoast_head_json":{"title":"Innovaci\u00f3n Abierta - Contacto - Tupy","robots":{"index":"index","follow":"follow","max-snippet":"max-snippet:-1","max-image-preview":"max-image-preview:large","max-video-preview":"max-video-preview:-1"},"canonical":"https:\/\/www.tupy.com.br\/es\/innovacion-abierta-contacto\/","og_locale":"es_ES","og_type":"article","og_title":"Innovaci\u00f3n Abierta - Contacto - Tupy","og_url":"https:\/\/www.tupy.com.br\/es\/innovacion-abierta-contacto\/","og_site_name":"Tupy","article_modified_time":"2022-01-13T18:41:22+00:00","twitter_card":"summary_large_image","schema":{"@context":"https:\/\/schema.org","@graph":[{"@type":"WebPage","@id":"https:\/\/www.tupy.com.br\/es\/innovacion-abierta-contacto\/","url":"https:\/\/www.tupy.com.br\/es\/innovacion-abierta-contacto\/","name":"Innovaci\u00f3n Abierta - Contacto - Tupy","isPartOf":{"@id":"https:\/\/www.tupy.com.br\/#website"},"datePublished":"2022-01-13T18:41:00+00:00","dateModified":"2022-01-13T18:41:22+00:00","breadcrumb":{"@id":"https:\/\/www.tupy.com.br\/es\/innovacion-abierta-contacto\/#breadcrumb"},"inLanguage":"es-ES","potentialAction":[{"@type":"ReadAction","target":["https:\/\/www.tupy.com.br\/es\/innovacion-abierta-contacto\/"]}]},{"@type":"BreadcrumbList","@id":"https:\/\/www.tupy.com.br\/es\/innovacion-abierta-contacto\/#breadcrumb","itemListElement":[{"@type":"ListItem","position":1,"name":"Home","item":"https:\/\/www.tupy.com.br\/es\/"},{"@type":"ListItem","position":2,"name":"Innovaci\u00f3n Abierta &#8211; Contacto"}]},{"@type":"WebSite","@id":"https:\/\/www.tupy.com.br\/#website","url":"https:\/\/www.tupy.com.br\/","name":"Tupy","description":"Refer\u00eancia em tecnologia de fundi\u00e7\u00e3o de blocos e cabe\u00e7otes de motor de ferro e usinagem.","potentialAction":[{"@type":"SearchAction","target":{"@type":"EntryPoint","urlTemplate":"https:\/\/www.tupy.com.br\/?s={search_term_string}"},"query-input":{"@type":"PropertyValueSpecification","valueRequired":true,"valueName":"search_term_string"}}],"inLanguage":"es-ES"}]}},"_links":{"self":[{"href":"https:\/\/www.tupy.com.br\/es\/wp-json\/wp\/v2\/pages\/4708","targetHints":{"allow":["GET"]}}],"collection":[{"href":"https:\/\/www.tupy.com.br\/es\/wp-json\/wp\/v2\/pages"}],"about":[{"href":"https:\/\/www.tupy.com.br\/es\/wp-json\/wp\/v2\/types\/page"}],"author":[{"embeddable":true,"href":"https:\/\/www.tupy.com.br\/es\/wp-json\/wp\/v2\/users\/1"}],"replies":[{"embeddable":true,"href":"https:\/\/www.tupy.com.br\/es\/wp-json\/wp\/v2\/comments?post=4708"}],"version-history":[{"count":2,"href":"https:\/\/www.tupy.com.br\/es\/wp-json\/wp\/v2\/pages\/4708\/revisions"}],"predecessor-version":[{"id":4710,"href":"https:\/\/www.tupy.com.br\/es\/wp-json\/wp\/v2\/pages\/4708\/revisions\/4710"}],"wp:attachment":[{"href":"https:\/\/www.tupy.com.br\/es\/wp-json\/wp\/v2\/media?parent=4708"}],"curies":[{"name":"wp","href":"https:\/\/api.w.org\/{rel}","templated":true}]}}