{"id":3680,"date":"2021-09-15T10:56:46","date_gmt":"2021-09-15T13:56:46","guid":{"rendered":"https:\/\/www.tupy.com.br\/?page_id=3680"},"modified":"2021-09-21T15:47:53","modified_gmt":"2021-09-21T18:47:53","slug":"quadrado-redondo-e-retangular","status":"publish","type":"page","link":"https:\/\/www.tupy.com.br\/es\/solucoes\/hidraulica\/quadrado-redondo-e-retangular\/","title":{"rendered":"Cuadrado, redondo y rectangular"},"content":{"rendered":"","protected":false},"excerpt":{"rendered":"","protected":false},"author":1,"featured_media":3683,"parent":3370,"menu_order":42,"comment_status":"closed","ping_status":"closed","template":"page-templates\/solucoes-hidraulica-interna.php","meta":{"footnotes":""},"class_list":["post-3680","page","type-page","status-publish","has-post-thumbnail","hentry"],"yoast_head":"<!-- This site is optimized with the Yoast SEO plugin v27.1.1 - https:\/\/yoast.com\/product\/yoast-seo-wordpress\/ -->\n<title>Cuadrado, redondo y rectangular - Tupy<\/title>\n<meta name=\"robots\" content=\"index, follow, max-snippet:-1, max-image-preview:large, max-video-preview:-1\" \/>\n<link rel=\"canonical\" href=\"https:\/\/www.tupy.com.br\/es\/solucoes\/hidraulica\/quadrado-redondo-e-retangular\/\" \/>\n<meta property=\"og:locale\" content=\"es_ES\" \/>\n<meta property=\"og:type\" content=\"article\" \/>\n<meta property=\"og:title\" content=\"Cuadrado, redondo y rectangular - Tupy\" \/>\n<meta property=\"og:url\" content=\"https:\/\/www.tupy.com.br\/es\/solucoes\/hidraulica\/quadrado-redondo-e-retangular\/\" \/>\n<meta property=\"og:site_name\" content=\"Tupy\" \/>\n<meta property=\"article:modified_time\" content=\"2021-09-21T18:47:53+00:00\" \/>\n<meta property=\"og:image\" content=\"https:\/\/www.tupy.com.br\/wp-content\/uploads\/2021\/06\/img-perfis.jpg\" \/>\n\t<meta property=\"og:image:width\" content=\"580\" \/>\n\t<meta property=\"og:image:height\" content=\"435\" \/>\n\t<meta property=\"og:image:type\" content=\"image\/jpeg\" \/>\n<meta name=\"twitter:card\" content=\"summary_large_image\" \/>\n<script type=\"application\/ld+json\" class=\"yoast-schema-graph\">{\"@context\":\"https:\/\/schema.org\",\"@graph\":[{\"@type\":\"WebPage\",\"@id\":\"https:\/\/www.tupy.com.br\/es\/solucoes\/hidraulica\/quadrado-redondo-e-retangular\/\",\"url\":\"https:\/\/www.tupy.com.br\/es\/solucoes\/hidraulica\/quadrado-redondo-e-retangular\/\",\"name\":\"Cuadrado, redondo y rectangular - Tupy\",\"isPartOf\":{\"@id\":\"https:\/\/www.tupy.com.br\/#website\"},\"primaryImageOfPage\":{\"@id\":\"https:\/\/www.tupy.com.br\/es\/solucoes\/hidraulica\/quadrado-redondo-e-retangular\/#primaryimage\"},\"image\":{\"@id\":\"https:\/\/www.tupy.com.br\/es\/solucoes\/hidraulica\/quadrado-redondo-e-retangular\/#primaryimage\"},\"thumbnailUrl\":\"https:\/\/www.tupy.com.br\/wp-content\/uploads\/2021\/06\/img-perfis.jpg\",\"datePublished\":\"2021-09-15T13:56:46+00:00\",\"dateModified\":\"2021-09-21T18:47:53+00:00\",\"breadcrumb\":{\"@id\":\"https:\/\/www.tupy.com.br\/es\/solucoes\/hidraulica\/quadrado-redondo-e-retangular\/#breadcrumb\"},\"inLanguage\":\"es-ES\",\"potentialAction\":[{\"@type\":\"ReadAction\",\"target\":[\"https:\/\/www.tupy.com.br\/es\/solucoes\/hidraulica\/quadrado-redondo-e-retangular\/\"]}]},{\"@type\":\"ImageObject\",\"inLanguage\":\"es-ES\",\"@id\":\"https:\/\/www.tupy.com.br\/es\/solucoes\/hidraulica\/quadrado-redondo-e-retangular\/#primaryimage\",\"url\":\"https:\/\/www.tupy.com.br\/wp-content\/uploads\/2021\/06\/img-perfis.jpg\",\"contentUrl\":\"https:\/\/www.tupy.com.br\/wp-content\/uploads\/2021\/06\/img-perfis.jpg\",\"width\":580,\"height\":435},{\"@type\":\"BreadcrumbList\",\"@id\":\"https:\/\/www.tupy.com.br\/es\/solucoes\/hidraulica\/quadrado-redondo-e-retangular\/#breadcrumb\",\"itemListElement\":[{\"@type\":\"ListItem\",\"position\":1,\"name\":\"Home\",\"item\":\"https:\/\/www.tupy.com.br\/es\/\"},{\"@type\":\"ListItem\",\"position\":2,\"name\":\"Soluciones\",\"item\":\"https:\/\/www.tupy.com.br\/es\/solucoes\/\"},{\"@type\":\"ListItem\",\"position\":3,\"name\":\"Hidr\u00e1ulica\",\"item\":\"https:\/\/www.tupy.com.br\/es\/solucoes\/hidraulica\/\"},{\"@type\":\"ListItem\",\"position\":4,\"name\":\"Cuadrado, redondo y rectangular\"}]},{\"@type\":\"WebSite\",\"@id\":\"https:\/\/www.tupy.com.br\/#website\",\"url\":\"https:\/\/www.tupy.com.br\/\",\"name\":\"Tupy\",\"description\":\"Refer\u00eancia em tecnologia de fundi\u00e7\u00e3o de blocos e cabe\u00e7otes de motor de ferro e usinagem.\",\"potentialAction\":[{\"@type\":\"SearchAction\",\"target\":{\"@type\":\"EntryPoint\",\"urlTemplate\":\"https:\/\/www.tupy.com.br\/?s={search_term_string}\"},\"query-input\":{\"@type\":\"PropertyValueSpecification\",\"valueRequired\":true,\"valueName\":\"search_term_string\"}}],\"inLanguage\":\"es-ES\"}]}<\/script>\n<!-- \/ Yoast SEO plugin. -->","yoast_head_json":{"title":"Cuadrado, redondo y rectangular - Tupy","robots":{"index":"index","follow":"follow","max-snippet":"max-snippet:-1","max-image-preview":"max-image-preview:large","max-video-preview":"max-video-preview:-1"},"canonical":"https:\/\/www.tupy.com.br\/es\/solucoes\/hidraulica\/quadrado-redondo-e-retangular\/","og_locale":"es_ES","og_type":"article","og_title":"Cuadrado, redondo y rectangular - Tupy","og_url":"https:\/\/www.tupy.com.br\/es\/solucoes\/hidraulica\/quadrado-redondo-e-retangular\/","og_site_name":"Tupy","article_modified_time":"2021-09-21T18:47:53+00:00","og_image":[{"width":580,"height":435,"url":"https:\/\/www.tupy.com.br\/wp-content\/uploads\/2021\/06\/img-perfis.jpg","type":"image\/jpeg"}],"twitter_card":"summary_large_image","schema":{"@context":"https:\/\/schema.org","@graph":[{"@type":"WebPage","@id":"https:\/\/www.tupy.com.br\/es\/solucoes\/hidraulica\/quadrado-redondo-e-retangular\/","url":"https:\/\/www.tupy.com.br\/es\/solucoes\/hidraulica\/quadrado-redondo-e-retangular\/","name":"Cuadrado, redondo y rectangular - Tupy","isPartOf":{"@id":"https:\/\/www.tupy.com.br\/#website"},"primaryImageOfPage":{"@id":"https:\/\/www.tupy.com.br\/es\/solucoes\/hidraulica\/quadrado-redondo-e-retangular\/#primaryimage"},"image":{"@id":"https:\/\/www.tupy.com.br\/es\/solucoes\/hidraulica\/quadrado-redondo-e-retangular\/#primaryimage"},"thumbnailUrl":"https:\/\/www.tupy.com.br\/wp-content\/uploads\/2021\/06\/img-perfis.jpg","datePublished":"2021-09-15T13:56:46+00:00","dateModified":"2021-09-21T18:47:53+00:00","breadcrumb":{"@id":"https:\/\/www.tupy.com.br\/es\/solucoes\/hidraulica\/quadrado-redondo-e-retangular\/#breadcrumb"},"inLanguage":"es-ES","potentialAction":[{"@type":"ReadAction","target":["https:\/\/www.tupy.com.br\/es\/solucoes\/hidraulica\/quadrado-redondo-e-retangular\/"]}]},{"@type":"ImageObject","inLanguage":"es-ES","@id":"https:\/\/www.tupy.com.br\/es\/solucoes\/hidraulica\/quadrado-redondo-e-retangular\/#primaryimage","url":"https:\/\/www.tupy.com.br\/wp-content\/uploads\/2021\/06\/img-perfis.jpg","contentUrl":"https:\/\/www.tupy.com.br\/wp-content\/uploads\/2021\/06\/img-perfis.jpg","width":580,"height":435},{"@type":"BreadcrumbList","@id":"https:\/\/www.tupy.com.br\/es\/solucoes\/hidraulica\/quadrado-redondo-e-retangular\/#breadcrumb","itemListElement":[{"@type":"ListItem","position":1,"name":"Home","item":"https:\/\/www.tupy.com.br\/es\/"},{"@type":"ListItem","position":2,"name":"Soluciones","item":"https:\/\/www.tupy.com.br\/es\/solucoes\/"},{"@type":"ListItem","position":3,"name":"Hidr\u00e1ulica","item":"https:\/\/www.tupy.com.br\/es\/solucoes\/hidraulica\/"},{"@type":"ListItem","position":4,"name":"Cuadrado, redondo y rectangular"}]},{"@type":"WebSite","@id":"https:\/\/www.tupy.com.br\/#website","url":"https:\/\/www.tupy.com.br\/","name":"Tupy","description":"Refer\u00eancia em tecnologia de fundi\u00e7\u00e3o de blocos e cabe\u00e7otes de motor de ferro e usinagem.","potentialAction":[{"@type":"SearchAction","target":{"@type":"EntryPoint","urlTemplate":"https:\/\/www.tupy.com.br\/?s={search_term_string}"},"query-input":{"@type":"PropertyValueSpecification","valueRequired":true,"valueName":"search_term_string"}}],"inLanguage":"es-ES"}]}},"_links":{"self":[{"href":"https:\/\/www.tupy.com.br\/es\/wp-json\/wp\/v2\/pages\/3680","targetHints":{"allow":["GET"]}}],"collection":[{"href":"https:\/\/www.tupy.com.br\/es\/wp-json\/wp\/v2\/pages"}],"about":[{"href":"https:\/\/www.tupy.com.br\/es\/wp-json\/wp\/v2\/types\/page"}],"author":[{"embeddable":true,"href":"https:\/\/www.tupy.com.br\/es\/wp-json\/wp\/v2\/users\/1"}],"replies":[{"embeddable":true,"href":"https:\/\/www.tupy.com.br\/es\/wp-json\/wp\/v2\/comments?post=3680"}],"version-history":[{"count":5,"href":"https:\/\/www.tupy.com.br\/es\/wp-json\/wp\/v2\/pages\/3680\/revisions"}],"predecessor-version":[{"id":4064,"href":"https:\/\/www.tupy.com.br\/es\/wp-json\/wp\/v2\/pages\/3680\/revisions\/4064"}],"up":[{"embeddable":true,"href":"https:\/\/www.tupy.com.br\/es\/wp-json\/wp\/v2\/pages\/3370"}],"wp:featuredmedia":[{"embeddable":true,"href":"https:\/\/www.tupy.com.br\/es\/wp-json\/wp\/v2\/media\/3683"}],"wp:attachment":[{"href":"https:\/\/www.tupy.com.br\/es\/wp-json\/wp\/v2\/media?parent=3680"}],"curies":[{"name":"wp","href":"https:\/\/api.w.org\/{rel}","templated":true}]}}