{"id":3616,"date":"2021-09-14T14:24:25","date_gmt":"2021-09-14T17:24:25","guid":{"rendered":"https:\/\/www.tupy.com.br\/?page_id=3616"},"modified":"2026-03-26T17:18:30","modified_gmt":"2026-03-26T20:18:30","slug":"fornecedores","status":"publish","type":"page","link":"https:\/\/www.tupy.com.br\/es\/fornecedores\/","title":{"rendered":"Proveedores"},"content":{"rendered":"","protected":false},"excerpt":{"rendered":"<p>Tupy es l\u00edder mundial en el desarrollo y fabricaci\u00f3n de componentes estructurales de hierro fundido de alta complejidad geom\u00e9trica y metal\u00fargica, ofreciendo a los clientes soluciones de ingenier\u00eda fruto de la Investigaci\u00f3n y el Desarrollo que cumplen con los m\u00e1s altos est\u00e1ndares de calidad y competitividad. Para ello, tambi\u00e9n desarrollamos nuestra cadena de suministro y buscamos constantemente socios comerciales capaces de proporcionar materiales y servicios con los m\u00e1s estrictos est\u00e1ndares de calidad, innovaci\u00f3n, mejora continua, productividad y competitividad, siguiendo nuestros valores fundamentales de integridad y cumplimiento, generando relaciones comerciales duraderas.<\/p>\n","protected":false},"author":1,"featured_media":2845,"parent":0,"menu_order":69,"comment_status":"closed","ping_status":"closed","template":"page-templates\/fornecedores.php","meta":{"footnotes":""},"class_list":["post-3616","page","type-page","status-publish","has-post-thumbnail","hentry"],"yoast_head":"<!-- This site is optimized with the Yoast SEO plugin v27.1.1 - https:\/\/yoast.com\/product\/yoast-seo-wordpress\/ -->\n<title>Proveedores - Tupy<\/title>\n<meta name=\"robots\" content=\"index, follow, max-snippet:-1, max-image-preview:large, max-video-preview:-1\" \/>\n<link rel=\"canonical\" href=\"https:\/\/www.tupy.com.br\/es\/fornecedores\/\" \/>\n<meta property=\"og:locale\" content=\"es_ES\" \/>\n<meta property=\"og:type\" content=\"article\" \/>\n<meta property=\"og:title\" content=\"Proveedores - Tupy\" \/>\n<meta property=\"og:description\" content=\"Tupy es l\u00edder mundial en el desarrollo y fabricaci\u00f3n de componentes estructurales de hierro fundido de alta complejidad geom\u00e9trica y metal\u00fargica, ofreciendo a los clientes soluciones de ingenier\u00eda fruto de la Investigaci\u00f3n y el Desarrollo que cumplen con los m\u00e1s altos est\u00e1ndares de calidad y competitividad. Para ello, tambi\u00e9n desarrollamos nuestra cadena de suministro y buscamos constantemente socios comerciales capaces de proporcionar materiales y servicios con los m\u00e1s estrictos est\u00e1ndares de calidad, innovaci\u00f3n, mejora continua, productividad y competitividad, siguiendo nuestros valores fundamentales de integridad y cumplimiento, generando relaciones comerciales duraderas.\" \/>\n<meta property=\"og:url\" content=\"https:\/\/www.tupy.com.br\/es\/fornecedores\/\" \/>\n<meta property=\"og:site_name\" content=\"Tupy\" \/>\n<meta property=\"article:modified_time\" content=\"2026-03-26T20:18:30+00:00\" \/>\n<meta property=\"og:image\" content=\"https:\/\/www.tupy.com.br\/wp-content\/uploads\/2021\/05\/img-fornecedores.png\" \/>\n\t<meta property=\"og:image:width\" content=\"600\" \/>\n\t<meta property=\"og:image:height\" content=\"715\" \/>\n\t<meta property=\"og:image:type\" content=\"image\/png\" \/>\n<meta name=\"twitter:card\" content=\"summary_large_image\" \/>\n<meta name=\"twitter:label1\" content=\"Est. reading time\" \/>\n\t<meta name=\"twitter:data1\" content=\"1 minute\" \/>\n<script type=\"application\/ld+json\" class=\"yoast-schema-graph\">{\"@context\":\"https:\/\/schema.org\",\"@graph\":[{\"@type\":\"WebPage\",\"@id\":\"https:\/\/www.tupy.com.br\/es\/fornecedores\/\",\"url\":\"https:\/\/www.tupy.com.br\/es\/fornecedores\/\",\"name\":\"Proveedores - Tupy\",\"isPartOf\":{\"@id\":\"https:\/\/www.tupy.com.br\/#website\"},\"primaryImageOfPage\":{\"@id\":\"https:\/\/www.tupy.com.br\/es\/fornecedores\/#primaryimage\"},\"image\":{\"@id\":\"https:\/\/www.tupy.com.br\/es\/fornecedores\/#primaryimage\"},\"thumbnailUrl\":\"https:\/\/www.tupy.com.br\/wp-content\/uploads\/2021\/05\/img-fornecedores.png\",\"datePublished\":\"2021-09-14T17:24:25+00:00\",\"dateModified\":\"2026-03-26T20:18:30+00:00\",\"breadcrumb\":{\"@id\":\"https:\/\/www.tupy.com.br\/es\/fornecedores\/#breadcrumb\"},\"inLanguage\":\"es-ES\",\"potentialAction\":[{\"@type\":\"ReadAction\",\"target\":[\"https:\/\/www.tupy.com.br\/es\/fornecedores\/\"]}]},{\"@type\":\"ImageObject\",\"inLanguage\":\"es-ES\",\"@id\":\"https:\/\/www.tupy.com.br\/es\/fornecedores\/#primaryimage\",\"url\":\"https:\/\/www.tupy.com.br\/wp-content\/uploads\/2021\/05\/img-fornecedores.png\",\"contentUrl\":\"https:\/\/www.tupy.com.br\/wp-content\/uploads\/2021\/05\/img-fornecedores.png\",\"width\":600,\"height\":715},{\"@type\":\"BreadcrumbList\",\"@id\":\"https:\/\/www.tupy.com.br\/es\/fornecedores\/#breadcrumb\",\"itemListElement\":[{\"@type\":\"ListItem\",\"position\":1,\"name\":\"Home\",\"item\":\"https:\/\/www.tupy.com.br\/es\/\"},{\"@type\":\"ListItem\",\"position\":2,\"name\":\"Proveedores\"}]},{\"@type\":\"WebSite\",\"@id\":\"https:\/\/www.tupy.com.br\/#website\",\"url\":\"https:\/\/www.tupy.com.br\/\",\"name\":\"Tupy\",\"description\":\"Refer\u00eancia em tecnologia de fundi\u00e7\u00e3o de blocos e cabe\u00e7otes de motor de ferro e usinagem.\",\"potentialAction\":[{\"@type\":\"SearchAction\",\"target\":{\"@type\":\"EntryPoint\",\"urlTemplate\":\"https:\/\/www.tupy.com.br\/?s={search_term_string}\"},\"query-input\":{\"@type\":\"PropertyValueSpecification\",\"valueRequired\":true,\"valueName\":\"search_term_string\"}}],\"inLanguage\":\"es-ES\"}]}<\/script>\n<!-- \/ Yoast SEO plugin. -->","yoast_head_json":{"title":"Proveedores - Tupy","robots":{"index":"index","follow":"follow","max-snippet":"max-snippet:-1","max-image-preview":"max-image-preview:large","max-video-preview":"max-video-preview:-1"},"canonical":"https:\/\/www.tupy.com.br\/es\/fornecedores\/","og_locale":"es_ES","og_type":"article","og_title":"Proveedores - Tupy","og_description":"Tupy es l\u00edder mundial en el desarrollo y fabricaci\u00f3n de componentes estructurales de hierro fundido de alta complejidad geom\u00e9trica y metal\u00fargica, ofreciendo a los clientes soluciones de ingenier\u00eda fruto de la Investigaci\u00f3n y el Desarrollo que cumplen con los m\u00e1s altos est\u00e1ndares de calidad y competitividad. Para ello, tambi\u00e9n desarrollamos nuestra cadena de suministro y buscamos constantemente socios comerciales capaces de proporcionar materiales y servicios con los m\u00e1s estrictos est\u00e1ndares de calidad, innovaci\u00f3n, mejora continua, productividad y competitividad, siguiendo nuestros valores fundamentales de integridad y cumplimiento, generando relaciones comerciales duraderas.","og_url":"https:\/\/www.tupy.com.br\/es\/fornecedores\/","og_site_name":"Tupy","article_modified_time":"2026-03-26T20:18:30+00:00","og_image":[{"width":600,"height":715,"url":"https:\/\/www.tupy.com.br\/wp-content\/uploads\/2021\/05\/img-fornecedores.png","type":"image\/png"}],"twitter_card":"summary_large_image","twitter_misc":{"Est. reading time":"1 minute"},"schema":{"@context":"https:\/\/schema.org","@graph":[{"@type":"WebPage","@id":"https:\/\/www.tupy.com.br\/es\/fornecedores\/","url":"https:\/\/www.tupy.com.br\/es\/fornecedores\/","name":"Proveedores - Tupy","isPartOf":{"@id":"https:\/\/www.tupy.com.br\/#website"},"primaryImageOfPage":{"@id":"https:\/\/www.tupy.com.br\/es\/fornecedores\/#primaryimage"},"image":{"@id":"https:\/\/www.tupy.com.br\/es\/fornecedores\/#primaryimage"},"thumbnailUrl":"https:\/\/www.tupy.com.br\/wp-content\/uploads\/2021\/05\/img-fornecedores.png","datePublished":"2021-09-14T17:24:25+00:00","dateModified":"2026-03-26T20:18:30+00:00","breadcrumb":{"@id":"https:\/\/www.tupy.com.br\/es\/fornecedores\/#breadcrumb"},"inLanguage":"es-ES","potentialAction":[{"@type":"ReadAction","target":["https:\/\/www.tupy.com.br\/es\/fornecedores\/"]}]},{"@type":"ImageObject","inLanguage":"es-ES","@id":"https:\/\/www.tupy.com.br\/es\/fornecedores\/#primaryimage","url":"https:\/\/www.tupy.com.br\/wp-content\/uploads\/2021\/05\/img-fornecedores.png","contentUrl":"https:\/\/www.tupy.com.br\/wp-content\/uploads\/2021\/05\/img-fornecedores.png","width":600,"height":715},{"@type":"BreadcrumbList","@id":"https:\/\/www.tupy.com.br\/es\/fornecedores\/#breadcrumb","itemListElement":[{"@type":"ListItem","position":1,"name":"Home","item":"https:\/\/www.tupy.com.br\/es\/"},{"@type":"ListItem","position":2,"name":"Proveedores"}]},{"@type":"WebSite","@id":"https:\/\/www.tupy.com.br\/#website","url":"https:\/\/www.tupy.com.br\/","name":"Tupy","description":"Refer\u00eancia em tecnologia de fundi\u00e7\u00e3o de blocos e cabe\u00e7otes de motor de ferro e usinagem.","potentialAction":[{"@type":"SearchAction","target":{"@type":"EntryPoint","urlTemplate":"https:\/\/www.tupy.com.br\/?s={search_term_string}"},"query-input":{"@type":"PropertyValueSpecification","valueRequired":true,"valueName":"search_term_string"}}],"inLanguage":"es-ES"}]}},"_links":{"self":[{"href":"https:\/\/www.tupy.com.br\/es\/wp-json\/wp\/v2\/pages\/3616","targetHints":{"allow":["GET"]}}],"collection":[{"href":"https:\/\/www.tupy.com.br\/es\/wp-json\/wp\/v2\/pages"}],"about":[{"href":"https:\/\/www.tupy.com.br\/es\/wp-json\/wp\/v2\/types\/page"}],"author":[{"embeddable":true,"href":"https:\/\/www.tupy.com.br\/es\/wp-json\/wp\/v2\/users\/1"}],"replies":[{"embeddable":true,"href":"https:\/\/www.tupy.com.br\/es\/wp-json\/wp\/v2\/comments?post=3616"}],"version-history":[{"count":7,"href":"https:\/\/www.tupy.com.br\/es\/wp-json\/wp\/v2\/pages\/3616\/revisions"}],"predecessor-version":[{"id":7477,"href":"https:\/\/www.tupy.com.br\/es\/wp-json\/wp\/v2\/pages\/3616\/revisions\/7477"}],"wp:featuredmedia":[{"embeddable":true,"href":"https:\/\/www.tupy.com.br\/es\/wp-json\/wp\/v2\/media\/2845"}],"wp:attachment":[{"href":"https:\/\/www.tupy.com.br\/es\/wp-json\/wp\/v2\/media?parent=3616"}],"curies":[{"name":"wp","href":"https:\/\/api.w.org\/{rel}","templated":true}]}}