{"id":3612,"date":"2021-09-14T14:14:15","date_gmt":"2021-09-14T17:14:15","guid":{"rendered":"https:\/\/www.tupy.com.br\/?page_id=3612"},"modified":"2023-11-22T14:29:42","modified_gmt":"2023-11-22T17:29:42","slug":"administrativo","status":"publish","type":"page","link":"https:\/\/www.tupy.com.br\/es\/carreiras\/administrativo\/","title":{"rendered":"Administrativo"},"content":{"rendered":"","protected":false},"excerpt":{"rendered":"<p>Para quem est\u00e1 em busca de uma oportunidade profissional na \u00e1rea administrativa, realizamos contrata\u00e7\u00f5es para as \u00e1reas de Finan\u00e7as, Controladoria, Vendas, Suprimentos, Recursos Humanos, Tecnologia da informa\u00e7\u00e3o, etc.<br \/>\nAs vagas s\u00e3o divulgadas no Linkedin e no site. O processo seletivo acontece online ou presencialmente em nossas unidades.<br \/>\nAceitamos pessoas com defici\u00eancias para todas as oportunidades.<\/p>\n","protected":false},"author":1,"featured_media":0,"parent":3551,"menu_order":62,"comment_status":"closed","ping_status":"closed","template":"page-templates\/carreiras-interna.php","meta":{"_acf_changed":false,"footnotes":""},"class_list":["post-3612","page","type-page","status-publish","hentry"],"acf":[],"yoast_head":"<!-- This site is optimized with the Yoast SEO plugin v27.4 - https:\/\/yoast.com\/product\/yoast-seo-wordpress\/ -->\n<title>Administrativo - Tupy<\/title>\n<meta name=\"robots\" content=\"index, follow, max-snippet:-1, max-image-preview:large, max-video-preview:-1\" \/>\n<link rel=\"canonical\" href=\"https:\/\/www.tupy.com.br\/es\/carreiras\/administrativo\/\" \/>\n<meta property=\"og:locale\" content=\"es_ES\" \/>\n<meta property=\"og:type\" content=\"article\" \/>\n<meta property=\"og:title\" content=\"Administrativo - Tupy\" \/>\n<meta property=\"og:description\" content=\"Para quem est\u00e1 em busca de uma oportunidade profissional na \u00e1rea administrativa, realizamos contrata\u00e7\u00f5es para as \u00e1reas de Finan\u00e7as, Controladoria, Vendas, Suprimentos, Recursos Humanos, Tecnologia da informa\u00e7\u00e3o, etc.  As vagas s\u00e3o divulgadas no Linkedin e no site. O processo seletivo acontece online ou presencialmente em nossas unidades.  Aceitamos pessoas com defici\u00eancias para todas as oportunidades.\" \/>\n<meta property=\"og:url\" content=\"https:\/\/www.tupy.com.br\/es\/carreiras\/administrativo\/\" \/>\n<meta property=\"og:site_name\" content=\"Tupy\" \/>\n<meta property=\"article:modified_time\" content=\"2023-11-22T17:29:42+00:00\" \/>\n<meta name=\"twitter:card\" content=\"summary_large_image\" \/>\n<script type=\"application\/ld+json\" class=\"yoast-schema-graph\">{\"@context\":\"https:\\\/\\\/schema.org\",\"@graph\":[{\"@type\":\"WebPage\",\"@id\":\"https:\\\/\\\/www.tupy.com.br\\\/es\\\/carreiras\\\/administrativo\\\/\",\"url\":\"https:\\\/\\\/www.tupy.com.br\\\/es\\\/carreiras\\\/administrativo\\\/\",\"name\":\"Administrativo - Tupy\",\"isPartOf\":{\"@id\":\"https:\\\/\\\/www.tupy.com.br\\\/#website\"},\"datePublished\":\"2021-09-14T17:14:15+00:00\",\"dateModified\":\"2023-11-22T17:29:42+00:00\",\"breadcrumb\":{\"@id\":\"https:\\\/\\\/www.tupy.com.br\\\/es\\\/carreiras\\\/administrativo\\\/#breadcrumb\"},\"inLanguage\":\"es-ES\",\"potentialAction\":[{\"@type\":\"ReadAction\",\"target\":[\"https:\\\/\\\/www.tupy.com.br\\\/es\\\/carreiras\\\/administrativo\\\/\"]}]},{\"@type\":\"BreadcrumbList\",\"@id\":\"https:\\\/\\\/www.tupy.com.br\\\/es\\\/carreiras\\\/administrativo\\\/#breadcrumb\",\"itemListElement\":[{\"@type\":\"ListItem\",\"position\":1,\"name\":\"Home\",\"item\":\"https:\\\/\\\/www.tupy.com.br\\\/es\\\/\"},{\"@type\":\"ListItem\",\"position\":2,\"name\":\"Carreras\",\"item\":\"https:\\\/\\\/www.tupy.com.br\\\/es\\\/carreiras\\\/\"},{\"@type\":\"ListItem\",\"position\":3,\"name\":\"Administrativo\"}]},{\"@type\":\"WebSite\",\"@id\":\"https:\\\/\\\/www.tupy.com.br\\\/#website\",\"url\":\"https:\\\/\\\/www.tupy.com.br\\\/\",\"name\":\"Tupy\",\"description\":\"Refer\u00eancia em tecnologia de fundi\u00e7\u00e3o de blocos e cabe\u00e7otes de motor de ferro e usinagem.\",\"potentialAction\":[{\"@type\":\"SearchAction\",\"target\":{\"@type\":\"EntryPoint\",\"urlTemplate\":\"https:\\\/\\\/www.tupy.com.br\\\/?s={search_term_string}\"},\"query-input\":{\"@type\":\"PropertyValueSpecification\",\"valueRequired\":true,\"valueName\":\"search_term_string\"}}],\"inLanguage\":\"es-ES\"}]}<\/script>\n<!-- \/ Yoast SEO plugin. -->","yoast_head_json":{"title":"Administrativo - Tupy","robots":{"index":"index","follow":"follow","max-snippet":"max-snippet:-1","max-image-preview":"max-image-preview:large","max-video-preview":"max-video-preview:-1"},"canonical":"https:\/\/www.tupy.com.br\/es\/carreiras\/administrativo\/","og_locale":"es_ES","og_type":"article","og_title":"Administrativo - Tupy","og_description":"Para quem est\u00e1 em busca de uma oportunidade profissional na \u00e1rea administrativa, realizamos contrata\u00e7\u00f5es para as \u00e1reas de Finan\u00e7as, Controladoria, Vendas, Suprimentos, Recursos Humanos, Tecnologia da informa\u00e7\u00e3o, etc.  As vagas s\u00e3o divulgadas no Linkedin e no site. O processo seletivo acontece online ou presencialmente em nossas unidades.  Aceitamos pessoas com defici\u00eancias para todas as oportunidades.","og_url":"https:\/\/www.tupy.com.br\/es\/carreiras\/administrativo\/","og_site_name":"Tupy","article_modified_time":"2023-11-22T17:29:42+00:00","twitter_card":"summary_large_image","schema":{"@context":"https:\/\/schema.org","@graph":[{"@type":"WebPage","@id":"https:\/\/www.tupy.com.br\/es\/carreiras\/administrativo\/","url":"https:\/\/www.tupy.com.br\/es\/carreiras\/administrativo\/","name":"Administrativo - Tupy","isPartOf":{"@id":"https:\/\/www.tupy.com.br\/#website"},"datePublished":"2021-09-14T17:14:15+00:00","dateModified":"2023-11-22T17:29:42+00:00","breadcrumb":{"@id":"https:\/\/www.tupy.com.br\/es\/carreiras\/administrativo\/#breadcrumb"},"inLanguage":"es-ES","potentialAction":[{"@type":"ReadAction","target":["https:\/\/www.tupy.com.br\/es\/carreiras\/administrativo\/"]}]},{"@type":"BreadcrumbList","@id":"https:\/\/www.tupy.com.br\/es\/carreiras\/administrativo\/#breadcrumb","itemListElement":[{"@type":"ListItem","position":1,"name":"Home","item":"https:\/\/www.tupy.com.br\/es\/"},{"@type":"ListItem","position":2,"name":"Carreras","item":"https:\/\/www.tupy.com.br\/es\/carreiras\/"},{"@type":"ListItem","position":3,"name":"Administrativo"}]},{"@type":"WebSite","@id":"https:\/\/www.tupy.com.br\/#website","url":"https:\/\/www.tupy.com.br\/","name":"Tupy","description":"Refer\u00eancia em tecnologia de fundi\u00e7\u00e3o de blocos e cabe\u00e7otes de motor de ferro e usinagem.","potentialAction":[{"@type":"SearchAction","target":{"@type":"EntryPoint","urlTemplate":"https:\/\/www.tupy.com.br\/?s={search_term_string}"},"query-input":{"@type":"PropertyValueSpecification","valueRequired":true,"valueName":"search_term_string"}}],"inLanguage":"es-ES"}]}},"_links":{"self":[{"href":"https:\/\/www.tupy.com.br\/es\/wp-json\/wp\/v2\/pages\/3612","targetHints":{"allow":["GET"]}}],"collection":[{"href":"https:\/\/www.tupy.com.br\/es\/wp-json\/wp\/v2\/pages"}],"about":[{"href":"https:\/\/www.tupy.com.br\/es\/wp-json\/wp\/v2\/types\/page"}],"author":[{"embeddable":true,"href":"https:\/\/www.tupy.com.br\/es\/wp-json\/wp\/v2\/users\/1"}],"replies":[{"embeddable":true,"href":"https:\/\/www.tupy.com.br\/es\/wp-json\/wp\/v2\/comments?post=3612"}],"version-history":[{"count":4,"href":"https:\/\/www.tupy.com.br\/es\/wp-json\/wp\/v2\/pages\/3612\/revisions"}],"predecessor-version":[{"id":6506,"href":"https:\/\/www.tupy.com.br\/es\/wp-json\/wp\/v2\/pages\/3612\/revisions\/6506"}],"up":[{"embeddable":true,"href":"https:\/\/www.tupy.com.br\/es\/wp-json\/wp\/v2\/pages\/3551"}],"wp:attachment":[{"href":"https:\/\/www.tupy.com.br\/es\/wp-json\/wp\/v2\/media?parent=3612"}],"curies":[{"name":"wp","href":"https:\/\/api.w.org\/{rel}","templated":true}]}}