{"id":3551,"date":"2021-09-14T09:37:48","date_gmt":"2021-09-14T12:37:48","guid":{"rendered":"https:\/\/www.tupy.com.br\/?page_id=3551"},"modified":"2024-01-29T10:42:00","modified_gmt":"2024-01-29T13:42:00","slug":"carreiras","status":"publish","type":"page","link":"https:\/\/www.tupy.com.br\/es\/carreiras\/","title":{"rendered":"Carreras"},"content":{"rendered":"","protected":false},"excerpt":{"rendered":"<p>La exitosa trayectoria de Tupy durante ocho d\u00e9cadas se basa en las personas. Valoramos la contribuci\u00f3n de cada talento en la formaci\u00f3n de equipos de alto rendimiento. Somos una empresa con muchas oportunidades de aprendizaje y crecimiento, por lo que queremos que las personas encuentren, aqu\u00ed, un espacio para evolucionar y llevar a cabo sus proyectos. M\u00e1s que eso, tambi\u00e9n queremos que vean el valor de su trabajo como parte de un prop\u00f3sito mayor, con impactos positivos en la sociedad.<\/p>\n","protected":false},"author":1,"featured_media":3554,"parent":0,"menu_order":54,"comment_status":"closed","ping_status":"closed","template":"page-templates\/carreiras.php","meta":{"footnotes":""},"class_list":["post-3551","page","type-page","status-publish","has-post-thumbnail","hentry"],"yoast_head":"<!-- This site is optimized with the Yoast SEO plugin v27.1.1 - https:\/\/yoast.com\/product\/yoast-seo-wordpress\/ -->\n<title>Carreras - Tupy<\/title>\n<meta name=\"robots\" content=\"index, follow, max-snippet:-1, max-image-preview:large, max-video-preview:-1\" \/>\n<link rel=\"canonical\" href=\"https:\/\/www.tupy.com.br\/es\/carreiras\/\" \/>\n<meta property=\"og:locale\" content=\"es_ES\" \/>\n<meta property=\"og:type\" content=\"article\" \/>\n<meta property=\"og:title\" content=\"Carreras - Tupy\" \/>\n<meta property=\"og:description\" content=\"La exitosa trayectoria de Tupy durante ocho d\u00e9cadas se basa en las personas. Valoramos la contribuci\u00f3n de cada talento en la formaci\u00f3n de equipos de alto rendimiento. Somos una empresa con muchas oportunidades de aprendizaje y crecimiento, por lo que queremos que las personas encuentren, aqu\u00ed, un espacio para evolucionar y llevar a cabo sus proyectos. M\u00e1s que eso, tambi\u00e9n queremos que vean el valor de su trabajo como parte de un prop\u00f3sito mayor, con impactos positivos en la sociedad.\" \/>\n<meta property=\"og:url\" content=\"https:\/\/www.tupy.com.br\/es\/carreiras\/\" \/>\n<meta property=\"og:site_name\" content=\"Tupy\" \/>\n<meta property=\"article:modified_time\" content=\"2024-01-29T13:42:00+00:00\" \/>\n<meta property=\"og:image\" content=\"https:\/\/www.tupy.com.br\/wp-content\/uploads\/2021\/05\/img-carreiras.png\" \/>\n\t<meta property=\"og:image:width\" content=\"600\" \/>\n\t<meta property=\"og:image:height\" content=\"715\" \/>\n\t<meta property=\"og:image:type\" content=\"image\/png\" \/>\n<meta name=\"twitter:card\" content=\"summary_large_image\" \/>\n<script type=\"application\/ld+json\" class=\"yoast-schema-graph\">{\"@context\":\"https:\/\/schema.org\",\"@graph\":[{\"@type\":\"WebPage\",\"@id\":\"https:\/\/www.tupy.com.br\/es\/carreiras\/\",\"url\":\"https:\/\/www.tupy.com.br\/es\/carreiras\/\",\"name\":\"Carreras - Tupy\",\"isPartOf\":{\"@id\":\"https:\/\/www.tupy.com.br\/#website\"},\"primaryImageOfPage\":{\"@id\":\"https:\/\/www.tupy.com.br\/es\/carreiras\/#primaryimage\"},\"image\":{\"@id\":\"https:\/\/www.tupy.com.br\/es\/carreiras\/#primaryimage\"},\"thumbnailUrl\":\"https:\/\/www.tupy.com.br\/wp-content\/uploads\/2021\/05\/img-carreiras.png\",\"datePublished\":\"2021-09-14T12:37:48+00:00\",\"dateModified\":\"2024-01-29T13:42:00+00:00\",\"breadcrumb\":{\"@id\":\"https:\/\/www.tupy.com.br\/es\/carreiras\/#breadcrumb\"},\"inLanguage\":\"es-ES\",\"potentialAction\":[{\"@type\":\"ReadAction\",\"target\":[\"https:\/\/www.tupy.com.br\/es\/carreiras\/\"]}]},{\"@type\":\"ImageObject\",\"inLanguage\":\"es-ES\",\"@id\":\"https:\/\/www.tupy.com.br\/es\/carreiras\/#primaryimage\",\"url\":\"https:\/\/www.tupy.com.br\/wp-content\/uploads\/2021\/05\/img-carreiras.png\",\"contentUrl\":\"https:\/\/www.tupy.com.br\/wp-content\/uploads\/2021\/05\/img-carreiras.png\",\"width\":600,\"height\":715},{\"@type\":\"BreadcrumbList\",\"@id\":\"https:\/\/www.tupy.com.br\/es\/carreiras\/#breadcrumb\",\"itemListElement\":[{\"@type\":\"ListItem\",\"position\":1,\"name\":\"Home\",\"item\":\"https:\/\/www.tupy.com.br\/es\/\"},{\"@type\":\"ListItem\",\"position\":2,\"name\":\"Carreras\"}]},{\"@type\":\"WebSite\",\"@id\":\"https:\/\/www.tupy.com.br\/#website\",\"url\":\"https:\/\/www.tupy.com.br\/\",\"name\":\"Tupy\",\"description\":\"Refer\u00eancia em tecnologia de fundi\u00e7\u00e3o de blocos e cabe\u00e7otes de motor de ferro e usinagem.\",\"potentialAction\":[{\"@type\":\"SearchAction\",\"target\":{\"@type\":\"EntryPoint\",\"urlTemplate\":\"https:\/\/www.tupy.com.br\/?s={search_term_string}\"},\"query-input\":{\"@type\":\"PropertyValueSpecification\",\"valueRequired\":true,\"valueName\":\"search_term_string\"}}],\"inLanguage\":\"es-ES\"}]}<\/script>\n<!-- \/ Yoast SEO plugin. -->","yoast_head_json":{"title":"Carreras - Tupy","robots":{"index":"index","follow":"follow","max-snippet":"max-snippet:-1","max-image-preview":"max-image-preview:large","max-video-preview":"max-video-preview:-1"},"canonical":"https:\/\/www.tupy.com.br\/es\/carreiras\/","og_locale":"es_ES","og_type":"article","og_title":"Carreras - Tupy","og_description":"La exitosa trayectoria de Tupy durante ocho d\u00e9cadas se basa en las personas. Valoramos la contribuci\u00f3n de cada talento en la formaci\u00f3n de equipos de alto rendimiento. Somos una empresa con muchas oportunidades de aprendizaje y crecimiento, por lo que queremos que las personas encuentren, aqu\u00ed, un espacio para evolucionar y llevar a cabo sus proyectos. M\u00e1s que eso, tambi\u00e9n queremos que vean el valor de su trabajo como parte de un prop\u00f3sito mayor, con impactos positivos en la sociedad.","og_url":"https:\/\/www.tupy.com.br\/es\/carreiras\/","og_site_name":"Tupy","article_modified_time":"2024-01-29T13:42:00+00:00","og_image":[{"width":600,"height":715,"url":"https:\/\/www.tupy.com.br\/wp-content\/uploads\/2021\/05\/img-carreiras.png","type":"image\/png"}],"twitter_card":"summary_large_image","schema":{"@context":"https:\/\/schema.org","@graph":[{"@type":"WebPage","@id":"https:\/\/www.tupy.com.br\/es\/carreiras\/","url":"https:\/\/www.tupy.com.br\/es\/carreiras\/","name":"Carreras - Tupy","isPartOf":{"@id":"https:\/\/www.tupy.com.br\/#website"},"primaryImageOfPage":{"@id":"https:\/\/www.tupy.com.br\/es\/carreiras\/#primaryimage"},"image":{"@id":"https:\/\/www.tupy.com.br\/es\/carreiras\/#primaryimage"},"thumbnailUrl":"https:\/\/www.tupy.com.br\/wp-content\/uploads\/2021\/05\/img-carreiras.png","datePublished":"2021-09-14T12:37:48+00:00","dateModified":"2024-01-29T13:42:00+00:00","breadcrumb":{"@id":"https:\/\/www.tupy.com.br\/es\/carreiras\/#breadcrumb"},"inLanguage":"es-ES","potentialAction":[{"@type":"ReadAction","target":["https:\/\/www.tupy.com.br\/es\/carreiras\/"]}]},{"@type":"ImageObject","inLanguage":"es-ES","@id":"https:\/\/www.tupy.com.br\/es\/carreiras\/#primaryimage","url":"https:\/\/www.tupy.com.br\/wp-content\/uploads\/2021\/05\/img-carreiras.png","contentUrl":"https:\/\/www.tupy.com.br\/wp-content\/uploads\/2021\/05\/img-carreiras.png","width":600,"height":715},{"@type":"BreadcrumbList","@id":"https:\/\/www.tupy.com.br\/es\/carreiras\/#breadcrumb","itemListElement":[{"@type":"ListItem","position":1,"name":"Home","item":"https:\/\/www.tupy.com.br\/es\/"},{"@type":"ListItem","position":2,"name":"Carreras"}]},{"@type":"WebSite","@id":"https:\/\/www.tupy.com.br\/#website","url":"https:\/\/www.tupy.com.br\/","name":"Tupy","description":"Refer\u00eancia em tecnologia de fundi\u00e7\u00e3o de blocos e cabe\u00e7otes de motor de ferro e usinagem.","potentialAction":[{"@type":"SearchAction","target":{"@type":"EntryPoint","urlTemplate":"https:\/\/www.tupy.com.br\/?s={search_term_string}"},"query-input":{"@type":"PropertyValueSpecification","valueRequired":true,"valueName":"search_term_string"}}],"inLanguage":"es-ES"}]}},"_links":{"self":[{"href":"https:\/\/www.tupy.com.br\/es\/wp-json\/wp\/v2\/pages\/3551","targetHints":{"allow":["GET"]}}],"collection":[{"href":"https:\/\/www.tupy.com.br\/es\/wp-json\/wp\/v2\/pages"}],"about":[{"href":"https:\/\/www.tupy.com.br\/es\/wp-json\/wp\/v2\/types\/page"}],"author":[{"embeddable":true,"href":"https:\/\/www.tupy.com.br\/es\/wp-json\/wp\/v2\/users\/1"}],"replies":[{"embeddable":true,"href":"https:\/\/www.tupy.com.br\/es\/wp-json\/wp\/v2\/comments?post=3551"}],"version-history":[{"count":5,"href":"https:\/\/www.tupy.com.br\/es\/wp-json\/wp\/v2\/pages\/3551\/revisions"}],"predecessor-version":[{"id":6560,"href":"https:\/\/www.tupy.com.br\/es\/wp-json\/wp\/v2\/pages\/3551\/revisions\/6560"}],"wp:featuredmedia":[{"embeddable":true,"href":"https:\/\/www.tupy.com.br\/es\/wp-json\/wp\/v2\/media\/3554"}],"wp:attachment":[{"href":"https:\/\/www.tupy.com.br\/es\/wp-json\/wp\/v2\/media?parent=3551"}],"curies":[{"name":"wp","href":"https:\/\/api.w.org\/{rel}","templated":true}]}}