{"id":3448,"date":"2021-09-13T15:48:42","date_gmt":"2021-09-13T18:48:42","guid":{"rendered":"https:\/\/www.tupy.com.br\/?page_id=3448"},"modified":"2023-03-06T11:17:38","modified_gmt":"2023-03-06T14:17:38","slug":"inovacao-e-tecnologia","status":"publish","type":"page","link":"https:\/\/www.tupy.com.br\/es\/inovacao-e-tecnologia\/","title":{"rendered":"Innovaci\u00f3n y tecnolog\u00eda"},"content":{"rendered":"","protected":false},"excerpt":{"rendered":"<p>La base de conocimientos de Tupy proviene de la metalurgia. Pensar en las propiedades de los metales y su aplicaci\u00f3n en el mercado fue lo que, a lo largo de los a\u00f1os, nos permiti\u00f3 operar en diferentes aplicaciones y segmentos, identificando las necesidades y conect\u00e1ndolas con nuestras capacidades t\u00e9cnicas. Los productos desarrollados por Tupy se personalizan seg\u00fan las necesidades de cada cliente. M\u00e1s que invertir en tecnolog\u00eda, invertimos en la cualificaci\u00f3n y el desarrollo de nuestros empleados.<\/p>\n","protected":false},"author":1,"featured_media":3466,"parent":0,"menu_order":75,"comment_status":"closed","ping_status":"closed","template":"page-templates\/inovacao-e-tecnologia.php","meta":{"_acf_changed":false,"footnotes":""},"class_list":["post-3448","page","type-page","status-publish","has-post-thumbnail","hentry"],"acf":[],"yoast_head":"<!-- This site is optimized with the Yoast SEO plugin v27.4 - https:\/\/yoast.com\/product\/yoast-seo-wordpress\/ -->\n<title>Innovaci\u00f3n y tecnolog\u00eda - Tupy<\/title>\n<meta name=\"robots\" content=\"index, follow, max-snippet:-1, max-image-preview:large, max-video-preview:-1\" \/>\n<link rel=\"canonical\" href=\"https:\/\/www.tupy.com.br\/es\/inovacao-e-tecnologia\/\" \/>\n<meta property=\"og:locale\" content=\"es_ES\" \/>\n<meta property=\"og:type\" content=\"article\" \/>\n<meta property=\"og:title\" content=\"Innovaci\u00f3n y tecnolog\u00eda - Tupy\" \/>\n<meta property=\"og:description\" content=\"La base de conocimientos de Tupy proviene de la metalurgia. Pensar en las propiedades de los metales y su aplicaci\u00f3n en el mercado fue lo que, a lo largo de los a\u00f1os, nos permiti\u00f3 operar en diferentes aplicaciones y segmentos, identificando las necesidades y conect\u00e1ndolas con nuestras capacidades t\u00e9cnicas. Los productos desarrollados por Tupy se personalizan seg\u00fan las necesidades de cada cliente. M\u00e1s que invertir en tecnolog\u00eda, invertimos en la cualificaci\u00f3n y el desarrollo de nuestros empleados.\" \/>\n<meta property=\"og:url\" content=\"https:\/\/www.tupy.com.br\/es\/inovacao-e-tecnologia\/\" \/>\n<meta property=\"og:site_name\" content=\"Tupy\" \/>\n<meta property=\"article:modified_time\" content=\"2023-03-06T14:17:38+00:00\" \/>\n<meta property=\"og:image\" content=\"https:\/\/www.tupy.com.br\/wp-content\/uploads\/2021\/06\/img-inovacao-header.jpg\" \/>\n\t<meta property=\"og:image:width\" content=\"600\" \/>\n\t<meta property=\"og:image:height\" content=\"715\" \/>\n\t<meta property=\"og:image:type\" content=\"image\/jpeg\" \/>\n<meta name=\"twitter:card\" content=\"summary_large_image\" \/>\n<script type=\"application\/ld+json\" class=\"yoast-schema-graph\">{\"@context\":\"https:\\\/\\\/schema.org\",\"@graph\":[{\"@type\":\"WebPage\",\"@id\":\"https:\\\/\\\/www.tupy.com.br\\\/es\\\/inovacao-e-tecnologia\\\/\",\"url\":\"https:\\\/\\\/www.tupy.com.br\\\/es\\\/inovacao-e-tecnologia\\\/\",\"name\":\"Innovaci\u00f3n y tecnolog\u00eda - Tupy\",\"isPartOf\":{\"@id\":\"https:\\\/\\\/www.tupy.com.br\\\/#website\"},\"primaryImageOfPage\":{\"@id\":\"https:\\\/\\\/www.tupy.com.br\\\/es\\\/inovacao-e-tecnologia\\\/#primaryimage\"},\"image\":{\"@id\":\"https:\\\/\\\/www.tupy.com.br\\\/es\\\/inovacao-e-tecnologia\\\/#primaryimage\"},\"thumbnailUrl\":\"https:\\\/\\\/www.tupy.com.br\\\/wp-content\\\/uploads\\\/2021\\\/06\\\/img-inovacao-header.jpg\",\"datePublished\":\"2021-09-13T18:48:42+00:00\",\"dateModified\":\"2023-03-06T14:17:38+00:00\",\"breadcrumb\":{\"@id\":\"https:\\\/\\\/www.tupy.com.br\\\/es\\\/inovacao-e-tecnologia\\\/#breadcrumb\"},\"inLanguage\":\"es-ES\",\"potentialAction\":[{\"@type\":\"ReadAction\",\"target\":[\"https:\\\/\\\/www.tupy.com.br\\\/es\\\/inovacao-e-tecnologia\\\/\"]}]},{\"@type\":\"ImageObject\",\"inLanguage\":\"es-ES\",\"@id\":\"https:\\\/\\\/www.tupy.com.br\\\/es\\\/inovacao-e-tecnologia\\\/#primaryimage\",\"url\":\"https:\\\/\\\/www.tupy.com.br\\\/wp-content\\\/uploads\\\/2021\\\/06\\\/img-inovacao-header.jpg\",\"contentUrl\":\"https:\\\/\\\/www.tupy.com.br\\\/wp-content\\\/uploads\\\/2021\\\/06\\\/img-inovacao-header.jpg\",\"width\":600,\"height\":715},{\"@type\":\"BreadcrumbList\",\"@id\":\"https:\\\/\\\/www.tupy.com.br\\\/es\\\/inovacao-e-tecnologia\\\/#breadcrumb\",\"itemListElement\":[{\"@type\":\"ListItem\",\"position\":1,\"name\":\"Home\",\"item\":\"https:\\\/\\\/www.tupy.com.br\\\/es\\\/\"},{\"@type\":\"ListItem\",\"position\":2,\"name\":\"Innovaci\u00f3n y tecnolog\u00eda\"}]},{\"@type\":\"WebSite\",\"@id\":\"https:\\\/\\\/www.tupy.com.br\\\/#website\",\"url\":\"https:\\\/\\\/www.tupy.com.br\\\/\",\"name\":\"Tupy\",\"description\":\"Refer\u00eancia em tecnologia de fundi\u00e7\u00e3o de blocos e cabe\u00e7otes de motor de ferro e usinagem.\",\"potentialAction\":[{\"@type\":\"SearchAction\",\"target\":{\"@type\":\"EntryPoint\",\"urlTemplate\":\"https:\\\/\\\/www.tupy.com.br\\\/?s={search_term_string}\"},\"query-input\":{\"@type\":\"PropertyValueSpecification\",\"valueRequired\":true,\"valueName\":\"search_term_string\"}}],\"inLanguage\":\"es-ES\"}]}<\/script>\n<!-- \/ Yoast SEO plugin. -->","yoast_head_json":{"title":"Innovaci\u00f3n y tecnolog\u00eda - Tupy","robots":{"index":"index","follow":"follow","max-snippet":"max-snippet:-1","max-image-preview":"max-image-preview:large","max-video-preview":"max-video-preview:-1"},"canonical":"https:\/\/www.tupy.com.br\/es\/inovacao-e-tecnologia\/","og_locale":"es_ES","og_type":"article","og_title":"Innovaci\u00f3n y tecnolog\u00eda - Tupy","og_description":"La base de conocimientos de Tupy proviene de la metalurgia. Pensar en las propiedades de los metales y su aplicaci\u00f3n en el mercado fue lo que, a lo largo de los a\u00f1os, nos permiti\u00f3 operar en diferentes aplicaciones y segmentos, identificando las necesidades y conect\u00e1ndolas con nuestras capacidades t\u00e9cnicas. Los productos desarrollados por Tupy se personalizan seg\u00fan las necesidades de cada cliente. M\u00e1s que invertir en tecnolog\u00eda, invertimos en la cualificaci\u00f3n y el desarrollo de nuestros empleados.","og_url":"https:\/\/www.tupy.com.br\/es\/inovacao-e-tecnologia\/","og_site_name":"Tupy","article_modified_time":"2023-03-06T14:17:38+00:00","og_image":[{"width":600,"height":715,"url":"https:\/\/www.tupy.com.br\/wp-content\/uploads\/2021\/06\/img-inovacao-header.jpg","type":"image\/jpeg"}],"twitter_card":"summary_large_image","schema":{"@context":"https:\/\/schema.org","@graph":[{"@type":"WebPage","@id":"https:\/\/www.tupy.com.br\/es\/inovacao-e-tecnologia\/","url":"https:\/\/www.tupy.com.br\/es\/inovacao-e-tecnologia\/","name":"Innovaci\u00f3n y tecnolog\u00eda - Tupy","isPartOf":{"@id":"https:\/\/www.tupy.com.br\/#website"},"primaryImageOfPage":{"@id":"https:\/\/www.tupy.com.br\/es\/inovacao-e-tecnologia\/#primaryimage"},"image":{"@id":"https:\/\/www.tupy.com.br\/es\/inovacao-e-tecnologia\/#primaryimage"},"thumbnailUrl":"https:\/\/www.tupy.com.br\/wp-content\/uploads\/2021\/06\/img-inovacao-header.jpg","datePublished":"2021-09-13T18:48:42+00:00","dateModified":"2023-03-06T14:17:38+00:00","breadcrumb":{"@id":"https:\/\/www.tupy.com.br\/es\/inovacao-e-tecnologia\/#breadcrumb"},"inLanguage":"es-ES","potentialAction":[{"@type":"ReadAction","target":["https:\/\/www.tupy.com.br\/es\/inovacao-e-tecnologia\/"]}]},{"@type":"ImageObject","inLanguage":"es-ES","@id":"https:\/\/www.tupy.com.br\/es\/inovacao-e-tecnologia\/#primaryimage","url":"https:\/\/www.tupy.com.br\/wp-content\/uploads\/2021\/06\/img-inovacao-header.jpg","contentUrl":"https:\/\/www.tupy.com.br\/wp-content\/uploads\/2021\/06\/img-inovacao-header.jpg","width":600,"height":715},{"@type":"BreadcrumbList","@id":"https:\/\/www.tupy.com.br\/es\/inovacao-e-tecnologia\/#breadcrumb","itemListElement":[{"@type":"ListItem","position":1,"name":"Home","item":"https:\/\/www.tupy.com.br\/es\/"},{"@type":"ListItem","position":2,"name":"Innovaci\u00f3n y tecnolog\u00eda"}]},{"@type":"WebSite","@id":"https:\/\/www.tupy.com.br\/#website","url":"https:\/\/www.tupy.com.br\/","name":"Tupy","description":"Refer\u00eancia em tecnologia de fundi\u00e7\u00e3o de blocos e cabe\u00e7otes de motor de ferro e usinagem.","potentialAction":[{"@type":"SearchAction","target":{"@type":"EntryPoint","urlTemplate":"https:\/\/www.tupy.com.br\/?s={search_term_string}"},"query-input":{"@type":"PropertyValueSpecification","valueRequired":true,"valueName":"search_term_string"}}],"inLanguage":"es-ES"}]}},"_links":{"self":[{"href":"https:\/\/www.tupy.com.br\/es\/wp-json\/wp\/v2\/pages\/3448","targetHints":{"allow":["GET"]}}],"collection":[{"href":"https:\/\/www.tupy.com.br\/es\/wp-json\/wp\/v2\/pages"}],"about":[{"href":"https:\/\/www.tupy.com.br\/es\/wp-json\/wp\/v2\/types\/page"}],"author":[{"embeddable":true,"href":"https:\/\/www.tupy.com.br\/es\/wp-json\/wp\/v2\/users\/1"}],"replies":[{"embeddable":true,"href":"https:\/\/www.tupy.com.br\/es\/wp-json\/wp\/v2\/comments?post=3448"}],"version-history":[{"count":5,"href":"https:\/\/www.tupy.com.br\/es\/wp-json\/wp\/v2\/pages\/3448\/revisions"}],"predecessor-version":[{"id":6038,"href":"https:\/\/www.tupy.com.br\/es\/wp-json\/wp\/v2\/pages\/3448\/revisions\/6038"}],"wp:featuredmedia":[{"embeddable":true,"href":"https:\/\/www.tupy.com.br\/es\/wp-json\/wp\/v2\/media\/3466"}],"wp:attachment":[{"href":"https:\/\/www.tupy.com.br\/es\/wp-json\/wp\/v2\/media?parent=3448"}],"curies":[{"name":"wp","href":"https:\/\/api.w.org\/{rel}","templated":true}]}}