{"id":3416,"date":"2021-09-13T12:01:05","date_gmt":"2021-09-13T15:01:05","guid":{"rendered":"https:\/\/www.tupy.com.br\/?page_id=3416"},"modified":"2023-10-09T16:24:53","modified_gmt":"2023-10-09T19:24:53","slug":"usinagem","status":"publish","type":"page","link":"https:\/\/www.tupy.com.br\/es\/solucoes\/usinagem\/","title":{"rendered":"Mecanizado"},"content":{"rendered":"","protected":false},"excerpt":{"rendered":"<p>Desde 1996, Tupy ofrece piezas totalmente mecanizadas, incluyendo el ensamblaje de componentes, pruebas de estanqueidad, piezas semimecanizadas, mecanizado de prototipos y sistemas de trazabilidad total del producto, desde la primera operaci\u00f3n hasta el producto ensamblado, garantizando mayores niveles de calidad y menores inversiones para el cliente.<\/p>\n<p>Adem\u00e1s de bloques y culatas de motor, mecanizamos una amplia gama de piezas de ingenier\u00eda para el sector de bienes de capital. Nuestras f\u00e1bricas son capaces de mecanizar piezas de una amplia gama de tama\u00f1os y en todas las aleaciones de fundici\u00f3n, independientemente de su grado de mecanizaci\u00f3n.<\/p>\n","protected":false},"author":1,"featured_media":3418,"parent":3347,"menu_order":48,"comment_status":"closed","ping_status":"closed","template":"page-templates\/solucoes-usinagem.php","meta":{"footnotes":""},"class_list":["post-3416","page","type-page","status-publish","has-post-thumbnail","hentry"],"yoast_head":"<!-- This site is optimized with the Yoast SEO plugin v27.1.1 - https:\/\/yoast.com\/product\/yoast-seo-wordpress\/ -->\n<title>Mecanizado - Tupy<\/title>\n<meta name=\"robots\" content=\"index, follow, max-snippet:-1, max-image-preview:large, max-video-preview:-1\" \/>\n<link rel=\"canonical\" href=\"https:\/\/www.tupy.com.br\/es\/solucoes\/usinagem\/\" \/>\n<meta property=\"og:locale\" content=\"es_ES\" \/>\n<meta property=\"og:type\" content=\"article\" \/>\n<meta property=\"og:title\" content=\"Mecanizado - Tupy\" \/>\n<meta property=\"og:description\" content=\"Desde 1996, Tupy ofrece piezas totalmente mecanizadas, incluyendo el ensamblaje de componentes, pruebas de estanqueidad, piezas semimecanizadas, mecanizado de prototipos y sistemas de trazabilidad total del producto, desde la primera operaci\u00f3n hasta el producto ensamblado, garantizando mayores niveles de calidad y menores inversiones para el cliente. Adem\u00e1s de bloques y culatas de motor, mecanizamos una amplia gama de piezas de ingenier\u00eda para el sector de bienes de capital. Nuestras f\u00e1bricas son capaces de mecanizar piezas de una amplia gama de tama\u00f1os y en todas las aleaciones de fundici\u00f3n, independientemente de su grado de mecanizaci\u00f3n.\" \/>\n<meta property=\"og:url\" content=\"https:\/\/www.tupy.com.br\/es\/solucoes\/usinagem\/\" \/>\n<meta property=\"og:site_name\" content=\"Tupy\" \/>\n<meta property=\"article:modified_time\" content=\"2023-10-09T19:24:53+00:00\" \/>\n<meta property=\"og:image\" content=\"https:\/\/www.tupy.com.br\/wp-content\/uploads\/2021\/05\/img-usinagem-header.jpg\" \/>\n\t<meta property=\"og:image:width\" content=\"600\" \/>\n\t<meta property=\"og:image:height\" content=\"715\" \/>\n\t<meta property=\"og:image:type\" content=\"image\/jpeg\" \/>\n<meta name=\"twitter:card\" content=\"summary_large_image\" \/>\n<script type=\"application\/ld+json\" class=\"yoast-schema-graph\">{\"@context\":\"https:\/\/schema.org\",\"@graph\":[{\"@type\":\"WebPage\",\"@id\":\"https:\/\/www.tupy.com.br\/es\/solucoes\/usinagem\/\",\"url\":\"https:\/\/www.tupy.com.br\/es\/solucoes\/usinagem\/\",\"name\":\"Mecanizado - Tupy\",\"isPartOf\":{\"@id\":\"https:\/\/www.tupy.com.br\/#website\"},\"primaryImageOfPage\":{\"@id\":\"https:\/\/www.tupy.com.br\/es\/solucoes\/usinagem\/#primaryimage\"},\"image\":{\"@id\":\"https:\/\/www.tupy.com.br\/es\/solucoes\/usinagem\/#primaryimage\"},\"thumbnailUrl\":\"https:\/\/www.tupy.com.br\/wp-content\/uploads\/2021\/05\/img-usinagem-header.jpg\",\"datePublished\":\"2021-09-13T15:01:05+00:00\",\"dateModified\":\"2023-10-09T19:24:53+00:00\",\"breadcrumb\":{\"@id\":\"https:\/\/www.tupy.com.br\/es\/solucoes\/usinagem\/#breadcrumb\"},\"inLanguage\":\"es-ES\",\"potentialAction\":[{\"@type\":\"ReadAction\",\"target\":[\"https:\/\/www.tupy.com.br\/es\/solucoes\/usinagem\/\"]}]},{\"@type\":\"ImageObject\",\"inLanguage\":\"es-ES\",\"@id\":\"https:\/\/www.tupy.com.br\/es\/solucoes\/usinagem\/#primaryimage\",\"url\":\"https:\/\/www.tupy.com.br\/wp-content\/uploads\/2021\/05\/img-usinagem-header.jpg\",\"contentUrl\":\"https:\/\/www.tupy.com.br\/wp-content\/uploads\/2021\/05\/img-usinagem-header.jpg\",\"width\":600,\"height\":715},{\"@type\":\"BreadcrumbList\",\"@id\":\"https:\/\/www.tupy.com.br\/es\/solucoes\/usinagem\/#breadcrumb\",\"itemListElement\":[{\"@type\":\"ListItem\",\"position\":1,\"name\":\"Home\",\"item\":\"https:\/\/www.tupy.com.br\/es\/\"},{\"@type\":\"ListItem\",\"position\":2,\"name\":\"Soluciones\",\"item\":\"https:\/\/www.tupy.com.br\/es\/solucoes\/\"},{\"@type\":\"ListItem\",\"position\":3,\"name\":\"Mecanizado\"}]},{\"@type\":\"WebSite\",\"@id\":\"https:\/\/www.tupy.com.br\/#website\",\"url\":\"https:\/\/www.tupy.com.br\/\",\"name\":\"Tupy\",\"description\":\"Refer\u00eancia em tecnologia de fundi\u00e7\u00e3o de blocos e cabe\u00e7otes de motor de ferro e usinagem.\",\"potentialAction\":[{\"@type\":\"SearchAction\",\"target\":{\"@type\":\"EntryPoint\",\"urlTemplate\":\"https:\/\/www.tupy.com.br\/?s={search_term_string}\"},\"query-input\":{\"@type\":\"PropertyValueSpecification\",\"valueRequired\":true,\"valueName\":\"search_term_string\"}}],\"inLanguage\":\"es-ES\"}]}<\/script>\n<!-- \/ Yoast SEO plugin. -->","yoast_head_json":{"title":"Mecanizado - Tupy","robots":{"index":"index","follow":"follow","max-snippet":"max-snippet:-1","max-image-preview":"max-image-preview:large","max-video-preview":"max-video-preview:-1"},"canonical":"https:\/\/www.tupy.com.br\/es\/solucoes\/usinagem\/","og_locale":"es_ES","og_type":"article","og_title":"Mecanizado - Tupy","og_description":"Desde 1996, Tupy ofrece piezas totalmente mecanizadas, incluyendo el ensamblaje de componentes, pruebas de estanqueidad, piezas semimecanizadas, mecanizado de prototipos y sistemas de trazabilidad total del producto, desde la primera operaci\u00f3n hasta el producto ensamblado, garantizando mayores niveles de calidad y menores inversiones para el cliente. Adem\u00e1s de bloques y culatas de motor, mecanizamos una amplia gama de piezas de ingenier\u00eda para el sector de bienes de capital. Nuestras f\u00e1bricas son capaces de mecanizar piezas de una amplia gama de tama\u00f1os y en todas las aleaciones de fundici\u00f3n, independientemente de su grado de mecanizaci\u00f3n.","og_url":"https:\/\/www.tupy.com.br\/es\/solucoes\/usinagem\/","og_site_name":"Tupy","article_modified_time":"2023-10-09T19:24:53+00:00","og_image":[{"width":600,"height":715,"url":"https:\/\/www.tupy.com.br\/wp-content\/uploads\/2021\/05\/img-usinagem-header.jpg","type":"image\/jpeg"}],"twitter_card":"summary_large_image","schema":{"@context":"https:\/\/schema.org","@graph":[{"@type":"WebPage","@id":"https:\/\/www.tupy.com.br\/es\/solucoes\/usinagem\/","url":"https:\/\/www.tupy.com.br\/es\/solucoes\/usinagem\/","name":"Mecanizado - Tupy","isPartOf":{"@id":"https:\/\/www.tupy.com.br\/#website"},"primaryImageOfPage":{"@id":"https:\/\/www.tupy.com.br\/es\/solucoes\/usinagem\/#primaryimage"},"image":{"@id":"https:\/\/www.tupy.com.br\/es\/solucoes\/usinagem\/#primaryimage"},"thumbnailUrl":"https:\/\/www.tupy.com.br\/wp-content\/uploads\/2021\/05\/img-usinagem-header.jpg","datePublished":"2021-09-13T15:01:05+00:00","dateModified":"2023-10-09T19:24:53+00:00","breadcrumb":{"@id":"https:\/\/www.tupy.com.br\/es\/solucoes\/usinagem\/#breadcrumb"},"inLanguage":"es-ES","potentialAction":[{"@type":"ReadAction","target":["https:\/\/www.tupy.com.br\/es\/solucoes\/usinagem\/"]}]},{"@type":"ImageObject","inLanguage":"es-ES","@id":"https:\/\/www.tupy.com.br\/es\/solucoes\/usinagem\/#primaryimage","url":"https:\/\/www.tupy.com.br\/wp-content\/uploads\/2021\/05\/img-usinagem-header.jpg","contentUrl":"https:\/\/www.tupy.com.br\/wp-content\/uploads\/2021\/05\/img-usinagem-header.jpg","width":600,"height":715},{"@type":"BreadcrumbList","@id":"https:\/\/www.tupy.com.br\/es\/solucoes\/usinagem\/#breadcrumb","itemListElement":[{"@type":"ListItem","position":1,"name":"Home","item":"https:\/\/www.tupy.com.br\/es\/"},{"@type":"ListItem","position":2,"name":"Soluciones","item":"https:\/\/www.tupy.com.br\/es\/solucoes\/"},{"@type":"ListItem","position":3,"name":"Mecanizado"}]},{"@type":"WebSite","@id":"https:\/\/www.tupy.com.br\/#website","url":"https:\/\/www.tupy.com.br\/","name":"Tupy","description":"Refer\u00eancia em tecnologia de fundi\u00e7\u00e3o de blocos e cabe\u00e7otes de motor de ferro e usinagem.","potentialAction":[{"@type":"SearchAction","target":{"@type":"EntryPoint","urlTemplate":"https:\/\/www.tupy.com.br\/?s={search_term_string}"},"query-input":{"@type":"PropertyValueSpecification","valueRequired":true,"valueName":"search_term_string"}}],"inLanguage":"es-ES"}]}},"_links":{"self":[{"href":"https:\/\/www.tupy.com.br\/es\/wp-json\/wp\/v2\/pages\/3416","targetHints":{"allow":["GET"]}}],"collection":[{"href":"https:\/\/www.tupy.com.br\/es\/wp-json\/wp\/v2\/pages"}],"about":[{"href":"https:\/\/www.tupy.com.br\/es\/wp-json\/wp\/v2\/types\/page"}],"author":[{"embeddable":true,"href":"https:\/\/www.tupy.com.br\/es\/wp-json\/wp\/v2\/users\/1"}],"replies":[{"embeddable":true,"href":"https:\/\/www.tupy.com.br\/es\/wp-json\/wp\/v2\/comments?post=3416"}],"version-history":[{"count":5,"href":"https:\/\/www.tupy.com.br\/es\/wp-json\/wp\/v2\/pages\/3416\/revisions"}],"predecessor-version":[{"id":6427,"href":"https:\/\/www.tupy.com.br\/es\/wp-json\/wp\/v2\/pages\/3416\/revisions\/6427"}],"up":[{"embeddable":true,"href":"https:\/\/www.tupy.com.br\/es\/wp-json\/wp\/v2\/pages\/3347"}],"wp:featuredmedia":[{"embeddable":true,"href":"https:\/\/www.tupy.com.br\/es\/wp-json\/wp\/v2\/media\/3418"}],"wp:attachment":[{"href":"https:\/\/www.tupy.com.br\/es\/wp-json\/wp\/v2\/media?parent=3416"}],"curies":[{"name":"wp","href":"https:\/\/api.w.org\/{rel}","templated":true}]}}