{"id":3370,"date":"2021-09-13T09:49:07","date_gmt":"2021-09-13T12:49:07","guid":{"rendered":"https:\/\/www.tupy.com.br\/?page_id=3370"},"modified":"2022-10-26T09:59:23","modified_gmt":"2022-10-26T12:59:23","slug":"hidraulica","status":"publish","type":"page","link":"https:\/\/www.tupy.com.br\/es\/solucoes\/hidraulica\/","title":{"rendered":"Hidr\u00e1ulica"},"content":{"rendered":"","protected":false},"excerpt":{"rendered":"<p>L\u00edderes del mercado, nuestros productos cuentan con las certificaciones m\u00e1s importantes del sector. Las Conexiones Tupy son altamente d\u00factiles y tenaces, resistentes a los cambios de temperatura y a la corrosi\u00f3n, por lo que son ideales para diversas aplicaciones en grandes obras industriales y comerciales y en una amplia gama de segmentos: construcci\u00f3n civil, saneamiento, riego, petr\u00f3leo y gas. Barras de fundici\u00f3n continua Tupy versa-bar se fabrican bajo un riguroso proceso de control de calidad, garantizando unas caracter\u00edsticas mec\u00e1nicas ideales para diversas aplicaciones.<\/p>\n","protected":false},"author":1,"featured_media":3391,"parent":3347,"menu_order":39,"comment_status":"closed","ping_status":"closed","template":"page-templates\/solucoes-hidraulica.php","meta":{"footnotes":""},"class_list":["post-3370","page","type-page","status-publish","has-post-thumbnail","hentry"],"yoast_head":"<!-- This site is optimized with the Yoast SEO plugin v27.1.1 - https:\/\/yoast.com\/product\/yoast-seo-wordpress\/ -->\n<title>Hidr\u00e1ulica - Tupy<\/title>\n<meta name=\"robots\" content=\"index, follow, max-snippet:-1, max-image-preview:large, max-video-preview:-1\" \/>\n<link rel=\"canonical\" href=\"https:\/\/www.tupy.com.br\/es\/solucoes\/hidraulica\/\" \/>\n<meta property=\"og:locale\" content=\"es_ES\" \/>\n<meta property=\"og:type\" content=\"article\" \/>\n<meta property=\"og:title\" content=\"Hidr\u00e1ulica - Tupy\" \/>\n<meta property=\"og:description\" content=\"L\u00edderes del mercado, nuestros productos cuentan con las certificaciones m\u00e1s importantes del sector. Las Conexiones Tupy son altamente d\u00factiles y tenaces, resistentes a los cambios de temperatura y a la corrosi\u00f3n, por lo que son ideales para diversas aplicaciones en grandes obras industriales y comerciales y en una amplia gama de segmentos: construcci\u00f3n civil, saneamiento, riego, petr\u00f3leo y gas. Barras de fundici\u00f3n continua Tupy versa-bar se fabrican bajo un riguroso proceso de control de calidad, garantizando unas caracter\u00edsticas mec\u00e1nicas ideales para diversas aplicaciones.\" \/>\n<meta property=\"og:url\" content=\"https:\/\/www.tupy.com.br\/es\/solucoes\/hidraulica\/\" \/>\n<meta property=\"og:site_name\" content=\"Tupy\" \/>\n<meta property=\"article:modified_time\" content=\"2022-10-26T12:59:23+00:00\" \/>\n<meta property=\"og:image\" content=\"https:\/\/www.tupy.com.br\/wp-content\/uploads\/2021\/06\/img-hidraulica-header.jpg\" \/>\n\t<meta property=\"og:image:width\" content=\"600\" \/>\n\t<meta property=\"og:image:height\" content=\"715\" \/>\n\t<meta property=\"og:image:type\" content=\"image\/jpeg\" \/>\n<meta name=\"twitter:card\" content=\"summary_large_image\" \/>\n<script type=\"application\/ld+json\" class=\"yoast-schema-graph\">{\"@context\":\"https:\/\/schema.org\",\"@graph\":[{\"@type\":\"WebPage\",\"@id\":\"https:\/\/www.tupy.com.br\/es\/solucoes\/hidraulica\/\",\"url\":\"https:\/\/www.tupy.com.br\/es\/solucoes\/hidraulica\/\",\"name\":\"Hidr\u00e1ulica - Tupy\",\"isPartOf\":{\"@id\":\"https:\/\/www.tupy.com.br\/#website\"},\"primaryImageOfPage\":{\"@id\":\"https:\/\/www.tupy.com.br\/es\/solucoes\/hidraulica\/#primaryimage\"},\"image\":{\"@id\":\"https:\/\/www.tupy.com.br\/es\/solucoes\/hidraulica\/#primaryimage\"},\"thumbnailUrl\":\"https:\/\/www.tupy.com.br\/wp-content\/uploads\/2021\/06\/img-hidraulica-header.jpg\",\"datePublished\":\"2021-09-13T12:49:07+00:00\",\"dateModified\":\"2022-10-26T12:59:23+00:00\",\"breadcrumb\":{\"@id\":\"https:\/\/www.tupy.com.br\/es\/solucoes\/hidraulica\/#breadcrumb\"},\"inLanguage\":\"es-ES\",\"potentialAction\":[{\"@type\":\"ReadAction\",\"target\":[\"https:\/\/www.tupy.com.br\/es\/solucoes\/hidraulica\/\"]}]},{\"@type\":\"ImageObject\",\"inLanguage\":\"es-ES\",\"@id\":\"https:\/\/www.tupy.com.br\/es\/solucoes\/hidraulica\/#primaryimage\",\"url\":\"https:\/\/www.tupy.com.br\/wp-content\/uploads\/2021\/06\/img-hidraulica-header.jpg\",\"contentUrl\":\"https:\/\/www.tupy.com.br\/wp-content\/uploads\/2021\/06\/img-hidraulica-header.jpg\",\"width\":600,\"height\":715},{\"@type\":\"BreadcrumbList\",\"@id\":\"https:\/\/www.tupy.com.br\/es\/solucoes\/hidraulica\/#breadcrumb\",\"itemListElement\":[{\"@type\":\"ListItem\",\"position\":1,\"name\":\"Home\",\"item\":\"https:\/\/www.tupy.com.br\/es\/\"},{\"@type\":\"ListItem\",\"position\":2,\"name\":\"Soluciones\",\"item\":\"https:\/\/www.tupy.com.br\/es\/solucoes\/\"},{\"@type\":\"ListItem\",\"position\":3,\"name\":\"Hidr\u00e1ulica\"}]},{\"@type\":\"WebSite\",\"@id\":\"https:\/\/www.tupy.com.br\/#website\",\"url\":\"https:\/\/www.tupy.com.br\/\",\"name\":\"Tupy\",\"description\":\"Refer\u00eancia em tecnologia de fundi\u00e7\u00e3o de blocos e cabe\u00e7otes de motor de ferro e usinagem.\",\"potentialAction\":[{\"@type\":\"SearchAction\",\"target\":{\"@type\":\"EntryPoint\",\"urlTemplate\":\"https:\/\/www.tupy.com.br\/?s={search_term_string}\"},\"query-input\":{\"@type\":\"PropertyValueSpecification\",\"valueRequired\":true,\"valueName\":\"search_term_string\"}}],\"inLanguage\":\"es-ES\"}]}<\/script>\n<!-- \/ Yoast SEO plugin. -->","yoast_head_json":{"title":"Hidr\u00e1ulica - Tupy","robots":{"index":"index","follow":"follow","max-snippet":"max-snippet:-1","max-image-preview":"max-image-preview:large","max-video-preview":"max-video-preview:-1"},"canonical":"https:\/\/www.tupy.com.br\/es\/solucoes\/hidraulica\/","og_locale":"es_ES","og_type":"article","og_title":"Hidr\u00e1ulica - Tupy","og_description":"L\u00edderes del mercado, nuestros productos cuentan con las certificaciones m\u00e1s importantes del sector. Las Conexiones Tupy son altamente d\u00factiles y tenaces, resistentes a los cambios de temperatura y a la corrosi\u00f3n, por lo que son ideales para diversas aplicaciones en grandes obras industriales y comerciales y en una amplia gama de segmentos: construcci\u00f3n civil, saneamiento, riego, petr\u00f3leo y gas. Barras de fundici\u00f3n continua Tupy versa-bar se fabrican bajo un riguroso proceso de control de calidad, garantizando unas caracter\u00edsticas mec\u00e1nicas ideales para diversas aplicaciones.","og_url":"https:\/\/www.tupy.com.br\/es\/solucoes\/hidraulica\/","og_site_name":"Tupy","article_modified_time":"2022-10-26T12:59:23+00:00","og_image":[{"width":600,"height":715,"url":"https:\/\/www.tupy.com.br\/wp-content\/uploads\/2021\/06\/img-hidraulica-header.jpg","type":"image\/jpeg"}],"twitter_card":"summary_large_image","schema":{"@context":"https:\/\/schema.org","@graph":[{"@type":"WebPage","@id":"https:\/\/www.tupy.com.br\/es\/solucoes\/hidraulica\/","url":"https:\/\/www.tupy.com.br\/es\/solucoes\/hidraulica\/","name":"Hidr\u00e1ulica - Tupy","isPartOf":{"@id":"https:\/\/www.tupy.com.br\/#website"},"primaryImageOfPage":{"@id":"https:\/\/www.tupy.com.br\/es\/solucoes\/hidraulica\/#primaryimage"},"image":{"@id":"https:\/\/www.tupy.com.br\/es\/solucoes\/hidraulica\/#primaryimage"},"thumbnailUrl":"https:\/\/www.tupy.com.br\/wp-content\/uploads\/2021\/06\/img-hidraulica-header.jpg","datePublished":"2021-09-13T12:49:07+00:00","dateModified":"2022-10-26T12:59:23+00:00","breadcrumb":{"@id":"https:\/\/www.tupy.com.br\/es\/solucoes\/hidraulica\/#breadcrumb"},"inLanguage":"es-ES","potentialAction":[{"@type":"ReadAction","target":["https:\/\/www.tupy.com.br\/es\/solucoes\/hidraulica\/"]}]},{"@type":"ImageObject","inLanguage":"es-ES","@id":"https:\/\/www.tupy.com.br\/es\/solucoes\/hidraulica\/#primaryimage","url":"https:\/\/www.tupy.com.br\/wp-content\/uploads\/2021\/06\/img-hidraulica-header.jpg","contentUrl":"https:\/\/www.tupy.com.br\/wp-content\/uploads\/2021\/06\/img-hidraulica-header.jpg","width":600,"height":715},{"@type":"BreadcrumbList","@id":"https:\/\/www.tupy.com.br\/es\/solucoes\/hidraulica\/#breadcrumb","itemListElement":[{"@type":"ListItem","position":1,"name":"Home","item":"https:\/\/www.tupy.com.br\/es\/"},{"@type":"ListItem","position":2,"name":"Soluciones","item":"https:\/\/www.tupy.com.br\/es\/solucoes\/"},{"@type":"ListItem","position":3,"name":"Hidr\u00e1ulica"}]},{"@type":"WebSite","@id":"https:\/\/www.tupy.com.br\/#website","url":"https:\/\/www.tupy.com.br\/","name":"Tupy","description":"Refer\u00eancia em tecnologia de fundi\u00e7\u00e3o de blocos e cabe\u00e7otes de motor de ferro e usinagem.","potentialAction":[{"@type":"SearchAction","target":{"@type":"EntryPoint","urlTemplate":"https:\/\/www.tupy.com.br\/?s={search_term_string}"},"query-input":{"@type":"PropertyValueSpecification","valueRequired":true,"valueName":"search_term_string"}}],"inLanguage":"es-ES"}]}},"_links":{"self":[{"href":"https:\/\/www.tupy.com.br\/es\/wp-json\/wp\/v2\/pages\/3370","targetHints":{"allow":["GET"]}}],"collection":[{"href":"https:\/\/www.tupy.com.br\/es\/wp-json\/wp\/v2\/pages"}],"about":[{"href":"https:\/\/www.tupy.com.br\/es\/wp-json\/wp\/v2\/types\/page"}],"author":[{"embeddable":true,"href":"https:\/\/www.tupy.com.br\/es\/wp-json\/wp\/v2\/users\/1"}],"replies":[{"embeddable":true,"href":"https:\/\/www.tupy.com.br\/es\/wp-json\/wp\/v2\/comments?post=3370"}],"version-history":[{"count":5,"href":"https:\/\/www.tupy.com.br\/es\/wp-json\/wp\/v2\/pages\/3370\/revisions"}],"predecessor-version":[{"id":5679,"href":"https:\/\/www.tupy.com.br\/es\/wp-json\/wp\/v2\/pages\/3370\/revisions\/5679"}],"up":[{"embeddable":true,"href":"https:\/\/www.tupy.com.br\/es\/wp-json\/wp\/v2\/pages\/3347"}],"wp:featuredmedia":[{"embeddable":true,"href":"https:\/\/www.tupy.com.br\/es\/wp-json\/wp\/v2\/media\/3391"}],"wp:attachment":[{"href":"https:\/\/www.tupy.com.br\/es\/wp-json\/wp\/v2\/media?parent=3370"}],"curies":[{"name":"wp","href":"https:\/\/api.w.org\/{rel}","templated":true}]}}