{"id":3346,"date":"2021-09-12T18:23:42","date_gmt":"2021-09-12T21:23:42","guid":{"rendered":"https:\/\/www.tupy.com.br\/?page_id=3346"},"modified":"2021-09-13T09:47:49","modified_gmt":"2021-09-13T12:47:49","slug":"componentes-estruturais-e-pecas-de-engenharia","status":"publish","type":"page","link":"https:\/\/www.tupy.com.br\/es\/solucoes\/componentes-estruturais-e-pecas-de-engenharia\/","title":{"rendered":"Componentes Estructurales"},"content":{"rendered":"","protected":false},"excerpt":{"rendered":"<p>Producimos componentes estructurales de hierro fundido de alta complejidad geom\u00e9trica y metal\u00fargica. Hay cientos de productos desarrollados, junto con los clientes, que satisfacen las necesidades mec\u00e1nicas de cada aplicaci\u00f3n, as\u00ed como los elevados niveles de exigencia de esta industria.<br \/>Nuestros clientes son empresas mundiales, l\u00edderes en sus segmentos, fabricantes de veh\u00edculos, maquinaria y equipos que prestan servicio a los sectores del transporte de mercanc\u00edas, la agricultura, la construcci\u00f3n y las infraestructuras, la miner\u00eda y la generaci\u00f3n de energ\u00eda.<\/p>\n","protected":false},"author":1,"featured_media":3351,"parent":3347,"menu_order":43,"comment_status":"closed","ping_status":"closed","template":"page-templates\/solucoes-componentes.php","meta":{"footnotes":""},"class_list":["post-3346","page","type-page","status-publish","has-post-thumbnail","hentry"],"yoast_head":"<!-- This site is optimized with the Yoast SEO plugin v27.1.1 - https:\/\/yoast.com\/product\/yoast-seo-wordpress\/ -->\n<title>Componentes Estructurales - Tupy<\/title>\n<meta name=\"robots\" content=\"index, follow, max-snippet:-1, max-image-preview:large, max-video-preview:-1\" \/>\n<link rel=\"canonical\" href=\"https:\/\/tupy.com\/solucoes\/componentes-estruturais-e-pecas-de-engenharia\/\" \/>\n<meta property=\"og:locale\" content=\"es_ES\" \/>\n<meta property=\"og:type\" content=\"article\" \/>\n<meta property=\"og:title\" content=\"Componentes Estructurales - Tupy\" \/>\n<meta property=\"og:description\" content=\"Producimos componentes estructurales de hierro fundido de alta complejidad geom\u00e9trica y metal\u00fargica. Hay cientos de productos desarrollados, junto con los clientes, que satisfacen las necesidades mec\u00e1nicas de cada aplicaci\u00f3n, as\u00ed como los elevados niveles de exigencia de esta industria.Nuestros clientes son empresas mundiales, l\u00edderes en sus segmentos, fabricantes de veh\u00edculos, maquinaria y equipos que prestan servicio a los sectores del transporte de mercanc\u00edas, la agricultura, la construcci\u00f3n y las infraestructuras, la miner\u00eda y la generaci\u00f3n de energ\u00eda.\" \/>\n<meta property=\"og:url\" content=\"https:\/\/tupy.com\/solucoes\/componentes-estruturais-e-pecas-de-engenharia\/\" \/>\n<meta property=\"og:site_name\" content=\"Tupy\" \/>\n<meta property=\"article:modified_time\" content=\"2021-09-13T12:47:49+00:00\" \/>\n<meta property=\"og:image\" content=\"https:\/\/tupy.com\/wp-content\/uploads\/2021\/05\/img-componentes-header.jpg\" \/>\n\t<meta property=\"og:image:width\" content=\"600\" \/>\n\t<meta property=\"og:image:height\" content=\"715\" \/>\n\t<meta property=\"og:image:type\" content=\"image\/jpeg\" \/>\n<meta name=\"twitter:card\" content=\"summary_large_image\" \/>\n<script type=\"application\/ld+json\" class=\"yoast-schema-graph\">{\"@context\":\"https:\/\/schema.org\",\"@graph\":[{\"@type\":\"WebPage\",\"@id\":\"https:\/\/tupy.com\/solucoes\/componentes-estruturais-e-pecas-de-engenharia\/\",\"url\":\"https:\/\/tupy.com\/solucoes\/componentes-estruturais-e-pecas-de-engenharia\/\",\"name\":\"Componentes Estructurales - Tupy\",\"isPartOf\":{\"@id\":\"https:\/\/www.tupy.com.br\/#website\"},\"primaryImageOfPage\":{\"@id\":\"https:\/\/tupy.com\/solucoes\/componentes-estruturais-e-pecas-de-engenharia\/#primaryimage\"},\"image\":{\"@id\":\"https:\/\/tupy.com\/solucoes\/componentes-estruturais-e-pecas-de-engenharia\/#primaryimage\"},\"thumbnailUrl\":\"https:\/\/www.tupy.com.br\/wp-content\/uploads\/2021\/05\/img-componentes-header.jpg\",\"datePublished\":\"2021-09-12T21:23:42+00:00\",\"dateModified\":\"2021-09-13T12:47:49+00:00\",\"breadcrumb\":{\"@id\":\"https:\/\/tupy.com\/solucoes\/componentes-estruturais-e-pecas-de-engenharia\/#breadcrumb\"},\"inLanguage\":\"es-ES\",\"potentialAction\":[{\"@type\":\"ReadAction\",\"target\":[\"https:\/\/tupy.com\/solucoes\/componentes-estruturais-e-pecas-de-engenharia\/\"]}]},{\"@type\":\"ImageObject\",\"inLanguage\":\"es-ES\",\"@id\":\"https:\/\/tupy.com\/solucoes\/componentes-estruturais-e-pecas-de-engenharia\/#primaryimage\",\"url\":\"https:\/\/www.tupy.com.br\/wp-content\/uploads\/2021\/05\/img-componentes-header.jpg\",\"contentUrl\":\"https:\/\/www.tupy.com.br\/wp-content\/uploads\/2021\/05\/img-componentes-header.jpg\",\"width\":600,\"height\":715},{\"@type\":\"BreadcrumbList\",\"@id\":\"https:\/\/tupy.com\/solucoes\/componentes-estruturais-e-pecas-de-engenharia\/#breadcrumb\",\"itemListElement\":[{\"@type\":\"ListItem\",\"position\":1,\"name\":\"Home\",\"item\":\"https:\/\/www.tupy.com.br\/es\/\"},{\"@type\":\"ListItem\",\"position\":2,\"name\":\"Soluciones\",\"item\":\"https:\/\/www.tupy.com.br\/es\/solucoes\/\"},{\"@type\":\"ListItem\",\"position\":3,\"name\":\"Componentes Estructurales\"}]},{\"@type\":\"WebSite\",\"@id\":\"https:\/\/www.tupy.com.br\/#website\",\"url\":\"https:\/\/www.tupy.com.br\/\",\"name\":\"Tupy\",\"description\":\"Refer\u00eancia em tecnologia de fundi\u00e7\u00e3o de blocos e cabe\u00e7otes de motor de ferro e usinagem.\",\"potentialAction\":[{\"@type\":\"SearchAction\",\"target\":{\"@type\":\"EntryPoint\",\"urlTemplate\":\"https:\/\/www.tupy.com.br\/?s={search_term_string}\"},\"query-input\":{\"@type\":\"PropertyValueSpecification\",\"valueRequired\":true,\"valueName\":\"search_term_string\"}}],\"inLanguage\":\"es-ES\"}]}<\/script>\n<!-- \/ Yoast SEO plugin. -->","yoast_head_json":{"title":"Componentes Estructurales - Tupy","robots":{"index":"index","follow":"follow","max-snippet":"max-snippet:-1","max-image-preview":"max-image-preview:large","max-video-preview":"max-video-preview:-1"},"canonical":"https:\/\/tupy.com\/solucoes\/componentes-estruturais-e-pecas-de-engenharia\/","og_locale":"es_ES","og_type":"article","og_title":"Componentes Estructurales - Tupy","og_description":"Producimos componentes estructurales de hierro fundido de alta complejidad geom\u00e9trica y metal\u00fargica. Hay cientos de productos desarrollados, junto con los clientes, que satisfacen las necesidades mec\u00e1nicas de cada aplicaci\u00f3n, as\u00ed como los elevados niveles de exigencia de esta industria.Nuestros clientes son empresas mundiales, l\u00edderes en sus segmentos, fabricantes de veh\u00edculos, maquinaria y equipos que prestan servicio a los sectores del transporte de mercanc\u00edas, la agricultura, la construcci\u00f3n y las infraestructuras, la miner\u00eda y la generaci\u00f3n de energ\u00eda.","og_url":"https:\/\/tupy.com\/solucoes\/componentes-estruturais-e-pecas-de-engenharia\/","og_site_name":"Tupy","article_modified_time":"2021-09-13T12:47:49+00:00","og_image":[{"width":600,"height":715,"url":"https:\/\/tupy.com\/wp-content\/uploads\/2021\/05\/img-componentes-header.jpg","type":"image\/jpeg"}],"twitter_card":"summary_large_image","schema":{"@context":"https:\/\/schema.org","@graph":[{"@type":"WebPage","@id":"https:\/\/tupy.com\/solucoes\/componentes-estruturais-e-pecas-de-engenharia\/","url":"https:\/\/tupy.com\/solucoes\/componentes-estruturais-e-pecas-de-engenharia\/","name":"Componentes Estructurales - Tupy","isPartOf":{"@id":"https:\/\/www.tupy.com.br\/#website"},"primaryImageOfPage":{"@id":"https:\/\/tupy.com\/solucoes\/componentes-estruturais-e-pecas-de-engenharia\/#primaryimage"},"image":{"@id":"https:\/\/tupy.com\/solucoes\/componentes-estruturais-e-pecas-de-engenharia\/#primaryimage"},"thumbnailUrl":"https:\/\/www.tupy.com.br\/wp-content\/uploads\/2021\/05\/img-componentes-header.jpg","datePublished":"2021-09-12T21:23:42+00:00","dateModified":"2021-09-13T12:47:49+00:00","breadcrumb":{"@id":"https:\/\/tupy.com\/solucoes\/componentes-estruturais-e-pecas-de-engenharia\/#breadcrumb"},"inLanguage":"es-ES","potentialAction":[{"@type":"ReadAction","target":["https:\/\/tupy.com\/solucoes\/componentes-estruturais-e-pecas-de-engenharia\/"]}]},{"@type":"ImageObject","inLanguage":"es-ES","@id":"https:\/\/tupy.com\/solucoes\/componentes-estruturais-e-pecas-de-engenharia\/#primaryimage","url":"https:\/\/www.tupy.com.br\/wp-content\/uploads\/2021\/05\/img-componentes-header.jpg","contentUrl":"https:\/\/www.tupy.com.br\/wp-content\/uploads\/2021\/05\/img-componentes-header.jpg","width":600,"height":715},{"@type":"BreadcrumbList","@id":"https:\/\/tupy.com\/solucoes\/componentes-estruturais-e-pecas-de-engenharia\/#breadcrumb","itemListElement":[{"@type":"ListItem","position":1,"name":"Home","item":"https:\/\/www.tupy.com.br\/es\/"},{"@type":"ListItem","position":2,"name":"Soluciones","item":"https:\/\/www.tupy.com.br\/es\/solucoes\/"},{"@type":"ListItem","position":3,"name":"Componentes Estructurales"}]},{"@type":"WebSite","@id":"https:\/\/www.tupy.com.br\/#website","url":"https:\/\/www.tupy.com.br\/","name":"Tupy","description":"Refer\u00eancia em tecnologia de fundi\u00e7\u00e3o de blocos e cabe\u00e7otes de motor de ferro e usinagem.","potentialAction":[{"@type":"SearchAction","target":{"@type":"EntryPoint","urlTemplate":"https:\/\/www.tupy.com.br\/?s={search_term_string}"},"query-input":{"@type":"PropertyValueSpecification","valueRequired":true,"valueName":"search_term_string"}}],"inLanguage":"es-ES"}]}},"_links":{"self":[{"href":"https:\/\/www.tupy.com.br\/es\/wp-json\/wp\/v2\/pages\/3346","targetHints":{"allow":["GET"]}}],"collection":[{"href":"https:\/\/www.tupy.com.br\/es\/wp-json\/wp\/v2\/pages"}],"about":[{"href":"https:\/\/www.tupy.com.br\/es\/wp-json\/wp\/v2\/types\/page"}],"author":[{"embeddable":true,"href":"https:\/\/www.tupy.com.br\/es\/wp-json\/wp\/v2\/users\/1"}],"replies":[{"embeddable":true,"href":"https:\/\/www.tupy.com.br\/es\/wp-json\/wp\/v2\/comments?post=3346"}],"version-history":[{"count":5,"href":"https:\/\/www.tupy.com.br\/es\/wp-json\/wp\/v2\/pages\/3346\/revisions"}],"predecessor-version":[{"id":3369,"href":"https:\/\/www.tupy.com.br\/es\/wp-json\/wp\/v2\/pages\/3346\/revisions\/3369"}],"up":[{"embeddable":true,"href":"https:\/\/www.tupy.com.br\/es\/wp-json\/wp\/v2\/pages\/3347"}],"wp:featuredmedia":[{"embeddable":true,"href":"https:\/\/www.tupy.com.br\/es\/wp-json\/wp\/v2\/media\/3351"}],"wp:attachment":[{"href":"https:\/\/www.tupy.com.br\/es\/wp-json\/wp\/v2\/media?parent=3346"}],"curies":[{"name":"wp","href":"https:\/\/api.w.org\/{rel}","templated":true}]}}