{"id":3268,"date":"2021-09-12T13:49:10","date_gmt":"2021-09-12T16:49:10","guid":{"rendered":"https:\/\/www.tupy.com.br\/?page_id=3268"},"modified":"2021-09-12T13:50:23","modified_gmt":"2021-09-12T16:50:23","slug":"infograficos","status":"publish","type":"page","link":"https:\/\/www.tupy.com.br\/es\/imprensa\/infograficos\/","title":{"rendered":"Infograf\u00eda"},"content":{"rendered":"","protected":false},"excerpt":{"rendered":"","protected":false},"author":1,"featured_media":3274,"parent":3018,"menu_order":23,"comment_status":"closed","ping_status":"closed","template":"page-templates\/imprensa-infograficos.php","meta":{"_acf_changed":false,"footnotes":""},"class_list":["post-3268","page","type-page","status-publish","has-post-thumbnail","hentry"],"acf":[],"yoast_head":"<!-- This site is optimized with the Yoast SEO plugin v27.4 - https:\/\/yoast.com\/product\/yoast-seo-wordpress\/ -->\n<title>Infograf\u00eda - Tupy<\/title>\n<meta name=\"robots\" content=\"index, follow, max-snippet:-1, max-image-preview:large, max-video-preview:-1\" \/>\n<link rel=\"canonical\" href=\"https:\/\/www.tupy.com.br\/es\/imprensa\/infograficos\/\" \/>\n<meta property=\"og:locale\" content=\"es_ES\" \/>\n<meta property=\"og:type\" content=\"article\" \/>\n<meta property=\"og:title\" content=\"Infograf\u00eda - Tupy\" \/>\n<meta property=\"og:url\" content=\"https:\/\/www.tupy.com.br\/es\/imprensa\/infograficos\/\" \/>\n<meta property=\"og:site_name\" content=\"Tupy\" \/>\n<meta property=\"article:modified_time\" content=\"2021-09-12T16:50:23+00:00\" \/>\n<meta property=\"og:image\" content=\"https:\/\/www.tupy.com.br\/wp-content\/uploads\/2021\/05\/img-infos.png\" \/>\n\t<meta property=\"og:image:width\" content=\"777\" \/>\n\t<meta property=\"og:image:height\" content=\"715\" \/>\n\t<meta property=\"og:image:type\" content=\"image\/png\" \/>\n<meta name=\"twitter:card\" content=\"summary_large_image\" \/>\n<script type=\"application\/ld+json\" class=\"yoast-schema-graph\">{\"@context\":\"https:\\\/\\\/schema.org\",\"@graph\":[{\"@type\":\"WebPage\",\"@id\":\"https:\\\/\\\/www.tupy.com.br\\\/es\\\/imprensa\\\/infograficos\\\/\",\"url\":\"https:\\\/\\\/www.tupy.com.br\\\/es\\\/imprensa\\\/infograficos\\\/\",\"name\":\"Infograf\u00eda - Tupy\",\"isPartOf\":{\"@id\":\"https:\\\/\\\/www.tupy.com.br\\\/#website\"},\"primaryImageOfPage\":{\"@id\":\"https:\\\/\\\/www.tupy.com.br\\\/es\\\/imprensa\\\/infograficos\\\/#primaryimage\"},\"image\":{\"@id\":\"https:\\\/\\\/www.tupy.com.br\\\/es\\\/imprensa\\\/infograficos\\\/#primaryimage\"},\"thumbnailUrl\":\"https:\\\/\\\/www.tupy.com.br\\\/wp-content\\\/uploads\\\/2021\\\/05\\\/img-infos.png\",\"datePublished\":\"2021-09-12T16:49:10+00:00\",\"dateModified\":\"2021-09-12T16:50:23+00:00\",\"breadcrumb\":{\"@id\":\"https:\\\/\\\/www.tupy.com.br\\\/es\\\/imprensa\\\/infograficos\\\/#breadcrumb\"},\"inLanguage\":\"es-ES\",\"potentialAction\":[{\"@type\":\"ReadAction\",\"target\":[\"https:\\\/\\\/www.tupy.com.br\\\/es\\\/imprensa\\\/infograficos\\\/\"]}]},{\"@type\":\"ImageObject\",\"inLanguage\":\"es-ES\",\"@id\":\"https:\\\/\\\/www.tupy.com.br\\\/es\\\/imprensa\\\/infograficos\\\/#primaryimage\",\"url\":\"https:\\\/\\\/www.tupy.com.br\\\/wp-content\\\/uploads\\\/2021\\\/05\\\/img-infos.png\",\"contentUrl\":\"https:\\\/\\\/www.tupy.com.br\\\/wp-content\\\/uploads\\\/2021\\\/05\\\/img-infos.png\",\"width\":777,\"height\":715},{\"@type\":\"BreadcrumbList\",\"@id\":\"https:\\\/\\\/www.tupy.com.br\\\/es\\\/imprensa\\\/infograficos\\\/#breadcrumb\",\"itemListElement\":[{\"@type\":\"ListItem\",\"position\":1,\"name\":\"Home\",\"item\":\"https:\\\/\\\/www.tupy.com.br\\\/es\\\/\"},{\"@type\":\"ListItem\",\"position\":2,\"name\":\"Prensa\",\"item\":\"https:\\\/\\\/www.tupy.com.br\\\/es\\\/imprensa\\\/\"},{\"@type\":\"ListItem\",\"position\":3,\"name\":\"Infograf\u00eda\"}]},{\"@type\":\"WebSite\",\"@id\":\"https:\\\/\\\/www.tupy.com.br\\\/#website\",\"url\":\"https:\\\/\\\/www.tupy.com.br\\\/\",\"name\":\"Tupy\",\"description\":\"Refer\u00eancia em tecnologia de fundi\u00e7\u00e3o de blocos e cabe\u00e7otes de motor de ferro e usinagem.\",\"potentialAction\":[{\"@type\":\"SearchAction\",\"target\":{\"@type\":\"EntryPoint\",\"urlTemplate\":\"https:\\\/\\\/www.tupy.com.br\\\/?s={search_term_string}\"},\"query-input\":{\"@type\":\"PropertyValueSpecification\",\"valueRequired\":true,\"valueName\":\"search_term_string\"}}],\"inLanguage\":\"es-ES\"}]}<\/script>\n<!-- \/ Yoast SEO plugin. -->","yoast_head_json":{"title":"Infograf\u00eda - Tupy","robots":{"index":"index","follow":"follow","max-snippet":"max-snippet:-1","max-image-preview":"max-image-preview:large","max-video-preview":"max-video-preview:-1"},"canonical":"https:\/\/www.tupy.com.br\/es\/imprensa\/infograficos\/","og_locale":"es_ES","og_type":"article","og_title":"Infograf\u00eda - Tupy","og_url":"https:\/\/www.tupy.com.br\/es\/imprensa\/infograficos\/","og_site_name":"Tupy","article_modified_time":"2021-09-12T16:50:23+00:00","og_image":[{"width":777,"height":715,"url":"https:\/\/www.tupy.com.br\/wp-content\/uploads\/2021\/05\/img-infos.png","type":"image\/png"}],"twitter_card":"summary_large_image","schema":{"@context":"https:\/\/schema.org","@graph":[{"@type":"WebPage","@id":"https:\/\/www.tupy.com.br\/es\/imprensa\/infograficos\/","url":"https:\/\/www.tupy.com.br\/es\/imprensa\/infograficos\/","name":"Infograf\u00eda - Tupy","isPartOf":{"@id":"https:\/\/www.tupy.com.br\/#website"},"primaryImageOfPage":{"@id":"https:\/\/www.tupy.com.br\/es\/imprensa\/infograficos\/#primaryimage"},"image":{"@id":"https:\/\/www.tupy.com.br\/es\/imprensa\/infograficos\/#primaryimage"},"thumbnailUrl":"https:\/\/www.tupy.com.br\/wp-content\/uploads\/2021\/05\/img-infos.png","datePublished":"2021-09-12T16:49:10+00:00","dateModified":"2021-09-12T16:50:23+00:00","breadcrumb":{"@id":"https:\/\/www.tupy.com.br\/es\/imprensa\/infograficos\/#breadcrumb"},"inLanguage":"es-ES","potentialAction":[{"@type":"ReadAction","target":["https:\/\/www.tupy.com.br\/es\/imprensa\/infograficos\/"]}]},{"@type":"ImageObject","inLanguage":"es-ES","@id":"https:\/\/www.tupy.com.br\/es\/imprensa\/infograficos\/#primaryimage","url":"https:\/\/www.tupy.com.br\/wp-content\/uploads\/2021\/05\/img-infos.png","contentUrl":"https:\/\/www.tupy.com.br\/wp-content\/uploads\/2021\/05\/img-infos.png","width":777,"height":715},{"@type":"BreadcrumbList","@id":"https:\/\/www.tupy.com.br\/es\/imprensa\/infograficos\/#breadcrumb","itemListElement":[{"@type":"ListItem","position":1,"name":"Home","item":"https:\/\/www.tupy.com.br\/es\/"},{"@type":"ListItem","position":2,"name":"Prensa","item":"https:\/\/www.tupy.com.br\/es\/imprensa\/"},{"@type":"ListItem","position":3,"name":"Infograf\u00eda"}]},{"@type":"WebSite","@id":"https:\/\/www.tupy.com.br\/#website","url":"https:\/\/www.tupy.com.br\/","name":"Tupy","description":"Refer\u00eancia em tecnologia de fundi\u00e7\u00e3o de blocos e cabe\u00e7otes de motor de ferro e usinagem.","potentialAction":[{"@type":"SearchAction","target":{"@type":"EntryPoint","urlTemplate":"https:\/\/www.tupy.com.br\/?s={search_term_string}"},"query-input":{"@type":"PropertyValueSpecification","valueRequired":true,"valueName":"search_term_string"}}],"inLanguage":"es-ES"}]}},"_links":{"self":[{"href":"https:\/\/www.tupy.com.br\/es\/wp-json\/wp\/v2\/pages\/3268","targetHints":{"allow":["GET"]}}],"collection":[{"href":"https:\/\/www.tupy.com.br\/es\/wp-json\/wp\/v2\/pages"}],"about":[{"href":"https:\/\/www.tupy.com.br\/es\/wp-json\/wp\/v2\/types\/page"}],"author":[{"embeddable":true,"href":"https:\/\/www.tupy.com.br\/es\/wp-json\/wp\/v2\/users\/1"}],"replies":[{"embeddable":true,"href":"https:\/\/www.tupy.com.br\/es\/wp-json\/wp\/v2\/comments?post=3268"}],"version-history":[{"count":3,"href":"https:\/\/www.tupy.com.br\/es\/wp-json\/wp\/v2\/pages\/3268\/revisions"}],"predecessor-version":[{"id":3275,"href":"https:\/\/www.tupy.com.br\/es\/wp-json\/wp\/v2\/pages\/3268\/revisions\/3275"}],"up":[{"embeddable":true,"href":"https:\/\/www.tupy.com.br\/es\/wp-json\/wp\/v2\/pages\/3018"}],"wp:featuredmedia":[{"embeddable":true,"href":"https:\/\/www.tupy.com.br\/es\/wp-json\/wp\/v2\/media\/3274"}],"wp:attachment":[{"href":"https:\/\/www.tupy.com.br\/es\/wp-json\/wp\/v2\/media?parent=3268"}],"curies":[{"name":"wp","href":"https:\/\/api.w.org\/{rel}","templated":true}]}}