{"id":3652,"date":"2021-09-14T15:40:07","date_gmt":"2021-09-14T18:40:07","guid":{"rendered":"https:\/\/www.tupy.com.br\/?page_id=3652"},"modified":"2021-09-14T15:40:16","modified_gmt":"2021-09-14T18:40:16","slug":"noticias","status":"publish","type":"page","link":"https:\/\/www.tupy.com.br\/en\/imprensa\/noticias\/","title":{"rendered":"News"},"content":{"rendered":"","protected":false},"excerpt":{"rendered":"","protected":false},"author":1,"featured_media":2818,"parent":2813,"menu_order":2,"comment_status":"closed","ping_status":"closed","template":"page-templates\/imprensa-noticias.php","meta":{"footnotes":""},"class_list":["post-3652","page","type-page","status-publish","has-post-thumbnail","hentry"],"yoast_head":"<!-- This site is optimized with the Yoast SEO plugin v27.1.1 - https:\/\/yoast.com\/product\/yoast-seo-wordpress\/ -->\n<title>News - Tupy<\/title>\n<meta name=\"robots\" content=\"index, follow, max-snippet:-1, max-image-preview:large, max-video-preview:-1\" \/>\n<link rel=\"canonical\" href=\"https:\/\/www.tupy.com.br\/en\/imprensa\/noticias\/\" \/>\n<meta property=\"og:locale\" content=\"en_US\" \/>\n<meta property=\"og:type\" content=\"article\" \/>\n<meta property=\"og:title\" content=\"News - Tupy\" \/>\n<meta property=\"og:url\" content=\"https:\/\/www.tupy.com.br\/en\/imprensa\/noticias\/\" \/>\n<meta property=\"og:site_name\" content=\"Tupy\" \/>\n<meta property=\"article:modified_time\" content=\"2021-09-14T18:40:16+00:00\" \/>\n<meta property=\"og:image\" content=\"https:\/\/www.tupy.com.br\/wp-content\/uploads\/2021\/06\/img-noticias-header.jpg\" \/>\n\t<meta property=\"og:image:width\" content=\"1000\" \/>\n\t<meta property=\"og:image:height\" content=\"715\" \/>\n\t<meta property=\"og:image:type\" content=\"image\/jpeg\" \/>\n<meta name=\"twitter:card\" content=\"summary_large_image\" \/>\n<script type=\"application\/ld+json\" class=\"yoast-schema-graph\">{\"@context\":\"https:\/\/schema.org\",\"@graph\":[{\"@type\":\"WebPage\",\"@id\":\"https:\/\/www.tupy.com.br\/en\/imprensa\/noticias\/\",\"url\":\"https:\/\/www.tupy.com.br\/en\/imprensa\/noticias\/\",\"name\":\"News - Tupy\",\"isPartOf\":{\"@id\":\"https:\/\/www.tupy.com.br\/en\/#website\"},\"primaryImageOfPage\":{\"@id\":\"https:\/\/www.tupy.com.br\/en\/imprensa\/noticias\/#primaryimage\"},\"image\":{\"@id\":\"https:\/\/www.tupy.com.br\/en\/imprensa\/noticias\/#primaryimage\"},\"thumbnailUrl\":\"https:\/\/www.tupy.com.br\/wp-content\/uploads\/2021\/06\/img-noticias-header.jpg\",\"datePublished\":\"2021-09-14T18:40:07+00:00\",\"dateModified\":\"2021-09-14T18:40:16+00:00\",\"breadcrumb\":{\"@id\":\"https:\/\/www.tupy.com.br\/en\/imprensa\/noticias\/#breadcrumb\"},\"inLanguage\":\"en-US\",\"potentialAction\":[{\"@type\":\"ReadAction\",\"target\":[\"https:\/\/www.tupy.com.br\/en\/imprensa\/noticias\/\"]}]},{\"@type\":\"ImageObject\",\"inLanguage\":\"en-US\",\"@id\":\"https:\/\/www.tupy.com.br\/en\/imprensa\/noticias\/#primaryimage\",\"url\":\"https:\/\/www.tupy.com.br\/wp-content\/uploads\/2021\/06\/img-noticias-header.jpg\",\"contentUrl\":\"https:\/\/www.tupy.com.br\/wp-content\/uploads\/2021\/06\/img-noticias-header.jpg\",\"width\":1000,\"height\":715},{\"@type\":\"BreadcrumbList\",\"@id\":\"https:\/\/www.tupy.com.br\/en\/imprensa\/noticias\/#breadcrumb\",\"itemListElement\":[{\"@type\":\"ListItem\",\"position\":1,\"name\":\"Home\",\"item\":\"https:\/\/www.tupy.com.br\/en\/\"},{\"@type\":\"ListItem\",\"position\":2,\"name\":\"Press\",\"item\":\"https:\/\/www.tupy.com.br\/en\/imprensa\/\"},{\"@type\":\"ListItem\",\"position\":3,\"name\":\"News\"}]},{\"@type\":\"WebSite\",\"@id\":\"https:\/\/www.tupy.com.br\/en\/#website\",\"url\":\"https:\/\/www.tupy.com.br\/en\/\",\"name\":\"Tupy\",\"description\":\"Refer\u00eancia em tecnologia de fundi\u00e7\u00e3o de blocos e cabe\u00e7otes de motor de ferro e usinagem.\",\"potentialAction\":[{\"@type\":\"SearchAction\",\"target\":{\"@type\":\"EntryPoint\",\"urlTemplate\":\"https:\/\/www.tupy.com.br\/en\/?s={search_term_string}\"},\"query-input\":{\"@type\":\"PropertyValueSpecification\",\"valueRequired\":true,\"valueName\":\"search_term_string\"}}],\"inLanguage\":\"en-US\"}]}<\/script>\n<!-- \/ Yoast SEO plugin. -->","yoast_head_json":{"title":"News - Tupy","robots":{"index":"index","follow":"follow","max-snippet":"max-snippet:-1","max-image-preview":"max-image-preview:large","max-video-preview":"max-video-preview:-1"},"canonical":"https:\/\/www.tupy.com.br\/en\/imprensa\/noticias\/","og_locale":"en_US","og_type":"article","og_title":"News - Tupy","og_url":"https:\/\/www.tupy.com.br\/en\/imprensa\/noticias\/","og_site_name":"Tupy","article_modified_time":"2021-09-14T18:40:16+00:00","og_image":[{"width":1000,"height":715,"url":"https:\/\/www.tupy.com.br\/wp-content\/uploads\/2021\/06\/img-noticias-header.jpg","type":"image\/jpeg"}],"twitter_card":"summary_large_image","schema":{"@context":"https:\/\/schema.org","@graph":[{"@type":"WebPage","@id":"https:\/\/www.tupy.com.br\/en\/imprensa\/noticias\/","url":"https:\/\/www.tupy.com.br\/en\/imprensa\/noticias\/","name":"News - Tupy","isPartOf":{"@id":"https:\/\/www.tupy.com.br\/en\/#website"},"primaryImageOfPage":{"@id":"https:\/\/www.tupy.com.br\/en\/imprensa\/noticias\/#primaryimage"},"image":{"@id":"https:\/\/www.tupy.com.br\/en\/imprensa\/noticias\/#primaryimage"},"thumbnailUrl":"https:\/\/www.tupy.com.br\/wp-content\/uploads\/2021\/06\/img-noticias-header.jpg","datePublished":"2021-09-14T18:40:07+00:00","dateModified":"2021-09-14T18:40:16+00:00","breadcrumb":{"@id":"https:\/\/www.tupy.com.br\/en\/imprensa\/noticias\/#breadcrumb"},"inLanguage":"en-US","potentialAction":[{"@type":"ReadAction","target":["https:\/\/www.tupy.com.br\/en\/imprensa\/noticias\/"]}]},{"@type":"ImageObject","inLanguage":"en-US","@id":"https:\/\/www.tupy.com.br\/en\/imprensa\/noticias\/#primaryimage","url":"https:\/\/www.tupy.com.br\/wp-content\/uploads\/2021\/06\/img-noticias-header.jpg","contentUrl":"https:\/\/www.tupy.com.br\/wp-content\/uploads\/2021\/06\/img-noticias-header.jpg","width":1000,"height":715},{"@type":"BreadcrumbList","@id":"https:\/\/www.tupy.com.br\/en\/imprensa\/noticias\/#breadcrumb","itemListElement":[{"@type":"ListItem","position":1,"name":"Home","item":"https:\/\/www.tupy.com.br\/en\/"},{"@type":"ListItem","position":2,"name":"Press","item":"https:\/\/www.tupy.com.br\/en\/imprensa\/"},{"@type":"ListItem","position":3,"name":"News"}]},{"@type":"WebSite","@id":"https:\/\/www.tupy.com.br\/en\/#website","url":"https:\/\/www.tupy.com.br\/en\/","name":"Tupy","description":"Refer\u00eancia em tecnologia de fundi\u00e7\u00e3o de blocos e cabe\u00e7otes de motor de ferro e usinagem.","potentialAction":[{"@type":"SearchAction","target":{"@type":"EntryPoint","urlTemplate":"https:\/\/www.tupy.com.br\/en\/?s={search_term_string}"},"query-input":{"@type":"PropertyValueSpecification","valueRequired":true,"valueName":"search_term_string"}}],"inLanguage":"en-US"}]}},"_links":{"self":[{"href":"https:\/\/www.tupy.com.br\/en\/wp-json\/wp\/v2\/pages\/3652","targetHints":{"allow":["GET"]}}],"collection":[{"href":"https:\/\/www.tupy.com.br\/en\/wp-json\/wp\/v2\/pages"}],"about":[{"href":"https:\/\/www.tupy.com.br\/en\/wp-json\/wp\/v2\/types\/page"}],"author":[{"embeddable":true,"href":"https:\/\/www.tupy.com.br\/en\/wp-json\/wp\/v2\/users\/1"}],"replies":[{"embeddable":true,"href":"https:\/\/www.tupy.com.br\/en\/wp-json\/wp\/v2\/comments?post=3652"}],"version-history":[{"count":2,"href":"https:\/\/www.tupy.com.br\/en\/wp-json\/wp\/v2\/pages\/3652\/revisions"}],"predecessor-version":[{"id":3654,"href":"https:\/\/www.tupy.com.br\/en\/wp-json\/wp\/v2\/pages\/3652\/revisions\/3654"}],"up":[{"embeddable":true,"href":"https:\/\/www.tupy.com.br\/en\/wp-json\/wp\/v2\/pages\/2813"}],"wp:featuredmedia":[{"embeddable":true,"href":"https:\/\/www.tupy.com.br\/en\/wp-json\/wp\/v2\/media\/2818"}],"wp:attachment":[{"href":"https:\/\/www.tupy.com.br\/en\/wp-json\/wp\/v2\/media?parent=3652"}],"curies":[{"name":"wp","href":"https:\/\/api.w.org\/{rel}","templated":true}]}}