{"id":3276,"date":"2021-09-12T13:51:20","date_gmt":"2021-09-12T16:51:20","guid":{"rendered":"https:\/\/www.tupy.com.br\/?page_id=3276"},"modified":"2021-09-12T13:52:20","modified_gmt":"2021-09-12T16:52:20","slug":"responsabilidade-social","status":"publish","type":"page","link":"https:\/\/www.tupy.com.br\/en\/sustentabilidade\/responsabilidade-social\/","title":{"rendered":"Responsabilidade Social"},"content":{"rendered":"<p><strong>Gest\u00e3o: <\/strong>a preocupa\u00e7\u00e3o com o desenvolvimento sustent\u00e1vel est\u00e1 expressa nos valores da Companhia, ao manifestar a preocupa\u00e7\u00e3o com as Pessoas, sua Sa\u00fade e seguran\u00e7a, com o Meio ambiente, a comunidade, prezando sempre pela Integridade. Tudo isso faz parte da cultura da Tupy.<\/p>\n<p>Nosso prop\u00f3sito \u00e9 desenvolver solu\u00e7\u00f5es que contribuam com a melhoria da condi\u00e7\u00e3o de vida das pessoas. O que significa acesso \u00e0 moradia digna, \u00e1gua pot\u00e1vel, saneamento b\u00e1sico, energia, alimentos e diminui\u00e7\u00e3o da desigualdade social. Tudo isso minimizando continuamente o nosso impacto e ampliando cada vez mais o nosso valor para a sociedade.<\/p>\n<p><strong>Ambiental: <\/strong>na cadeia de valor da Tupy, aliamos desenvolvimento econ\u00f4mico \u00e0 preserva\u00e7\u00e3o ambiental. O potencial da nossa contribui\u00e7\u00e3o se d\u00e1 tanto em a\u00e7\u00f5es que mitiguem emiss\u00f5es no processo de produ\u00e7\u00e3o, quanto no desenvolvimento de tecnologias que habilitem a redu\u00e7\u00e3o de emiss\u00e3o de CO2 nos segmentos em que atuamos, al\u00e9m do aprimoramento de frentes de economia circular. O Sistema de Gest\u00e3o Ambiental (SGA) da Empresa, certificado pela ISO 14001 desde 2001, visa a mitiga\u00e7\u00e3o e o controle dos aspectos aplic\u00e1veis ao neg\u00f3cio da Tupy, bem como a melhoria cont\u00ednua dos processos produtivos a fim de minimizar os impactos ambientais.<\/p>\n<p><strong>Social:<\/strong> participamos ativamente em todas as comunidades em que operamos. Queremos que essas comunidades prosperem conosco e vemos a nossa presen\u00e7a como uma oportunidade de contribuir com o desenvolvimento econ\u00f4mico e social da regi\u00e3o, por meio da promo\u00e7\u00e3o de educa\u00e7\u00e3o, gera\u00e7\u00e3o de trabalho e renda, projetos de impacto social, entre outras frentes.<\/p>\n<p><strong>Econ\u00f4mico: <\/strong>os resultados financeiros da Companhia s\u00e3o divulgados trimestralmente e podem ser acompanhados em nosso site de RI. Ao longo de 2020, direcionamos esfor\u00e7os \u00e0 preserva\u00e7\u00e3o da sa\u00fade e seguran\u00e7a das pessoas e do neg\u00f3cio, mantendo uma s\u00f3lida posi\u00e7\u00e3o financeira e o abastecimento dos nossos clientes. Confira mais informa\u00e7\u00f5es no \u00faltimo relat\u00f3rio da Tupy.<\/p>\n<p><strong>Relat\u00f3rios: <\/strong>a Tupy publica relat\u00f3rios anuais para compartilhar com <em>stakeholders <\/em>\u2013 comunidades, colaboradores, clientes, investidores, fornecedores e a sociedade em geral \u2013 os principais destaques da nossa atividade e a\u00e7\u00f5es de sustentabilidade.<\/p>\n","protected":false},"excerpt":{"rendered":"<p>Gest\u00e3o: a preocupa\u00e7\u00e3o com o desenvolvimento sustent\u00e1vel est\u00e1 expressa nos valores da Companhia, ao manifestar a preocupa\u00e7\u00e3o com as Pessoas, sua Sa\u00fade e seguran\u00e7a, com o Meio ambiente, a comunidade, prezando sempre pela Integridade. Tudo isso faz parte da cultura [&hellip;]<\/p>\n","protected":false},"author":1,"featured_media":3283,"parent":2624,"menu_order":32,"comment_status":"closed","ping_status":"closed","template":"page-templates\/sustentabilidade-relatorios.php","meta":{"_acf_changed":false,"footnotes":""},"class_list":["post-3276","page","type-page","status-publish","has-post-thumbnail","hentry"],"acf":[],"yoast_head":"<!-- This site is optimized with the Yoast SEO plugin v27.4 - https:\/\/yoast.com\/product\/yoast-seo-wordpress\/ -->\n<title>Responsabilidade Social - Tupy<\/title>\n<meta name=\"robots\" content=\"index, follow, max-snippet:-1, max-image-preview:large, max-video-preview:-1\" \/>\n<link rel=\"canonical\" href=\"https:\/\/www.tupy.com.br\/en\/sustentabilidade\/responsabilidade-social\/\" \/>\n<meta property=\"og:locale\" content=\"en_US\" \/>\n<meta property=\"og:type\" content=\"article\" \/>\n<meta property=\"og:title\" content=\"Responsabilidade Social - Tupy\" \/>\n<meta property=\"og:description\" content=\"Gest\u00e3o: a preocupa\u00e7\u00e3o com o desenvolvimento sustent\u00e1vel est\u00e1 expressa nos valores da Companhia, ao manifestar a preocupa\u00e7\u00e3o com as Pessoas, sua Sa\u00fade e seguran\u00e7a, com o Meio ambiente, a comunidade, prezando sempre pela Integridade. Tudo isso faz parte da cultura [&hellip;]\" \/>\n<meta property=\"og:url\" content=\"https:\/\/www.tupy.com.br\/en\/sustentabilidade\/responsabilidade-social\/\" \/>\n<meta property=\"og:site_name\" content=\"Tupy\" \/>\n<meta property=\"article:modified_time\" content=\"2021-09-12T16:52:20+00:00\" \/>\n<meta property=\"og:image\" content=\"https:\/\/www.tupy.com.br\/wp-content\/uploads\/2021\/06\/img-responsabilidade-social-header.jpg\" \/>\n\t<meta property=\"og:image:width\" content=\"600\" \/>\n\t<meta property=\"og:image:height\" content=\"715\" \/>\n\t<meta property=\"og:image:type\" content=\"image\/jpeg\" \/>\n<meta name=\"twitter:card\" content=\"summary_large_image\" \/>\n<meta name=\"twitter:label1\" content=\"Est. reading time\" \/>\n\t<meta name=\"twitter:data1\" content=\"2 minutes\" \/>\n<script type=\"application\/ld+json\" class=\"yoast-schema-graph\">{\"@context\":\"https:\\\/\\\/schema.org\",\"@graph\":[{\"@type\":\"WebPage\",\"@id\":\"https:\\\/\\\/www.tupy.com.br\\\/en\\\/sustentabilidade\\\/responsabilidade-social\\\/\",\"url\":\"https:\\\/\\\/www.tupy.com.br\\\/en\\\/sustentabilidade\\\/responsabilidade-social\\\/\",\"name\":\"Responsabilidade Social - Tupy\",\"isPartOf\":{\"@id\":\"https:\\\/\\\/www.tupy.com.br\\\/#website\"},\"primaryImageOfPage\":{\"@id\":\"https:\\\/\\\/www.tupy.com.br\\\/en\\\/sustentabilidade\\\/responsabilidade-social\\\/#primaryimage\"},\"image\":{\"@id\":\"https:\\\/\\\/www.tupy.com.br\\\/en\\\/sustentabilidade\\\/responsabilidade-social\\\/#primaryimage\"},\"thumbnailUrl\":\"https:\\\/\\\/www.tupy.com.br\\\/wp-content\\\/uploads\\\/2021\\\/06\\\/img-responsabilidade-social-header.jpg\",\"datePublished\":\"2021-09-12T16:51:20+00:00\",\"dateModified\":\"2021-09-12T16:52:20+00:00\",\"breadcrumb\":{\"@id\":\"https:\\\/\\\/www.tupy.com.br\\\/en\\\/sustentabilidade\\\/responsabilidade-social\\\/#breadcrumb\"},\"inLanguage\":\"en-US\",\"potentialAction\":[{\"@type\":\"ReadAction\",\"target\":[\"https:\\\/\\\/www.tupy.com.br\\\/en\\\/sustentabilidade\\\/responsabilidade-social\\\/\"]}]},{\"@type\":\"ImageObject\",\"inLanguage\":\"en-US\",\"@id\":\"https:\\\/\\\/www.tupy.com.br\\\/en\\\/sustentabilidade\\\/responsabilidade-social\\\/#primaryimage\",\"url\":\"https:\\\/\\\/www.tupy.com.br\\\/wp-content\\\/uploads\\\/2021\\\/06\\\/img-responsabilidade-social-header.jpg\",\"contentUrl\":\"https:\\\/\\\/www.tupy.com.br\\\/wp-content\\\/uploads\\\/2021\\\/06\\\/img-responsabilidade-social-header.jpg\",\"width\":600,\"height\":715},{\"@type\":\"BreadcrumbList\",\"@id\":\"https:\\\/\\\/www.tupy.com.br\\\/en\\\/sustentabilidade\\\/responsabilidade-social\\\/#breadcrumb\",\"itemListElement\":[{\"@type\":\"ListItem\",\"position\":1,\"name\":\"Home\",\"item\":\"https:\\\/\\\/www.tupy.com.br\\\/en\\\/\"},{\"@type\":\"ListItem\",\"position\":2,\"name\":\"Sustainability\",\"item\":\"https:\\\/\\\/www.tupy.com.br\\\/en\\\/sustentabilidade\\\/\"},{\"@type\":\"ListItem\",\"position\":3,\"name\":\"Responsabilidade Social\"}]},{\"@type\":\"WebSite\",\"@id\":\"https:\\\/\\\/www.tupy.com.br\\\/#website\",\"url\":\"https:\\\/\\\/www.tupy.com.br\\\/\",\"name\":\"Tupy\",\"description\":\"Refer\u00eancia em tecnologia de fundi\u00e7\u00e3o de blocos e cabe\u00e7otes de motor de ferro e usinagem.\",\"potentialAction\":[{\"@type\":\"SearchAction\",\"target\":{\"@type\":\"EntryPoint\",\"urlTemplate\":\"https:\\\/\\\/www.tupy.com.br\\\/?s={search_term_string}\"},\"query-input\":{\"@type\":\"PropertyValueSpecification\",\"valueRequired\":true,\"valueName\":\"search_term_string\"}}],\"inLanguage\":\"en-US\"}]}<\/script>\n<!-- \/ Yoast SEO plugin. -->","yoast_head_json":{"title":"Responsabilidade Social - Tupy","robots":{"index":"index","follow":"follow","max-snippet":"max-snippet:-1","max-image-preview":"max-image-preview:large","max-video-preview":"max-video-preview:-1"},"canonical":"https:\/\/www.tupy.com.br\/en\/sustentabilidade\/responsabilidade-social\/","og_locale":"en_US","og_type":"article","og_title":"Responsabilidade Social - Tupy","og_description":"Gest\u00e3o: a preocupa\u00e7\u00e3o com o desenvolvimento sustent\u00e1vel est\u00e1 expressa nos valores da Companhia, ao manifestar a preocupa\u00e7\u00e3o com as Pessoas, sua Sa\u00fade e seguran\u00e7a, com o Meio ambiente, a comunidade, prezando sempre pela Integridade. Tudo isso faz parte da cultura [&hellip;]","og_url":"https:\/\/www.tupy.com.br\/en\/sustentabilidade\/responsabilidade-social\/","og_site_name":"Tupy","article_modified_time":"2021-09-12T16:52:20+00:00","og_image":[{"width":600,"height":715,"url":"https:\/\/www.tupy.com.br\/wp-content\/uploads\/2021\/06\/img-responsabilidade-social-header.jpg","type":"image\/jpeg"}],"twitter_card":"summary_large_image","twitter_misc":{"Est. reading time":"2 minutes"},"schema":{"@context":"https:\/\/schema.org","@graph":[{"@type":"WebPage","@id":"https:\/\/www.tupy.com.br\/en\/sustentabilidade\/responsabilidade-social\/","url":"https:\/\/www.tupy.com.br\/en\/sustentabilidade\/responsabilidade-social\/","name":"Responsabilidade Social - Tupy","isPartOf":{"@id":"https:\/\/www.tupy.com.br\/#website"},"primaryImageOfPage":{"@id":"https:\/\/www.tupy.com.br\/en\/sustentabilidade\/responsabilidade-social\/#primaryimage"},"image":{"@id":"https:\/\/www.tupy.com.br\/en\/sustentabilidade\/responsabilidade-social\/#primaryimage"},"thumbnailUrl":"https:\/\/www.tupy.com.br\/wp-content\/uploads\/2021\/06\/img-responsabilidade-social-header.jpg","datePublished":"2021-09-12T16:51:20+00:00","dateModified":"2021-09-12T16:52:20+00:00","breadcrumb":{"@id":"https:\/\/www.tupy.com.br\/en\/sustentabilidade\/responsabilidade-social\/#breadcrumb"},"inLanguage":"en-US","potentialAction":[{"@type":"ReadAction","target":["https:\/\/www.tupy.com.br\/en\/sustentabilidade\/responsabilidade-social\/"]}]},{"@type":"ImageObject","inLanguage":"en-US","@id":"https:\/\/www.tupy.com.br\/en\/sustentabilidade\/responsabilidade-social\/#primaryimage","url":"https:\/\/www.tupy.com.br\/wp-content\/uploads\/2021\/06\/img-responsabilidade-social-header.jpg","contentUrl":"https:\/\/www.tupy.com.br\/wp-content\/uploads\/2021\/06\/img-responsabilidade-social-header.jpg","width":600,"height":715},{"@type":"BreadcrumbList","@id":"https:\/\/www.tupy.com.br\/en\/sustentabilidade\/responsabilidade-social\/#breadcrumb","itemListElement":[{"@type":"ListItem","position":1,"name":"Home","item":"https:\/\/www.tupy.com.br\/en\/"},{"@type":"ListItem","position":2,"name":"Sustainability","item":"https:\/\/www.tupy.com.br\/en\/sustentabilidade\/"},{"@type":"ListItem","position":3,"name":"Responsabilidade Social"}]},{"@type":"WebSite","@id":"https:\/\/www.tupy.com.br\/#website","url":"https:\/\/www.tupy.com.br\/","name":"Tupy","description":"Refer\u00eancia em tecnologia de fundi\u00e7\u00e3o de blocos e cabe\u00e7otes de motor de ferro e usinagem.","potentialAction":[{"@type":"SearchAction","target":{"@type":"EntryPoint","urlTemplate":"https:\/\/www.tupy.com.br\/?s={search_term_string}"},"query-input":{"@type":"PropertyValueSpecification","valueRequired":true,"valueName":"search_term_string"}}],"inLanguage":"en-US"}]}},"_links":{"self":[{"href":"https:\/\/www.tupy.com.br\/en\/wp-json\/wp\/v2\/pages\/3276","targetHints":{"allow":["GET"]}}],"collection":[{"href":"https:\/\/www.tupy.com.br\/en\/wp-json\/wp\/v2\/pages"}],"about":[{"href":"https:\/\/www.tupy.com.br\/en\/wp-json\/wp\/v2\/types\/page"}],"author":[{"embeddable":true,"href":"https:\/\/www.tupy.com.br\/en\/wp-json\/wp\/v2\/users\/1"}],"replies":[{"embeddable":true,"href":"https:\/\/www.tupy.com.br\/en\/wp-json\/wp\/v2\/comments?post=3276"}],"version-history":[{"count":2,"href":"https:\/\/www.tupy.com.br\/en\/wp-json\/wp\/v2\/pages\/3276\/revisions"}],"predecessor-version":[{"id":3284,"href":"https:\/\/www.tupy.com.br\/en\/wp-json\/wp\/v2\/pages\/3276\/revisions\/3284"}],"up":[{"embeddable":true,"href":"https:\/\/www.tupy.com.br\/en\/wp-json\/wp\/v2\/pages\/2624"}],"wp:featuredmedia":[{"embeddable":true,"href":"https:\/\/www.tupy.com.br\/en\/wp-json\/wp\/v2\/media\/3283"}],"wp:attachment":[{"href":"https:\/\/www.tupy.com.br\/en\/wp-json\/wp\/v2\/media?parent=3276"}],"curies":[{"name":"wp","href":"https:\/\/api.w.org\/{rel}","templated":true}]}}