{"id":3267,"date":"2021-09-12T13:46:31","date_gmt":"2021-09-12T16:46:31","guid":{"rendered":"https:\/\/www.tupy.com.br\/?page_id=3267"},"modified":"2021-09-12T13:48:57","modified_gmt":"2021-09-12T16:48:57","slug":"infographics","status":"publish","type":"page","link":"https:\/\/www.tupy.com.br\/en\/imprensa\/infographics\/","title":{"rendered":"Infographics"},"content":{"rendered":"","protected":false},"excerpt":{"rendered":"","protected":false},"author":1,"featured_media":3270,"parent":2813,"menu_order":24,"comment_status":"closed","ping_status":"closed","template":"page-templates\/imprensa-infograficos.php","meta":{"_acf_changed":false,"footnotes":""},"class_list":["post-3267","page","type-page","status-publish","has-post-thumbnail","hentry"],"acf":[],"yoast_head":"<!-- This site is optimized with the Yoast SEO plugin v27.4 - https:\/\/yoast.com\/product\/yoast-seo-wordpress\/ -->\n<title>Infographics - Tupy<\/title>\n<meta name=\"robots\" content=\"index, follow, max-snippet:-1, max-image-preview:large, max-video-preview:-1\" \/>\n<link rel=\"canonical\" href=\"https:\/\/www.tupy.com.br\/en\/imprensa\/infographics\/\" \/>\n<meta property=\"og:locale\" content=\"en_US\" \/>\n<meta property=\"og:type\" content=\"article\" \/>\n<meta property=\"og:title\" content=\"Infographics - Tupy\" \/>\n<meta property=\"og:url\" content=\"https:\/\/www.tupy.com.br\/en\/imprensa\/infographics\/\" \/>\n<meta property=\"og:site_name\" content=\"Tupy\" \/>\n<meta property=\"article:modified_time\" content=\"2021-09-12T16:48:57+00:00\" \/>\n<meta property=\"og:image\" content=\"https:\/\/www.tupy.com.br\/wp-content\/uploads\/2021\/05\/img-infos.png\" \/>\n\t<meta property=\"og:image:width\" content=\"777\" \/>\n\t<meta property=\"og:image:height\" content=\"715\" \/>\n\t<meta property=\"og:image:type\" content=\"image\/png\" \/>\n<meta name=\"twitter:card\" content=\"summary_large_image\" \/>\n<script type=\"application\/ld+json\" class=\"yoast-schema-graph\">{\"@context\":\"https:\\\/\\\/schema.org\",\"@graph\":[{\"@type\":\"WebPage\",\"@id\":\"https:\\\/\\\/www.tupy.com.br\\\/en\\\/imprensa\\\/infographics\\\/\",\"url\":\"https:\\\/\\\/www.tupy.com.br\\\/en\\\/imprensa\\\/infographics\\\/\",\"name\":\"Infographics - Tupy\",\"isPartOf\":{\"@id\":\"https:\\\/\\\/www.tupy.com.br\\\/#website\"},\"primaryImageOfPage\":{\"@id\":\"https:\\\/\\\/www.tupy.com.br\\\/en\\\/imprensa\\\/infographics\\\/#primaryimage\"},\"image\":{\"@id\":\"https:\\\/\\\/www.tupy.com.br\\\/en\\\/imprensa\\\/infographics\\\/#primaryimage\"},\"thumbnailUrl\":\"https:\\\/\\\/www.tupy.com.br\\\/wp-content\\\/uploads\\\/2021\\\/05\\\/img-infos.png\",\"datePublished\":\"2021-09-12T16:46:31+00:00\",\"dateModified\":\"2021-09-12T16:48:57+00:00\",\"breadcrumb\":{\"@id\":\"https:\\\/\\\/www.tupy.com.br\\\/en\\\/imprensa\\\/infographics\\\/#breadcrumb\"},\"inLanguage\":\"en-US\",\"potentialAction\":[{\"@type\":\"ReadAction\",\"target\":[\"https:\\\/\\\/www.tupy.com.br\\\/en\\\/imprensa\\\/infographics\\\/\"]}]},{\"@type\":\"ImageObject\",\"inLanguage\":\"en-US\",\"@id\":\"https:\\\/\\\/www.tupy.com.br\\\/en\\\/imprensa\\\/infographics\\\/#primaryimage\",\"url\":\"https:\\\/\\\/www.tupy.com.br\\\/wp-content\\\/uploads\\\/2021\\\/05\\\/img-infos.png\",\"contentUrl\":\"https:\\\/\\\/www.tupy.com.br\\\/wp-content\\\/uploads\\\/2021\\\/05\\\/img-infos.png\",\"width\":777,\"height\":715},{\"@type\":\"BreadcrumbList\",\"@id\":\"https:\\\/\\\/www.tupy.com.br\\\/en\\\/imprensa\\\/infographics\\\/#breadcrumb\",\"itemListElement\":[{\"@type\":\"ListItem\",\"position\":1,\"name\":\"Home\",\"item\":\"https:\\\/\\\/www.tupy.com.br\\\/en\\\/\"},{\"@type\":\"ListItem\",\"position\":2,\"name\":\"Press\",\"item\":\"https:\\\/\\\/www.tupy.com.br\\\/en\\\/imprensa\\\/\"},{\"@type\":\"ListItem\",\"position\":3,\"name\":\"Infographics\"}]},{\"@type\":\"WebSite\",\"@id\":\"https:\\\/\\\/www.tupy.com.br\\\/#website\",\"url\":\"https:\\\/\\\/www.tupy.com.br\\\/\",\"name\":\"Tupy\",\"description\":\"Refer\u00eancia em tecnologia de fundi\u00e7\u00e3o de blocos e cabe\u00e7otes de motor de ferro e usinagem.\",\"potentialAction\":[{\"@type\":\"SearchAction\",\"target\":{\"@type\":\"EntryPoint\",\"urlTemplate\":\"https:\\\/\\\/www.tupy.com.br\\\/?s={search_term_string}\"},\"query-input\":{\"@type\":\"PropertyValueSpecification\",\"valueRequired\":true,\"valueName\":\"search_term_string\"}}],\"inLanguage\":\"en-US\"}]}<\/script>\n<!-- \/ Yoast SEO plugin. -->","yoast_head_json":{"title":"Infographics - Tupy","robots":{"index":"index","follow":"follow","max-snippet":"max-snippet:-1","max-image-preview":"max-image-preview:large","max-video-preview":"max-video-preview:-1"},"canonical":"https:\/\/www.tupy.com.br\/en\/imprensa\/infographics\/","og_locale":"en_US","og_type":"article","og_title":"Infographics - Tupy","og_url":"https:\/\/www.tupy.com.br\/en\/imprensa\/infographics\/","og_site_name":"Tupy","article_modified_time":"2021-09-12T16:48:57+00:00","og_image":[{"width":777,"height":715,"url":"https:\/\/www.tupy.com.br\/wp-content\/uploads\/2021\/05\/img-infos.png","type":"image\/png"}],"twitter_card":"summary_large_image","schema":{"@context":"https:\/\/schema.org","@graph":[{"@type":"WebPage","@id":"https:\/\/www.tupy.com.br\/en\/imprensa\/infographics\/","url":"https:\/\/www.tupy.com.br\/en\/imprensa\/infographics\/","name":"Infographics - Tupy","isPartOf":{"@id":"https:\/\/www.tupy.com.br\/#website"},"primaryImageOfPage":{"@id":"https:\/\/www.tupy.com.br\/en\/imprensa\/infographics\/#primaryimage"},"image":{"@id":"https:\/\/www.tupy.com.br\/en\/imprensa\/infographics\/#primaryimage"},"thumbnailUrl":"https:\/\/www.tupy.com.br\/wp-content\/uploads\/2021\/05\/img-infos.png","datePublished":"2021-09-12T16:46:31+00:00","dateModified":"2021-09-12T16:48:57+00:00","breadcrumb":{"@id":"https:\/\/www.tupy.com.br\/en\/imprensa\/infographics\/#breadcrumb"},"inLanguage":"en-US","potentialAction":[{"@type":"ReadAction","target":["https:\/\/www.tupy.com.br\/en\/imprensa\/infographics\/"]}]},{"@type":"ImageObject","inLanguage":"en-US","@id":"https:\/\/www.tupy.com.br\/en\/imprensa\/infographics\/#primaryimage","url":"https:\/\/www.tupy.com.br\/wp-content\/uploads\/2021\/05\/img-infos.png","contentUrl":"https:\/\/www.tupy.com.br\/wp-content\/uploads\/2021\/05\/img-infos.png","width":777,"height":715},{"@type":"BreadcrumbList","@id":"https:\/\/www.tupy.com.br\/en\/imprensa\/infographics\/#breadcrumb","itemListElement":[{"@type":"ListItem","position":1,"name":"Home","item":"https:\/\/www.tupy.com.br\/en\/"},{"@type":"ListItem","position":2,"name":"Press","item":"https:\/\/www.tupy.com.br\/en\/imprensa\/"},{"@type":"ListItem","position":3,"name":"Infographics"}]},{"@type":"WebSite","@id":"https:\/\/www.tupy.com.br\/#website","url":"https:\/\/www.tupy.com.br\/","name":"Tupy","description":"Refer\u00eancia em tecnologia de fundi\u00e7\u00e3o de blocos e cabe\u00e7otes de motor de ferro e usinagem.","potentialAction":[{"@type":"SearchAction","target":{"@type":"EntryPoint","urlTemplate":"https:\/\/www.tupy.com.br\/?s={search_term_string}"},"query-input":{"@type":"PropertyValueSpecification","valueRequired":true,"valueName":"search_term_string"}}],"inLanguage":"en-US"}]}},"_links":{"self":[{"href":"https:\/\/www.tupy.com.br\/en\/wp-json\/wp\/v2\/pages\/3267","targetHints":{"allow":["GET"]}}],"collection":[{"href":"https:\/\/www.tupy.com.br\/en\/wp-json\/wp\/v2\/pages"}],"about":[{"href":"https:\/\/www.tupy.com.br\/en\/wp-json\/wp\/v2\/types\/page"}],"author":[{"embeddable":true,"href":"https:\/\/www.tupy.com.br\/en\/wp-json\/wp\/v2\/users\/1"}],"replies":[{"embeddable":true,"href":"https:\/\/www.tupy.com.br\/en\/wp-json\/wp\/v2\/comments?post=3267"}],"version-history":[{"count":2,"href":"https:\/\/www.tupy.com.br\/en\/wp-json\/wp\/v2\/pages\/3267\/revisions"}],"predecessor-version":[{"id":3271,"href":"https:\/\/www.tupy.com.br\/en\/wp-json\/wp\/v2\/pages\/3267\/revisions\/3271"}],"up":[{"embeddable":true,"href":"https:\/\/www.tupy.com.br\/en\/wp-json\/wp\/v2\/pages\/2813"}],"wp:featuredmedia":[{"embeddable":true,"href":"https:\/\/www.tupy.com.br\/en\/wp-json\/wp\/v2\/media\/3270"}],"wp:attachment":[{"href":"https:\/\/www.tupy.com.br\/en\/wp-json\/wp\/v2\/media?parent=3267"}],"curies":[{"name":"wp","href":"https:\/\/api.w.org\/{rel}","templated":true}]}}