{"id":2884,"date":"2021-09-10T17:44:57","date_gmt":"2021-09-10T20:44:57","guid":{"rendered":"https:\/\/www.tupy.com.br\/?page_id=2884"},"modified":"2023-10-09T16:21:47","modified_gmt":"2023-10-09T19:21:47","slug":"usinagem","status":"publish","type":"page","link":"https:\/\/www.tupy.com.br\/en\/solucoes\/usinagem\/","title":{"rendered":"Machining"},"content":{"rendered":"","protected":false},"excerpt":{"rendered":"<p>Since 1996, Tupy offers fully machined parts, including the assembly of components, tightness tests, semi-machined parts, prototype machining and total product traceability systems, from the first operation to mounted product, assuring to the customer higher quality levels and lower investments.<br \/>\nIn addition to engine blocks and cylinder heads, we perform machining of a broad range of engineering parts for the capital goods segment. Our plants are capable of machining parts with wide variety of sizes and all the cast iron alloys, regardless their machinability grade.<\/p>\n","protected":false},"author":1,"featured_media":2886,"parent":2826,"menu_order":48,"comment_status":"closed","ping_status":"closed","template":"page-templates\/solucoes-usinagem.php","meta":{"footnotes":""},"class_list":["post-2884","page","type-page","status-publish","has-post-thumbnail","hentry"],"yoast_head":"<!-- This site is optimized with the Yoast SEO plugin v27.1.1 - https:\/\/yoast.com\/product\/yoast-seo-wordpress\/ -->\n<title>Machining - Tupy<\/title>\n<meta name=\"robots\" content=\"index, follow, max-snippet:-1, max-image-preview:large, max-video-preview:-1\" \/>\n<link rel=\"canonical\" href=\"https:\/\/www.tupy.com.br\/en\/solucoes\/usinagem\/\" \/>\n<meta property=\"og:locale\" content=\"en_US\" \/>\n<meta property=\"og:type\" content=\"article\" \/>\n<meta property=\"og:title\" content=\"Machining - Tupy\" \/>\n<meta property=\"og:description\" content=\"Since 1996, Tupy offers fully machined parts, including the assembly of components, tightness tests, semi-machined parts, prototype machining and total product traceability systems, from the first operation to mounted product, assuring to the customer higher quality levels and lower investments. In addition to engine blocks and cylinder heads, we perform machining of a broad range of engineering parts for the capital goods segment. Our plants are capable of machining parts with wide variety of sizes and all the cast iron alloys, regardless their machinability grade.\" \/>\n<meta property=\"og:url\" content=\"https:\/\/www.tupy.com.br\/en\/solucoes\/usinagem\/\" \/>\n<meta property=\"og:site_name\" content=\"Tupy\" \/>\n<meta property=\"article:modified_time\" content=\"2023-10-09T19:21:47+00:00\" \/>\n<meta property=\"og:image\" content=\"https:\/\/www.tupy.com.br\/wp-content\/uploads\/2021\/05\/img-usinagem-header.jpg\" \/>\n\t<meta property=\"og:image:width\" content=\"600\" \/>\n\t<meta property=\"og:image:height\" content=\"715\" \/>\n\t<meta property=\"og:image:type\" content=\"image\/jpeg\" \/>\n<meta name=\"twitter:card\" content=\"summary_large_image\" \/>\n<script type=\"application\/ld+json\" class=\"yoast-schema-graph\">{\"@context\":\"https:\/\/schema.org\",\"@graph\":[{\"@type\":\"WebPage\",\"@id\":\"https:\/\/www.tupy.com.br\/en\/solucoes\/usinagem\/\",\"url\":\"https:\/\/www.tupy.com.br\/en\/solucoes\/usinagem\/\",\"name\":\"Machining - Tupy\",\"isPartOf\":{\"@id\":\"https:\/\/www.tupy.com.br\/#website\"},\"primaryImageOfPage\":{\"@id\":\"https:\/\/www.tupy.com.br\/en\/solucoes\/usinagem\/#primaryimage\"},\"image\":{\"@id\":\"https:\/\/www.tupy.com.br\/en\/solucoes\/usinagem\/#primaryimage\"},\"thumbnailUrl\":\"https:\/\/www.tupy.com.br\/wp-content\/uploads\/2021\/05\/img-usinagem-header.jpg\",\"datePublished\":\"2021-09-10T20:44:57+00:00\",\"dateModified\":\"2023-10-09T19:21:47+00:00\",\"breadcrumb\":{\"@id\":\"https:\/\/www.tupy.com.br\/en\/solucoes\/usinagem\/#breadcrumb\"},\"inLanguage\":\"en-US\",\"potentialAction\":[{\"@type\":\"ReadAction\",\"target\":[\"https:\/\/www.tupy.com.br\/en\/solucoes\/usinagem\/\"]}]},{\"@type\":\"ImageObject\",\"inLanguage\":\"en-US\",\"@id\":\"https:\/\/www.tupy.com.br\/en\/solucoes\/usinagem\/#primaryimage\",\"url\":\"https:\/\/www.tupy.com.br\/wp-content\/uploads\/2021\/05\/img-usinagem-header.jpg\",\"contentUrl\":\"https:\/\/www.tupy.com.br\/wp-content\/uploads\/2021\/05\/img-usinagem-header.jpg\",\"width\":600,\"height\":715},{\"@type\":\"BreadcrumbList\",\"@id\":\"https:\/\/www.tupy.com.br\/en\/solucoes\/usinagem\/#breadcrumb\",\"itemListElement\":[{\"@type\":\"ListItem\",\"position\":1,\"name\":\"Home\",\"item\":\"https:\/\/www.tupy.com.br\/en\/\"},{\"@type\":\"ListItem\",\"position\":2,\"name\":\"Solutions\",\"item\":\"https:\/\/www.tupy.com.br\/en\/solucoes\/\"},{\"@type\":\"ListItem\",\"position\":3,\"name\":\"Machining\"}]},{\"@type\":\"WebSite\",\"@id\":\"https:\/\/www.tupy.com.br\/#website\",\"url\":\"https:\/\/www.tupy.com.br\/\",\"name\":\"Tupy\",\"description\":\"Refer\u00eancia em tecnologia de fundi\u00e7\u00e3o de blocos e cabe\u00e7otes de motor de ferro e usinagem.\",\"potentialAction\":[{\"@type\":\"SearchAction\",\"target\":{\"@type\":\"EntryPoint\",\"urlTemplate\":\"https:\/\/www.tupy.com.br\/?s={search_term_string}\"},\"query-input\":{\"@type\":\"PropertyValueSpecification\",\"valueRequired\":true,\"valueName\":\"search_term_string\"}}],\"inLanguage\":\"en-US\"}]}<\/script>\n<!-- \/ Yoast SEO plugin. -->","yoast_head_json":{"title":"Machining - Tupy","robots":{"index":"index","follow":"follow","max-snippet":"max-snippet:-1","max-image-preview":"max-image-preview:large","max-video-preview":"max-video-preview:-1"},"canonical":"https:\/\/www.tupy.com.br\/en\/solucoes\/usinagem\/","og_locale":"en_US","og_type":"article","og_title":"Machining - Tupy","og_description":"Since 1996, Tupy offers fully machined parts, including the assembly of components, tightness tests, semi-machined parts, prototype machining and total product traceability systems, from the first operation to mounted product, assuring to the customer higher quality levels and lower investments. In addition to engine blocks and cylinder heads, we perform machining of a broad range of engineering parts for the capital goods segment. Our plants are capable of machining parts with wide variety of sizes and all the cast iron alloys, regardless their machinability grade.","og_url":"https:\/\/www.tupy.com.br\/en\/solucoes\/usinagem\/","og_site_name":"Tupy","article_modified_time":"2023-10-09T19:21:47+00:00","og_image":[{"width":600,"height":715,"url":"https:\/\/www.tupy.com.br\/wp-content\/uploads\/2021\/05\/img-usinagem-header.jpg","type":"image\/jpeg"}],"twitter_card":"summary_large_image","schema":{"@context":"https:\/\/schema.org","@graph":[{"@type":"WebPage","@id":"https:\/\/www.tupy.com.br\/en\/solucoes\/usinagem\/","url":"https:\/\/www.tupy.com.br\/en\/solucoes\/usinagem\/","name":"Machining - Tupy","isPartOf":{"@id":"https:\/\/www.tupy.com.br\/#website"},"primaryImageOfPage":{"@id":"https:\/\/www.tupy.com.br\/en\/solucoes\/usinagem\/#primaryimage"},"image":{"@id":"https:\/\/www.tupy.com.br\/en\/solucoes\/usinagem\/#primaryimage"},"thumbnailUrl":"https:\/\/www.tupy.com.br\/wp-content\/uploads\/2021\/05\/img-usinagem-header.jpg","datePublished":"2021-09-10T20:44:57+00:00","dateModified":"2023-10-09T19:21:47+00:00","breadcrumb":{"@id":"https:\/\/www.tupy.com.br\/en\/solucoes\/usinagem\/#breadcrumb"},"inLanguage":"en-US","potentialAction":[{"@type":"ReadAction","target":["https:\/\/www.tupy.com.br\/en\/solucoes\/usinagem\/"]}]},{"@type":"ImageObject","inLanguage":"en-US","@id":"https:\/\/www.tupy.com.br\/en\/solucoes\/usinagem\/#primaryimage","url":"https:\/\/www.tupy.com.br\/wp-content\/uploads\/2021\/05\/img-usinagem-header.jpg","contentUrl":"https:\/\/www.tupy.com.br\/wp-content\/uploads\/2021\/05\/img-usinagem-header.jpg","width":600,"height":715},{"@type":"BreadcrumbList","@id":"https:\/\/www.tupy.com.br\/en\/solucoes\/usinagem\/#breadcrumb","itemListElement":[{"@type":"ListItem","position":1,"name":"Home","item":"https:\/\/www.tupy.com.br\/en\/"},{"@type":"ListItem","position":2,"name":"Solutions","item":"https:\/\/www.tupy.com.br\/en\/solucoes\/"},{"@type":"ListItem","position":3,"name":"Machining"}]},{"@type":"WebSite","@id":"https:\/\/www.tupy.com.br\/#website","url":"https:\/\/www.tupy.com.br\/","name":"Tupy","description":"Refer\u00eancia em tecnologia de fundi\u00e7\u00e3o de blocos e cabe\u00e7otes de motor de ferro e usinagem.","potentialAction":[{"@type":"SearchAction","target":{"@type":"EntryPoint","urlTemplate":"https:\/\/www.tupy.com.br\/?s={search_term_string}"},"query-input":{"@type":"PropertyValueSpecification","valueRequired":true,"valueName":"search_term_string"}}],"inLanguage":"en-US"}]}},"_links":{"self":[{"href":"https:\/\/www.tupy.com.br\/en\/wp-json\/wp\/v2\/pages\/2884","targetHints":{"allow":["GET"]}}],"collection":[{"href":"https:\/\/www.tupy.com.br\/en\/wp-json\/wp\/v2\/pages"}],"about":[{"href":"https:\/\/www.tupy.com.br\/en\/wp-json\/wp\/v2\/types\/page"}],"author":[{"embeddable":true,"href":"https:\/\/www.tupy.com.br\/en\/wp-json\/wp\/v2\/users\/1"}],"replies":[{"embeddable":true,"href":"https:\/\/www.tupy.com.br\/en\/wp-json\/wp\/v2\/comments?post=2884"}],"version-history":[{"count":5,"href":"https:\/\/www.tupy.com.br\/en\/wp-json\/wp\/v2\/pages\/2884\/revisions"}],"predecessor-version":[{"id":6426,"href":"https:\/\/www.tupy.com.br\/en\/wp-json\/wp\/v2\/pages\/2884\/revisions\/6426"}],"up":[{"embeddable":true,"href":"https:\/\/www.tupy.com.br\/en\/wp-json\/wp\/v2\/pages\/2826"}],"wp:featuredmedia":[{"embeddable":true,"href":"https:\/\/www.tupy.com.br\/en\/wp-json\/wp\/v2\/media\/2886"}],"wp:attachment":[{"href":"https:\/\/www.tupy.com.br\/en\/wp-json\/wp\/v2\/media?parent=2884"}],"curies":[{"name":"wp","href":"https:\/\/api.w.org\/{rel}","templated":true}]}}