{"id":2872,"date":"2021-09-10T17:30:49","date_gmt":"2021-09-10T20:30:49","guid":{"rendered":"https:\/\/www.tupy.com.br\/?page_id=2872"},"modified":"2022-12-01T13:17:24","modified_gmt":"2022-12-01T16:17:24","slug":"onde-estamos","status":"publish","type":"page","link":"https:\/\/www.tupy.com.br\/en\/onde-estamos\/","title":{"rendered":"Where We Are"},"content":{"rendered":"","protected":false},"excerpt":{"rendered":"<p>Founded in 1938 by German immigrants, the first plant and headquarters of Tupy is in Joinville (SC, Brazil). Our other plants are located in S\u00e3o Paulo (SP, Brazil), Betim (MG, Brazil), Saltillo e Ramos Arizpe (Coahuila, Mexico) and Aveiro (Portugal). We attend our customers with offices in Brazil, USA, Germany, Italy and Netherlands. Our products are exported to near 40 countries.<\/p>\n","protected":false},"author":1,"featured_media":2874,"parent":0,"menu_order":51,"comment_status":"closed","ping_status":"closed","template":"page-templates\/onde-estamos.php","meta":{"footnotes":""},"class_list":["post-2872","page","type-page","status-publish","has-post-thumbnail","hentry"],"yoast_head":"<!-- This site is optimized with the Yoast SEO plugin v27.1.1 - https:\/\/yoast.com\/product\/yoast-seo-wordpress\/ -->\n<title>Where We Are - Tupy<\/title>\n<meta name=\"robots\" content=\"index, follow, max-snippet:-1, max-image-preview:large, max-video-preview:-1\" \/>\n<link rel=\"canonical\" href=\"https:\/\/www.tupy.com.br\/en\/onde-estamos\/\" \/>\n<meta property=\"og:locale\" content=\"en_US\" \/>\n<meta property=\"og:type\" content=\"article\" \/>\n<meta property=\"og:title\" content=\"Where We Are - Tupy\" \/>\n<meta property=\"og:description\" content=\"Founded in 1938 by German immigrants, the first plant and headquarters of Tupy is in Joinville (SC, Brazil). Our other plants are located in S\u00e3o Paulo (SP, Brazil), Betim (MG, Brazil), Saltillo e Ramos Arizpe (Coahuila, Mexico) and Aveiro (Portugal). We attend our customers with offices in Brazil, USA, Germany, Italy and Netherlands. Our products are exported to near 40 countries.\" \/>\n<meta property=\"og:url\" content=\"https:\/\/www.tupy.com.br\/en\/onde-estamos\/\" \/>\n<meta property=\"og:site_name\" content=\"Tupy\" \/>\n<meta property=\"article:modified_time\" content=\"2022-12-01T16:17:24+00:00\" \/>\n<meta property=\"og:image\" content=\"https:\/\/www.tupy.com.br\/wp-content\/uploads\/2021\/05\/img-onde-estamos.png\" \/>\n\t<meta property=\"og:image:width\" content=\"600\" \/>\n\t<meta property=\"og:image:height\" content=\"715\" \/>\n\t<meta property=\"og:image:type\" content=\"image\/png\" \/>\n<meta name=\"twitter:card\" content=\"summary_large_image\" \/>\n<script type=\"application\/ld+json\" class=\"yoast-schema-graph\">{\"@context\":\"https:\/\/schema.org\",\"@graph\":[{\"@type\":\"WebPage\",\"@id\":\"https:\/\/www.tupy.com.br\/en\/onde-estamos\/\",\"url\":\"https:\/\/www.tupy.com.br\/en\/onde-estamos\/\",\"name\":\"Where We Are - Tupy\",\"isPartOf\":{\"@id\":\"https:\/\/www.tupy.com.br\/en\/#website\"},\"primaryImageOfPage\":{\"@id\":\"https:\/\/www.tupy.com.br\/en\/onde-estamos\/#primaryimage\"},\"image\":{\"@id\":\"https:\/\/www.tupy.com.br\/en\/onde-estamos\/#primaryimage\"},\"thumbnailUrl\":\"https:\/\/www.tupy.com.br\/wp-content\/uploads\/2021\/05\/img-onde-estamos.png\",\"datePublished\":\"2021-09-10T20:30:49+00:00\",\"dateModified\":\"2022-12-01T16:17:24+00:00\",\"breadcrumb\":{\"@id\":\"https:\/\/www.tupy.com.br\/en\/onde-estamos\/#breadcrumb\"},\"inLanguage\":\"en-US\",\"potentialAction\":[{\"@type\":\"ReadAction\",\"target\":[\"https:\/\/www.tupy.com.br\/en\/onde-estamos\/\"]}]},{\"@type\":\"ImageObject\",\"inLanguage\":\"en-US\",\"@id\":\"https:\/\/www.tupy.com.br\/en\/onde-estamos\/#primaryimage\",\"url\":\"https:\/\/www.tupy.com.br\/wp-content\/uploads\/2021\/05\/img-onde-estamos.png\",\"contentUrl\":\"https:\/\/www.tupy.com.br\/wp-content\/uploads\/2021\/05\/img-onde-estamos.png\",\"width\":600,\"height\":715},{\"@type\":\"BreadcrumbList\",\"@id\":\"https:\/\/www.tupy.com.br\/en\/onde-estamos\/#breadcrumb\",\"itemListElement\":[{\"@type\":\"ListItem\",\"position\":1,\"name\":\"Home\",\"item\":\"https:\/\/www.tupy.com.br\/en\/\"},{\"@type\":\"ListItem\",\"position\":2,\"name\":\"Where We Are\"}]},{\"@type\":\"WebSite\",\"@id\":\"https:\/\/www.tupy.com.br\/en\/#website\",\"url\":\"https:\/\/www.tupy.com.br\/en\/\",\"name\":\"Tupy\",\"description\":\"Refer\u00eancia em tecnologia de fundi\u00e7\u00e3o de blocos e cabe\u00e7otes de motor de ferro e usinagem.\",\"potentialAction\":[{\"@type\":\"SearchAction\",\"target\":{\"@type\":\"EntryPoint\",\"urlTemplate\":\"https:\/\/www.tupy.com.br\/en\/?s={search_term_string}\"},\"query-input\":{\"@type\":\"PropertyValueSpecification\",\"valueRequired\":true,\"valueName\":\"search_term_string\"}}],\"inLanguage\":\"en-US\"}]}<\/script>\n<!-- \/ Yoast SEO plugin. -->","yoast_head_json":{"title":"Where We Are - Tupy","robots":{"index":"index","follow":"follow","max-snippet":"max-snippet:-1","max-image-preview":"max-image-preview:large","max-video-preview":"max-video-preview:-1"},"canonical":"https:\/\/www.tupy.com.br\/en\/onde-estamos\/","og_locale":"en_US","og_type":"article","og_title":"Where We Are - Tupy","og_description":"Founded in 1938 by German immigrants, the first plant and headquarters of Tupy is in Joinville (SC, Brazil). Our other plants are located in S\u00e3o Paulo (SP, Brazil), Betim (MG, Brazil), Saltillo e Ramos Arizpe (Coahuila, Mexico) and Aveiro (Portugal). We attend our customers with offices in Brazil, USA, Germany, Italy and Netherlands. Our products are exported to near 40 countries.","og_url":"https:\/\/www.tupy.com.br\/en\/onde-estamos\/","og_site_name":"Tupy","article_modified_time":"2022-12-01T16:17:24+00:00","og_image":[{"width":600,"height":715,"url":"https:\/\/www.tupy.com.br\/wp-content\/uploads\/2021\/05\/img-onde-estamos.png","type":"image\/png"}],"twitter_card":"summary_large_image","schema":{"@context":"https:\/\/schema.org","@graph":[{"@type":"WebPage","@id":"https:\/\/www.tupy.com.br\/en\/onde-estamos\/","url":"https:\/\/www.tupy.com.br\/en\/onde-estamos\/","name":"Where We Are - Tupy","isPartOf":{"@id":"https:\/\/www.tupy.com.br\/en\/#website"},"primaryImageOfPage":{"@id":"https:\/\/www.tupy.com.br\/en\/onde-estamos\/#primaryimage"},"image":{"@id":"https:\/\/www.tupy.com.br\/en\/onde-estamos\/#primaryimage"},"thumbnailUrl":"https:\/\/www.tupy.com.br\/wp-content\/uploads\/2021\/05\/img-onde-estamos.png","datePublished":"2021-09-10T20:30:49+00:00","dateModified":"2022-12-01T16:17:24+00:00","breadcrumb":{"@id":"https:\/\/www.tupy.com.br\/en\/onde-estamos\/#breadcrumb"},"inLanguage":"en-US","potentialAction":[{"@type":"ReadAction","target":["https:\/\/www.tupy.com.br\/en\/onde-estamos\/"]}]},{"@type":"ImageObject","inLanguage":"en-US","@id":"https:\/\/www.tupy.com.br\/en\/onde-estamos\/#primaryimage","url":"https:\/\/www.tupy.com.br\/wp-content\/uploads\/2021\/05\/img-onde-estamos.png","contentUrl":"https:\/\/www.tupy.com.br\/wp-content\/uploads\/2021\/05\/img-onde-estamos.png","width":600,"height":715},{"@type":"BreadcrumbList","@id":"https:\/\/www.tupy.com.br\/en\/onde-estamos\/#breadcrumb","itemListElement":[{"@type":"ListItem","position":1,"name":"Home","item":"https:\/\/www.tupy.com.br\/en\/"},{"@type":"ListItem","position":2,"name":"Where We Are"}]},{"@type":"WebSite","@id":"https:\/\/www.tupy.com.br\/en\/#website","url":"https:\/\/www.tupy.com.br\/en\/","name":"Tupy","description":"Refer\u00eancia em tecnologia de fundi\u00e7\u00e3o de blocos e cabe\u00e7otes de motor de ferro e usinagem.","potentialAction":[{"@type":"SearchAction","target":{"@type":"EntryPoint","urlTemplate":"https:\/\/www.tupy.com.br\/en\/?s={search_term_string}"},"query-input":{"@type":"PropertyValueSpecification","valueRequired":true,"valueName":"search_term_string"}}],"inLanguage":"en-US"}]}},"_links":{"self":[{"href":"https:\/\/www.tupy.com.br\/en\/wp-json\/wp\/v2\/pages\/2872","targetHints":{"allow":["GET"]}}],"collection":[{"href":"https:\/\/www.tupy.com.br\/en\/wp-json\/wp\/v2\/pages"}],"about":[{"href":"https:\/\/www.tupy.com.br\/en\/wp-json\/wp\/v2\/types\/page"}],"author":[{"embeddable":true,"href":"https:\/\/www.tupy.com.br\/en\/wp-json\/wp\/v2\/users\/1"}],"replies":[{"embeddable":true,"href":"https:\/\/www.tupy.com.br\/en\/wp-json\/wp\/v2\/comments?post=2872"}],"version-history":[{"count":5,"href":"https:\/\/www.tupy.com.br\/en\/wp-json\/wp\/v2\/pages\/2872\/revisions"}],"predecessor-version":[{"id":5849,"href":"https:\/\/www.tupy.com.br\/en\/wp-json\/wp\/v2\/pages\/2872\/revisions\/5849"}],"wp:featuredmedia":[{"embeddable":true,"href":"https:\/\/www.tupy.com.br\/en\/wp-json\/wp\/v2\/media\/2874"}],"wp:attachment":[{"href":"https:\/\/www.tupy.com.br\/en\/wp-json\/wp\/v2\/media?parent=2872"}],"curies":[{"name":"wp","href":"https:\/\/api.w.org\/{rel}","templated":true}]}}