{"id":2855,"date":"2021-09-10T10:45:39","date_gmt":"2021-09-10T13:45:39","guid":{"rendered":"https:\/\/www.tupy.com.br\/?page_id=2855"},"modified":"2026-03-26T17:15:59","modified_gmt":"2026-03-26T20:15:59","slug":"fornecedores","status":"publish","type":"page","link":"https:\/\/www.tupy.com.br\/en\/fornecedores\/","title":{"rendered":"Suppliers"},"content":{"rendered":"","protected":false},"excerpt":{"rendered":"<p>Tupy is a global leader in the development and fabrication of structural components made of cast iron of high geometrical and metallurgical complexity, offering to the customers engineering solutions resulting from Research &#038; Development, and meeting the highest standards in quality and competitiveness. To do that, we also develop our supply chain and are constantly searching for business partners capable of providing materials and services with the strictest standards of quality, innovation, continuous improvement, productivity, competitiveness, in accordance with our fundamental values of integrity and compliance, generating enduring business relations.<\/p>\n","protected":false},"author":1,"featured_media":2831,"parent":0,"menu_order":69,"comment_status":"closed","ping_status":"closed","template":"page-templates\/fornecedores.php","meta":{"footnotes":""},"class_list":["post-2855","page","type-page","status-publish","has-post-thumbnail","hentry"],"yoast_head":"<!-- This site is optimized with the Yoast SEO plugin v27.1.1 - https:\/\/yoast.com\/product\/yoast-seo-wordpress\/ -->\n<title>Suppliers - Tupy<\/title>\n<meta name=\"robots\" content=\"index, follow, max-snippet:-1, max-image-preview:large, max-video-preview:-1\" \/>\n<link rel=\"canonical\" href=\"https:\/\/www.tupy.com.br\/en\/fornecedores\/\" \/>\n<meta property=\"og:locale\" content=\"en_US\" \/>\n<meta property=\"og:type\" content=\"article\" \/>\n<meta property=\"og:title\" content=\"Suppliers - Tupy\" \/>\n<meta property=\"og:description\" content=\"Tupy is a global leader in the development and fabrication of structural components made of cast iron of high geometrical and metallurgical complexity, offering to the customers engineering solutions resulting from Research &amp; Development, and meeting the highest standards in quality and competitiveness. To do that, we also develop our supply chain and are constantly searching for business partners capable of providing materials and services with the strictest standards of quality, innovation, continuous improvement, productivity, competitiveness, in accordance with our fundamental values of integrity and compliance, generating enduring business relations.\" \/>\n<meta property=\"og:url\" content=\"https:\/\/www.tupy.com.br\/en\/fornecedores\/\" \/>\n<meta property=\"og:site_name\" content=\"Tupy\" \/>\n<meta property=\"article:modified_time\" content=\"2026-03-26T20:15:59+00:00\" \/>\n<meta property=\"og:image\" content=\"https:\/\/www.tupy.com.br\/wp-content\/uploads\/2021\/05\/img-fornecedores.png\" \/>\n\t<meta property=\"og:image:width\" content=\"600\" \/>\n\t<meta property=\"og:image:height\" content=\"715\" \/>\n\t<meta property=\"og:image:type\" content=\"image\/png\" \/>\n<meta name=\"twitter:card\" content=\"summary_large_image\" \/>\n<meta name=\"twitter:label1\" content=\"Est. reading time\" \/>\n\t<meta name=\"twitter:data1\" content=\"1 minute\" \/>\n<script type=\"application\/ld+json\" class=\"yoast-schema-graph\">{\"@context\":\"https:\/\/schema.org\",\"@graph\":[{\"@type\":\"WebPage\",\"@id\":\"https:\/\/www.tupy.com.br\/en\/fornecedores\/\",\"url\":\"https:\/\/www.tupy.com.br\/en\/fornecedores\/\",\"name\":\"Suppliers - Tupy\",\"isPartOf\":{\"@id\":\"https:\/\/www.tupy.com.br\/#website\"},\"primaryImageOfPage\":{\"@id\":\"https:\/\/www.tupy.com.br\/en\/fornecedores\/#primaryimage\"},\"image\":{\"@id\":\"https:\/\/www.tupy.com.br\/en\/fornecedores\/#primaryimage\"},\"thumbnailUrl\":\"https:\/\/www.tupy.com.br\/wp-content\/uploads\/2021\/05\/img-fornecedores.png\",\"datePublished\":\"2021-09-10T13:45:39+00:00\",\"dateModified\":\"2026-03-26T20:15:59+00:00\",\"breadcrumb\":{\"@id\":\"https:\/\/www.tupy.com.br\/en\/fornecedores\/#breadcrumb\"},\"inLanguage\":\"en-US\",\"potentialAction\":[{\"@type\":\"ReadAction\",\"target\":[\"https:\/\/www.tupy.com.br\/en\/fornecedores\/\"]}]},{\"@type\":\"ImageObject\",\"inLanguage\":\"en-US\",\"@id\":\"https:\/\/www.tupy.com.br\/en\/fornecedores\/#primaryimage\",\"url\":\"https:\/\/www.tupy.com.br\/wp-content\/uploads\/2021\/05\/img-fornecedores.png\",\"contentUrl\":\"https:\/\/www.tupy.com.br\/wp-content\/uploads\/2021\/05\/img-fornecedores.png\",\"width\":600,\"height\":715},{\"@type\":\"BreadcrumbList\",\"@id\":\"https:\/\/www.tupy.com.br\/en\/fornecedores\/#breadcrumb\",\"itemListElement\":[{\"@type\":\"ListItem\",\"position\":1,\"name\":\"Home\",\"item\":\"https:\/\/www.tupy.com.br\/en\/\"},{\"@type\":\"ListItem\",\"position\":2,\"name\":\"Suppliers\"}]},{\"@type\":\"WebSite\",\"@id\":\"https:\/\/www.tupy.com.br\/#website\",\"url\":\"https:\/\/www.tupy.com.br\/\",\"name\":\"Tupy\",\"description\":\"Refer\u00eancia em tecnologia de fundi\u00e7\u00e3o de blocos e cabe\u00e7otes de motor de ferro e usinagem.\",\"potentialAction\":[{\"@type\":\"SearchAction\",\"target\":{\"@type\":\"EntryPoint\",\"urlTemplate\":\"https:\/\/www.tupy.com.br\/?s={search_term_string}\"},\"query-input\":{\"@type\":\"PropertyValueSpecification\",\"valueRequired\":true,\"valueName\":\"search_term_string\"}}],\"inLanguage\":\"en-US\"}]}<\/script>\n<!-- \/ Yoast SEO plugin. -->","yoast_head_json":{"title":"Suppliers - Tupy","robots":{"index":"index","follow":"follow","max-snippet":"max-snippet:-1","max-image-preview":"max-image-preview:large","max-video-preview":"max-video-preview:-1"},"canonical":"https:\/\/www.tupy.com.br\/en\/fornecedores\/","og_locale":"en_US","og_type":"article","og_title":"Suppliers - Tupy","og_description":"Tupy is a global leader in the development and fabrication of structural components made of cast iron of high geometrical and metallurgical complexity, offering to the customers engineering solutions resulting from Research & Development, and meeting the highest standards in quality and competitiveness. To do that, we also develop our supply chain and are constantly searching for business partners capable of providing materials and services with the strictest standards of quality, innovation, continuous improvement, productivity, competitiveness, in accordance with our fundamental values of integrity and compliance, generating enduring business relations.","og_url":"https:\/\/www.tupy.com.br\/en\/fornecedores\/","og_site_name":"Tupy","article_modified_time":"2026-03-26T20:15:59+00:00","og_image":[{"width":600,"height":715,"url":"https:\/\/www.tupy.com.br\/wp-content\/uploads\/2021\/05\/img-fornecedores.png","type":"image\/png"}],"twitter_card":"summary_large_image","twitter_misc":{"Est. reading time":"1 minute"},"schema":{"@context":"https:\/\/schema.org","@graph":[{"@type":"WebPage","@id":"https:\/\/www.tupy.com.br\/en\/fornecedores\/","url":"https:\/\/www.tupy.com.br\/en\/fornecedores\/","name":"Suppliers - Tupy","isPartOf":{"@id":"https:\/\/www.tupy.com.br\/#website"},"primaryImageOfPage":{"@id":"https:\/\/www.tupy.com.br\/en\/fornecedores\/#primaryimage"},"image":{"@id":"https:\/\/www.tupy.com.br\/en\/fornecedores\/#primaryimage"},"thumbnailUrl":"https:\/\/www.tupy.com.br\/wp-content\/uploads\/2021\/05\/img-fornecedores.png","datePublished":"2021-09-10T13:45:39+00:00","dateModified":"2026-03-26T20:15:59+00:00","breadcrumb":{"@id":"https:\/\/www.tupy.com.br\/en\/fornecedores\/#breadcrumb"},"inLanguage":"en-US","potentialAction":[{"@type":"ReadAction","target":["https:\/\/www.tupy.com.br\/en\/fornecedores\/"]}]},{"@type":"ImageObject","inLanguage":"en-US","@id":"https:\/\/www.tupy.com.br\/en\/fornecedores\/#primaryimage","url":"https:\/\/www.tupy.com.br\/wp-content\/uploads\/2021\/05\/img-fornecedores.png","contentUrl":"https:\/\/www.tupy.com.br\/wp-content\/uploads\/2021\/05\/img-fornecedores.png","width":600,"height":715},{"@type":"BreadcrumbList","@id":"https:\/\/www.tupy.com.br\/en\/fornecedores\/#breadcrumb","itemListElement":[{"@type":"ListItem","position":1,"name":"Home","item":"https:\/\/www.tupy.com.br\/en\/"},{"@type":"ListItem","position":2,"name":"Suppliers"}]},{"@type":"WebSite","@id":"https:\/\/www.tupy.com.br\/#website","url":"https:\/\/www.tupy.com.br\/","name":"Tupy","description":"Refer\u00eancia em tecnologia de fundi\u00e7\u00e3o de blocos e cabe\u00e7otes de motor de ferro e usinagem.","potentialAction":[{"@type":"SearchAction","target":{"@type":"EntryPoint","urlTemplate":"https:\/\/www.tupy.com.br\/?s={search_term_string}"},"query-input":{"@type":"PropertyValueSpecification","valueRequired":true,"valueName":"search_term_string"}}],"inLanguage":"en-US"}]}},"_links":{"self":[{"href":"https:\/\/www.tupy.com.br\/en\/wp-json\/wp\/v2\/pages\/2855","targetHints":{"allow":["GET"]}}],"collection":[{"href":"https:\/\/www.tupy.com.br\/en\/wp-json\/wp\/v2\/pages"}],"about":[{"href":"https:\/\/www.tupy.com.br\/en\/wp-json\/wp\/v2\/types\/page"}],"author":[{"embeddable":true,"href":"https:\/\/www.tupy.com.br\/en\/wp-json\/wp\/v2\/users\/1"}],"replies":[{"embeddable":true,"href":"https:\/\/www.tupy.com.br\/en\/wp-json\/wp\/v2\/comments?post=2855"}],"version-history":[{"count":7,"href":"https:\/\/www.tupy.com.br\/en\/wp-json\/wp\/v2\/pages\/2855\/revisions"}],"predecessor-version":[{"id":7476,"href":"https:\/\/www.tupy.com.br\/en\/wp-json\/wp\/v2\/pages\/2855\/revisions\/7476"}],"wp:featuredmedia":[{"embeddable":true,"href":"https:\/\/www.tupy.com.br\/en\/wp-json\/wp\/v2\/media\/2831"}],"wp:attachment":[{"href":"https:\/\/www.tupy.com.br\/en\/wp-json\/wp\/v2\/media?parent=2855"}],"curies":[{"name":"wp","href":"https:\/\/api.w.org\/{rel}","templated":true}]}}