{"id":2713,"date":"2021-09-08T15:41:03","date_gmt":"2021-09-08T18:41:03","guid":{"rendered":"https:\/\/www.tupy.com.br\/?page_id=2713"},"modified":"2023-11-22T14:29:16","modified_gmt":"2023-11-22T17:29:16","slug":"administrativo","status":"publish","type":"page","link":"https:\/\/www.tupy.com.br\/en\/carreiras\/administrativo\/","title":{"rendered":"Administrative"},"content":{"rendered":"","protected":false},"excerpt":{"rendered":"<p>To those who are looking for a professional opportunity in the administrative area, we are hiring for the areas of Finance, Controllership, Sales, Procurement, Human Resources, Information Technology, etc.<br \/>\nOpenings are advertised on LinkedIn and on the website. The selection process takes place online or in person, at our units.<br \/>\nWe accept people with disabilities for every opportunity.<\/p>\n","protected":false},"author":1,"featured_media":0,"parent":2656,"menu_order":62,"comment_status":"closed","ping_status":"closed","template":"page-templates\/carreiras-interna.php","meta":{"footnotes":""},"class_list":["post-2713","page","type-page","status-publish","hentry"],"yoast_head":"<!-- This site is optimized with the Yoast SEO plugin v27.1.1 - https:\/\/yoast.com\/product\/yoast-seo-wordpress\/ -->\n<title>Administrative - Tupy<\/title>\n<meta name=\"robots\" content=\"index, follow, max-snippet:-1, max-image-preview:large, max-video-preview:-1\" \/>\n<link rel=\"canonical\" href=\"https:\/\/www.tupy.com.br\/en\/carreiras\/administrativo\/\" \/>\n<meta property=\"og:locale\" content=\"en_US\" \/>\n<meta property=\"og:type\" content=\"article\" \/>\n<meta property=\"og:title\" content=\"Administrative - Tupy\" \/>\n<meta property=\"og:description\" content=\"To those who are looking for a professional opportunity in the administrative area, we are hiring for the areas of Finance, Controllership, Sales, Procurement, Human Resources, Information Technology, etc. Openings are advertised on LinkedIn and on the website. The selection process takes place online or in person, at our units. We accept people with disabilities for every opportunity.\" \/>\n<meta property=\"og:url\" content=\"https:\/\/www.tupy.com.br\/en\/carreiras\/administrativo\/\" \/>\n<meta property=\"og:site_name\" content=\"Tupy\" \/>\n<meta property=\"article:modified_time\" content=\"2023-11-22T17:29:16+00:00\" \/>\n<meta name=\"twitter:card\" content=\"summary_large_image\" \/>\n<script type=\"application\/ld+json\" class=\"yoast-schema-graph\">{\"@context\":\"https:\/\/schema.org\",\"@graph\":[{\"@type\":\"WebPage\",\"@id\":\"https:\/\/www.tupy.com.br\/en\/carreiras\/administrativo\/\",\"url\":\"https:\/\/www.tupy.com.br\/en\/carreiras\/administrativo\/\",\"name\":\"Administrative - Tupy\",\"isPartOf\":{\"@id\":\"https:\/\/www.tupy.com.br\/#website\"},\"datePublished\":\"2021-09-08T18:41:03+00:00\",\"dateModified\":\"2023-11-22T17:29:16+00:00\",\"breadcrumb\":{\"@id\":\"https:\/\/www.tupy.com.br\/en\/carreiras\/administrativo\/#breadcrumb\"},\"inLanguage\":\"en-US\",\"potentialAction\":[{\"@type\":\"ReadAction\",\"target\":[\"https:\/\/www.tupy.com.br\/en\/carreiras\/administrativo\/\"]}]},{\"@type\":\"BreadcrumbList\",\"@id\":\"https:\/\/www.tupy.com.br\/en\/carreiras\/administrativo\/#breadcrumb\",\"itemListElement\":[{\"@type\":\"ListItem\",\"position\":1,\"name\":\"Home\",\"item\":\"https:\/\/www.tupy.com.br\/en\/\"},{\"@type\":\"ListItem\",\"position\":2,\"name\":\"Careers\",\"item\":\"https:\/\/www.tupy.com.br\/en\/carreiras\/\"},{\"@type\":\"ListItem\",\"position\":3,\"name\":\"Administrative\"}]},{\"@type\":\"WebSite\",\"@id\":\"https:\/\/www.tupy.com.br\/#website\",\"url\":\"https:\/\/www.tupy.com.br\/\",\"name\":\"Tupy\",\"description\":\"Refer\u00eancia em tecnologia de fundi\u00e7\u00e3o de blocos e cabe\u00e7otes de motor de ferro e usinagem.\",\"potentialAction\":[{\"@type\":\"SearchAction\",\"target\":{\"@type\":\"EntryPoint\",\"urlTemplate\":\"https:\/\/www.tupy.com.br\/?s={search_term_string}\"},\"query-input\":{\"@type\":\"PropertyValueSpecification\",\"valueRequired\":true,\"valueName\":\"search_term_string\"}}],\"inLanguage\":\"en-US\"}]}<\/script>\n<!-- \/ Yoast SEO plugin. -->","yoast_head_json":{"title":"Administrative - Tupy","robots":{"index":"index","follow":"follow","max-snippet":"max-snippet:-1","max-image-preview":"max-image-preview:large","max-video-preview":"max-video-preview:-1"},"canonical":"https:\/\/www.tupy.com.br\/en\/carreiras\/administrativo\/","og_locale":"en_US","og_type":"article","og_title":"Administrative - Tupy","og_description":"To those who are looking for a professional opportunity in the administrative area, we are hiring for the areas of Finance, Controllership, Sales, Procurement, Human Resources, Information Technology, etc. Openings are advertised on LinkedIn and on the website. The selection process takes place online or in person, at our units. We accept people with disabilities for every opportunity.","og_url":"https:\/\/www.tupy.com.br\/en\/carreiras\/administrativo\/","og_site_name":"Tupy","article_modified_time":"2023-11-22T17:29:16+00:00","twitter_card":"summary_large_image","schema":{"@context":"https:\/\/schema.org","@graph":[{"@type":"WebPage","@id":"https:\/\/www.tupy.com.br\/en\/carreiras\/administrativo\/","url":"https:\/\/www.tupy.com.br\/en\/carreiras\/administrativo\/","name":"Administrative - Tupy","isPartOf":{"@id":"https:\/\/www.tupy.com.br\/#website"},"datePublished":"2021-09-08T18:41:03+00:00","dateModified":"2023-11-22T17:29:16+00:00","breadcrumb":{"@id":"https:\/\/www.tupy.com.br\/en\/carreiras\/administrativo\/#breadcrumb"},"inLanguage":"en-US","potentialAction":[{"@type":"ReadAction","target":["https:\/\/www.tupy.com.br\/en\/carreiras\/administrativo\/"]}]},{"@type":"BreadcrumbList","@id":"https:\/\/www.tupy.com.br\/en\/carreiras\/administrativo\/#breadcrumb","itemListElement":[{"@type":"ListItem","position":1,"name":"Home","item":"https:\/\/www.tupy.com.br\/en\/"},{"@type":"ListItem","position":2,"name":"Careers","item":"https:\/\/www.tupy.com.br\/en\/carreiras\/"},{"@type":"ListItem","position":3,"name":"Administrative"}]},{"@type":"WebSite","@id":"https:\/\/www.tupy.com.br\/#website","url":"https:\/\/www.tupy.com.br\/","name":"Tupy","description":"Refer\u00eancia em tecnologia de fundi\u00e7\u00e3o de blocos e cabe\u00e7otes de motor de ferro e usinagem.","potentialAction":[{"@type":"SearchAction","target":{"@type":"EntryPoint","urlTemplate":"https:\/\/www.tupy.com.br\/?s={search_term_string}"},"query-input":{"@type":"PropertyValueSpecification","valueRequired":true,"valueName":"search_term_string"}}],"inLanguage":"en-US"}]}},"_links":{"self":[{"href":"https:\/\/www.tupy.com.br\/en\/wp-json\/wp\/v2\/pages\/2713","targetHints":{"allow":["GET"]}}],"collection":[{"href":"https:\/\/www.tupy.com.br\/en\/wp-json\/wp\/v2\/pages"}],"about":[{"href":"https:\/\/www.tupy.com.br\/en\/wp-json\/wp\/v2\/types\/page"}],"author":[{"embeddable":true,"href":"https:\/\/www.tupy.com.br\/en\/wp-json\/wp\/v2\/users\/1"}],"replies":[{"embeddable":true,"href":"https:\/\/www.tupy.com.br\/en\/wp-json\/wp\/v2\/comments?post=2713"}],"version-history":[{"count":5,"href":"https:\/\/www.tupy.com.br\/en\/wp-json\/wp\/v2\/pages\/2713\/revisions"}],"predecessor-version":[{"id":6505,"href":"https:\/\/www.tupy.com.br\/en\/wp-json\/wp\/v2\/pages\/2713\/revisions\/6505"}],"up":[{"embeddable":true,"href":"https:\/\/www.tupy.com.br\/en\/wp-json\/wp\/v2\/pages\/2656"}],"wp:attachment":[{"href":"https:\/\/www.tupy.com.br\/en\/wp-json\/wp\/v2\/media?parent=2713"}],"curies":[{"name":"wp","href":"https:\/\/api.w.org\/{rel}","templated":true}]}}