{"id":2693,"date":"2021-09-08T15:12:47","date_gmt":"2021-09-08T18:12:47","guid":{"rendered":"https:\/\/www.tupy.com.br\/?page_id=2693"},"modified":"2023-11-22T14:50:34","modified_gmt":"2023-11-22T17:50:34","slug":"programa-de-trainee","status":"publish","type":"page","link":"https:\/\/www.tupy.com.br\/en\/carreiras\/programa-de-trainee\/","title":{"rendered":"Trainee Program"},"content":{"rendered":"","protected":false},"excerpt":{"rendered":"<p>If you like challenges, are creative, want to professionally develop and grow in a company that is a reference in its segment and a specialist in quality and innovation, take part in the selection and become a trainee in one of the largest Brazilian multinationals.<\/p>\n","protected":false},"author":1,"featured_media":0,"parent":2656,"menu_order":72,"comment_status":"closed","ping_status":"closed","template":"page-templates\/carreiras-interna.php","meta":{"footnotes":""},"class_list":["post-2693","page","type-page","status-publish","hentry"],"yoast_head":"<!-- This site is optimized with the Yoast SEO plugin v27.1.1 - https:\/\/yoast.com\/product\/yoast-seo-wordpress\/ -->\n<title>Trainee Program - Tupy<\/title>\n<meta name=\"robots\" content=\"index, follow, max-snippet:-1, max-image-preview:large, max-video-preview:-1\" \/>\n<link rel=\"canonical\" href=\"https:\/\/www.tupy.com.br\/en\/carreiras\/programa-de-trainee\/\" \/>\n<meta property=\"og:locale\" content=\"en_US\" \/>\n<meta property=\"og:type\" content=\"article\" \/>\n<meta property=\"og:title\" content=\"Trainee Program - Tupy\" \/>\n<meta property=\"og:description\" content=\"If you like challenges, are creative, want to professionally develop and grow in a company that is a reference in its segment and a specialist in quality and innovation, take part in the selection and become a trainee in one of the largest Brazilian multinationals.\" \/>\n<meta property=\"og:url\" content=\"https:\/\/www.tupy.com.br\/en\/carreiras\/programa-de-trainee\/\" \/>\n<meta property=\"og:site_name\" content=\"Tupy\" \/>\n<meta property=\"article:modified_time\" content=\"2023-11-22T17:50:34+00:00\" \/>\n<meta name=\"twitter:card\" content=\"summary_large_image\" \/>\n<script type=\"application\/ld+json\" class=\"yoast-schema-graph\">{\"@context\":\"https:\/\/schema.org\",\"@graph\":[{\"@type\":\"WebPage\",\"@id\":\"https:\/\/www.tupy.com.br\/en\/carreiras\/programa-de-trainee\/\",\"url\":\"https:\/\/www.tupy.com.br\/en\/carreiras\/programa-de-trainee\/\",\"name\":\"Trainee Program - Tupy\",\"isPartOf\":{\"@id\":\"https:\/\/www.tupy.com.br\/#website\"},\"datePublished\":\"2021-09-08T18:12:47+00:00\",\"dateModified\":\"2023-11-22T17:50:34+00:00\",\"breadcrumb\":{\"@id\":\"https:\/\/www.tupy.com.br\/en\/carreiras\/programa-de-trainee\/#breadcrumb\"},\"inLanguage\":\"en-US\",\"potentialAction\":[{\"@type\":\"ReadAction\",\"target\":[\"https:\/\/www.tupy.com.br\/en\/carreiras\/programa-de-trainee\/\"]}]},{\"@type\":\"BreadcrumbList\",\"@id\":\"https:\/\/www.tupy.com.br\/en\/carreiras\/programa-de-trainee\/#breadcrumb\",\"itemListElement\":[{\"@type\":\"ListItem\",\"position\":1,\"name\":\"Home\",\"item\":\"https:\/\/www.tupy.com.br\/en\/\"},{\"@type\":\"ListItem\",\"position\":2,\"name\":\"Careers\",\"item\":\"https:\/\/www.tupy.com.br\/en\/carreiras\/\"},{\"@type\":\"ListItem\",\"position\":3,\"name\":\"Trainee Program\"}]},{\"@type\":\"WebSite\",\"@id\":\"https:\/\/www.tupy.com.br\/#website\",\"url\":\"https:\/\/www.tupy.com.br\/\",\"name\":\"Tupy\",\"description\":\"Refer\u00eancia em tecnologia de fundi\u00e7\u00e3o de blocos e cabe\u00e7otes de motor de ferro e usinagem.\",\"potentialAction\":[{\"@type\":\"SearchAction\",\"target\":{\"@type\":\"EntryPoint\",\"urlTemplate\":\"https:\/\/www.tupy.com.br\/?s={search_term_string}\"},\"query-input\":{\"@type\":\"PropertyValueSpecification\",\"valueRequired\":true,\"valueName\":\"search_term_string\"}}],\"inLanguage\":\"en-US\"}]}<\/script>\n<!-- \/ Yoast SEO plugin. -->","yoast_head_json":{"title":"Trainee Program - Tupy","robots":{"index":"index","follow":"follow","max-snippet":"max-snippet:-1","max-image-preview":"max-image-preview:large","max-video-preview":"max-video-preview:-1"},"canonical":"https:\/\/www.tupy.com.br\/en\/carreiras\/programa-de-trainee\/","og_locale":"en_US","og_type":"article","og_title":"Trainee Program - Tupy","og_description":"If you like challenges, are creative, want to professionally develop and grow in a company that is a reference in its segment and a specialist in quality and innovation, take part in the selection and become a trainee in one of the largest Brazilian multinationals.","og_url":"https:\/\/www.tupy.com.br\/en\/carreiras\/programa-de-trainee\/","og_site_name":"Tupy","article_modified_time":"2023-11-22T17:50:34+00:00","twitter_card":"summary_large_image","schema":{"@context":"https:\/\/schema.org","@graph":[{"@type":"WebPage","@id":"https:\/\/www.tupy.com.br\/en\/carreiras\/programa-de-trainee\/","url":"https:\/\/www.tupy.com.br\/en\/carreiras\/programa-de-trainee\/","name":"Trainee Program - Tupy","isPartOf":{"@id":"https:\/\/www.tupy.com.br\/#website"},"datePublished":"2021-09-08T18:12:47+00:00","dateModified":"2023-11-22T17:50:34+00:00","breadcrumb":{"@id":"https:\/\/www.tupy.com.br\/en\/carreiras\/programa-de-trainee\/#breadcrumb"},"inLanguage":"en-US","potentialAction":[{"@type":"ReadAction","target":["https:\/\/www.tupy.com.br\/en\/carreiras\/programa-de-trainee\/"]}]},{"@type":"BreadcrumbList","@id":"https:\/\/www.tupy.com.br\/en\/carreiras\/programa-de-trainee\/#breadcrumb","itemListElement":[{"@type":"ListItem","position":1,"name":"Home","item":"https:\/\/www.tupy.com.br\/en\/"},{"@type":"ListItem","position":2,"name":"Careers","item":"https:\/\/www.tupy.com.br\/en\/carreiras\/"},{"@type":"ListItem","position":3,"name":"Trainee Program"}]},{"@type":"WebSite","@id":"https:\/\/www.tupy.com.br\/#website","url":"https:\/\/www.tupy.com.br\/","name":"Tupy","description":"Refer\u00eancia em tecnologia de fundi\u00e7\u00e3o de blocos e cabe\u00e7otes de motor de ferro e usinagem.","potentialAction":[{"@type":"SearchAction","target":{"@type":"EntryPoint","urlTemplate":"https:\/\/www.tupy.com.br\/?s={search_term_string}"},"query-input":{"@type":"PropertyValueSpecification","valueRequired":true,"valueName":"search_term_string"}}],"inLanguage":"en-US"}]}},"_links":{"self":[{"href":"https:\/\/www.tupy.com.br\/en\/wp-json\/wp\/v2\/pages\/2693","targetHints":{"allow":["GET"]}}],"collection":[{"href":"https:\/\/www.tupy.com.br\/en\/wp-json\/wp\/v2\/pages"}],"about":[{"href":"https:\/\/www.tupy.com.br\/en\/wp-json\/wp\/v2\/types\/page"}],"author":[{"embeddable":true,"href":"https:\/\/www.tupy.com.br\/en\/wp-json\/wp\/v2\/users\/1"}],"replies":[{"embeddable":true,"href":"https:\/\/www.tupy.com.br\/en\/wp-json\/wp\/v2\/comments?post=2693"}],"version-history":[{"count":5,"href":"https:\/\/www.tupy.com.br\/en\/wp-json\/wp\/v2\/pages\/2693\/revisions"}],"predecessor-version":[{"id":6514,"href":"https:\/\/www.tupy.com.br\/en\/wp-json\/wp\/v2\/pages\/2693\/revisions\/6514"}],"up":[{"embeddable":true,"href":"https:\/\/www.tupy.com.br\/en\/wp-json\/wp\/v2\/pages\/2656"}],"wp:attachment":[{"href":"https:\/\/www.tupy.com.br\/en\/wp-json\/wp\/v2\/media?parent=2693"}],"curies":[{"name":"wp","href":"https:\/\/api.w.org\/{rel}","templated":true}]}}