{"id":2684,"date":"2021-09-08T11:50:56","date_gmt":"2021-09-08T14:50:56","guid":{"rendered":"https:\/\/www.tupy.com.br\/?page_id=2684"},"modified":"2023-11-22T14:52:28","modified_gmt":"2023-11-22T17:52:28","slug":"programa-de-estagio","status":"publish","type":"page","link":"https:\/\/www.tupy.com.br\/en\/carreiras\/programa-de-estagio\/","title":{"rendered":"Internship program"},"content":{"rendered":"","protected":false},"excerpt":{"rendered":"<p>The Internship Program is a form of starting a career of success in a multinational company with global prominence. There are opportunities in the engineering, manufacturing, administrative, and commercial areas<\/p>\n","protected":false},"author":1,"featured_media":0,"parent":2656,"menu_order":66,"comment_status":"closed","ping_status":"closed","template":"page-templates\/carreiras-interna.php","meta":{"_acf_changed":false,"footnotes":""},"class_list":["post-2684","page","type-page","status-publish","hentry"],"acf":[],"yoast_head":"<!-- This site is optimized with the Yoast SEO plugin v27.4 - https:\/\/yoast.com\/product\/yoast-seo-wordpress\/ -->\n<title>Internship program - Tupy<\/title>\n<meta name=\"robots\" content=\"index, follow, max-snippet:-1, max-image-preview:large, max-video-preview:-1\" \/>\n<link rel=\"canonical\" href=\"https:\/\/www.tupy.com.br\/en\/carreiras\/programa-de-estagio\/\" \/>\n<meta property=\"og:locale\" content=\"en_US\" \/>\n<meta property=\"og:type\" content=\"article\" \/>\n<meta property=\"og:title\" content=\"Internship program - Tupy\" \/>\n<meta property=\"og:description\" content=\"The Internship Program is a form of starting a career of success in a multinational company with global prominence. There are opportunities in the engineering, manufacturing, administrative, and commercial areas\" \/>\n<meta property=\"og:url\" content=\"https:\/\/www.tupy.com.br\/en\/carreiras\/programa-de-estagio\/\" \/>\n<meta property=\"og:site_name\" content=\"Tupy\" \/>\n<meta property=\"article:modified_time\" content=\"2023-11-22T17:52:28+00:00\" \/>\n<meta name=\"twitter:card\" content=\"summary_large_image\" \/>\n<script type=\"application\/ld+json\" class=\"yoast-schema-graph\">{\"@context\":\"https:\\\/\\\/schema.org\",\"@graph\":[{\"@type\":\"WebPage\",\"@id\":\"https:\\\/\\\/www.tupy.com.br\\\/en\\\/carreiras\\\/programa-de-estagio\\\/\",\"url\":\"https:\\\/\\\/www.tupy.com.br\\\/en\\\/carreiras\\\/programa-de-estagio\\\/\",\"name\":\"Internship program - Tupy\",\"isPartOf\":{\"@id\":\"https:\\\/\\\/www.tupy.com.br\\\/#website\"},\"datePublished\":\"2021-09-08T14:50:56+00:00\",\"dateModified\":\"2023-11-22T17:52:28+00:00\",\"breadcrumb\":{\"@id\":\"https:\\\/\\\/www.tupy.com.br\\\/en\\\/carreiras\\\/programa-de-estagio\\\/#breadcrumb\"},\"inLanguage\":\"en-US\",\"potentialAction\":[{\"@type\":\"ReadAction\",\"target\":[\"https:\\\/\\\/www.tupy.com.br\\\/en\\\/carreiras\\\/programa-de-estagio\\\/\"]}]},{\"@type\":\"BreadcrumbList\",\"@id\":\"https:\\\/\\\/www.tupy.com.br\\\/en\\\/carreiras\\\/programa-de-estagio\\\/#breadcrumb\",\"itemListElement\":[{\"@type\":\"ListItem\",\"position\":1,\"name\":\"Home\",\"item\":\"https:\\\/\\\/www.tupy.com.br\\\/en\\\/\"},{\"@type\":\"ListItem\",\"position\":2,\"name\":\"Careers\",\"item\":\"https:\\\/\\\/www.tupy.com.br\\\/en\\\/carreiras\\\/\"},{\"@type\":\"ListItem\",\"position\":3,\"name\":\"Internship program\"}]},{\"@type\":\"WebSite\",\"@id\":\"https:\\\/\\\/www.tupy.com.br\\\/#website\",\"url\":\"https:\\\/\\\/www.tupy.com.br\\\/\",\"name\":\"Tupy\",\"description\":\"Refer\u00eancia em tecnologia de fundi\u00e7\u00e3o de blocos e cabe\u00e7otes de motor de ferro e usinagem.\",\"potentialAction\":[{\"@type\":\"SearchAction\",\"target\":{\"@type\":\"EntryPoint\",\"urlTemplate\":\"https:\\\/\\\/www.tupy.com.br\\\/?s={search_term_string}\"},\"query-input\":{\"@type\":\"PropertyValueSpecification\",\"valueRequired\":true,\"valueName\":\"search_term_string\"}}],\"inLanguage\":\"en-US\"}]}<\/script>\n<!-- \/ Yoast SEO plugin. -->","yoast_head_json":{"title":"Internship program - Tupy","robots":{"index":"index","follow":"follow","max-snippet":"max-snippet:-1","max-image-preview":"max-image-preview:large","max-video-preview":"max-video-preview:-1"},"canonical":"https:\/\/www.tupy.com.br\/en\/carreiras\/programa-de-estagio\/","og_locale":"en_US","og_type":"article","og_title":"Internship program - Tupy","og_description":"The Internship Program is a form of starting a career of success in a multinational company with global prominence. There are opportunities in the engineering, manufacturing, administrative, and commercial areas","og_url":"https:\/\/www.tupy.com.br\/en\/carreiras\/programa-de-estagio\/","og_site_name":"Tupy","article_modified_time":"2023-11-22T17:52:28+00:00","twitter_card":"summary_large_image","schema":{"@context":"https:\/\/schema.org","@graph":[{"@type":"WebPage","@id":"https:\/\/www.tupy.com.br\/en\/carreiras\/programa-de-estagio\/","url":"https:\/\/www.tupy.com.br\/en\/carreiras\/programa-de-estagio\/","name":"Internship program - Tupy","isPartOf":{"@id":"https:\/\/www.tupy.com.br\/#website"},"datePublished":"2021-09-08T14:50:56+00:00","dateModified":"2023-11-22T17:52:28+00:00","breadcrumb":{"@id":"https:\/\/www.tupy.com.br\/en\/carreiras\/programa-de-estagio\/#breadcrumb"},"inLanguage":"en-US","potentialAction":[{"@type":"ReadAction","target":["https:\/\/www.tupy.com.br\/en\/carreiras\/programa-de-estagio\/"]}]},{"@type":"BreadcrumbList","@id":"https:\/\/www.tupy.com.br\/en\/carreiras\/programa-de-estagio\/#breadcrumb","itemListElement":[{"@type":"ListItem","position":1,"name":"Home","item":"https:\/\/www.tupy.com.br\/en\/"},{"@type":"ListItem","position":2,"name":"Careers","item":"https:\/\/www.tupy.com.br\/en\/carreiras\/"},{"@type":"ListItem","position":3,"name":"Internship program"}]},{"@type":"WebSite","@id":"https:\/\/www.tupy.com.br\/#website","url":"https:\/\/www.tupy.com.br\/","name":"Tupy","description":"Refer\u00eancia em tecnologia de fundi\u00e7\u00e3o de blocos e cabe\u00e7otes de motor de ferro e usinagem.","potentialAction":[{"@type":"SearchAction","target":{"@type":"EntryPoint","urlTemplate":"https:\/\/www.tupy.com.br\/?s={search_term_string}"},"query-input":{"@type":"PropertyValueSpecification","valueRequired":true,"valueName":"search_term_string"}}],"inLanguage":"en-US"}]}},"_links":{"self":[{"href":"https:\/\/www.tupy.com.br\/en\/wp-json\/wp\/v2\/pages\/2684","targetHints":{"allow":["GET"]}}],"collection":[{"href":"https:\/\/www.tupy.com.br\/en\/wp-json\/wp\/v2\/pages"}],"about":[{"href":"https:\/\/www.tupy.com.br\/en\/wp-json\/wp\/v2\/types\/page"}],"author":[{"embeddable":true,"href":"https:\/\/www.tupy.com.br\/en\/wp-json\/wp\/v2\/users\/1"}],"replies":[{"embeddable":true,"href":"https:\/\/www.tupy.com.br\/en\/wp-json\/wp\/v2\/comments?post=2684"}],"version-history":[{"count":5,"href":"https:\/\/www.tupy.com.br\/en\/wp-json\/wp\/v2\/pages\/2684\/revisions"}],"predecessor-version":[{"id":6510,"href":"https:\/\/www.tupy.com.br\/en\/wp-json\/wp\/v2\/pages\/2684\/revisions\/6510"}],"up":[{"embeddable":true,"href":"https:\/\/www.tupy.com.br\/en\/wp-json\/wp\/v2\/pages\/2656"}],"wp:attachment":[{"href":"https:\/\/www.tupy.com.br\/en\/wp-json\/wp\/v2\/media?parent=2684"}],"curies":[{"name":"wp","href":"https:\/\/api.w.org\/{rel}","templated":true}]}}