{"id":2624,"date":"2021-09-06T16:32:46","date_gmt":"2021-09-06T19:32:46","guid":{"rendered":"https:\/\/www.tupy.com.br\/?page_id=2624"},"modified":"2025-07-23T10:04:26","modified_gmt":"2025-07-23T13:04:26","slug":"sustentabilidade","status":"publish","type":"page","link":"https:\/\/www.tupy.com.br\/en\/sustentabilidade\/","title":{"rendered":"Sustainability"},"content":{"rendered":"","protected":false},"excerpt":{"rendered":"<p>Our sustainability strategy and commitments are based on the belief that our technologies can contribute for the resolution of the large global social challenges, preserving the environment and promoting better life conditions.<\/p>\n","protected":false},"author":1,"featured_media":2644,"parent":0,"menu_order":31,"comment_status":"closed","ping_status":"closed","template":"page-templates\/sustentabilidade-relatorios.php","meta":{"footnotes":""},"class_list":["post-2624","page","type-page","status-publish","has-post-thumbnail","hentry"],"yoast_head":"<!-- This site is optimized with the Yoast SEO plugin v27.1.1 - https:\/\/yoast.com\/product\/yoast-seo-wordpress\/ -->\n<title>Sustainability - Tupy<\/title>\n<meta name=\"robots\" content=\"index, follow, max-snippet:-1, max-image-preview:large, max-video-preview:-1\" \/>\n<link rel=\"canonical\" href=\"https:\/\/www.tupy.com.br\/en\/sustentabilidade\/\" \/>\n<meta property=\"og:locale\" content=\"en_US\" \/>\n<meta property=\"og:type\" content=\"article\" \/>\n<meta property=\"og:title\" content=\"Sustainability - Tupy\" \/>\n<meta property=\"og:description\" content=\"Our sustainability strategy and commitments are based on the belief that our technologies can contribute for the resolution of the large global social challenges, preserving the environment and promoting better life conditions.\" \/>\n<meta property=\"og:url\" content=\"https:\/\/www.tupy.com.br\/en\/sustentabilidade\/\" \/>\n<meta property=\"og:site_name\" content=\"Tupy\" \/>\n<meta property=\"article:modified_time\" content=\"2025-07-23T13:04:26+00:00\" \/>\n<meta property=\"og:image\" content=\"https:\/\/www.tupy.com.br\/wp-content\/uploads\/2021\/07\/img-sustentabilidade-header.jpg\" \/>\n\t<meta property=\"og:image:width\" content=\"1200\" \/>\n\t<meta property=\"og:image:height\" content=\"1430\" \/>\n\t<meta property=\"og:image:type\" content=\"image\/jpeg\" \/>\n<meta name=\"twitter:card\" content=\"summary_large_image\" \/>\n<script type=\"application\/ld+json\" class=\"yoast-schema-graph\">{\"@context\":\"https:\/\/schema.org\",\"@graph\":[{\"@type\":\"WebPage\",\"@id\":\"https:\/\/www.tupy.com.br\/en\/sustentabilidade\/\",\"url\":\"https:\/\/www.tupy.com.br\/en\/sustentabilidade\/\",\"name\":\"Sustainability - Tupy\",\"isPartOf\":{\"@id\":\"https:\/\/www.tupy.com.br\/#website\"},\"primaryImageOfPage\":{\"@id\":\"https:\/\/www.tupy.com.br\/en\/sustentabilidade\/#primaryimage\"},\"image\":{\"@id\":\"https:\/\/www.tupy.com.br\/en\/sustentabilidade\/#primaryimage\"},\"thumbnailUrl\":\"https:\/\/www.tupy.com.br\/wp-content\/uploads\/2021\/07\/img-sustentabilidade-header.jpg\",\"datePublished\":\"2021-09-06T19:32:46+00:00\",\"dateModified\":\"2025-07-23T13:04:26+00:00\",\"breadcrumb\":{\"@id\":\"https:\/\/www.tupy.com.br\/en\/sustentabilidade\/#breadcrumb\"},\"inLanguage\":\"en-US\",\"potentialAction\":[{\"@type\":\"ReadAction\",\"target\":[\"https:\/\/www.tupy.com.br\/en\/sustentabilidade\/\"]}]},{\"@type\":\"ImageObject\",\"inLanguage\":\"en-US\",\"@id\":\"https:\/\/www.tupy.com.br\/en\/sustentabilidade\/#primaryimage\",\"url\":\"https:\/\/www.tupy.com.br\/wp-content\/uploads\/2021\/07\/img-sustentabilidade-header.jpg\",\"contentUrl\":\"https:\/\/www.tupy.com.br\/wp-content\/uploads\/2021\/07\/img-sustentabilidade-header.jpg\",\"width\":1200,\"height\":1430},{\"@type\":\"BreadcrumbList\",\"@id\":\"https:\/\/www.tupy.com.br\/en\/sustentabilidade\/#breadcrumb\",\"itemListElement\":[{\"@type\":\"ListItem\",\"position\":1,\"name\":\"Home\",\"item\":\"https:\/\/www.tupy.com.br\/en\/\"},{\"@type\":\"ListItem\",\"position\":2,\"name\":\"Sustainability\"}]},{\"@type\":\"WebSite\",\"@id\":\"https:\/\/www.tupy.com.br\/#website\",\"url\":\"https:\/\/www.tupy.com.br\/\",\"name\":\"Tupy\",\"description\":\"Refer\u00eancia em tecnologia de fundi\u00e7\u00e3o de blocos e cabe\u00e7otes de motor de ferro e usinagem.\",\"potentialAction\":[{\"@type\":\"SearchAction\",\"target\":{\"@type\":\"EntryPoint\",\"urlTemplate\":\"https:\/\/www.tupy.com.br\/?s={search_term_string}\"},\"query-input\":{\"@type\":\"PropertyValueSpecification\",\"valueRequired\":true,\"valueName\":\"search_term_string\"}}],\"inLanguage\":\"en-US\"}]}<\/script>\n<!-- \/ Yoast SEO plugin. -->","yoast_head_json":{"title":"Sustainability - Tupy","robots":{"index":"index","follow":"follow","max-snippet":"max-snippet:-1","max-image-preview":"max-image-preview:large","max-video-preview":"max-video-preview:-1"},"canonical":"https:\/\/www.tupy.com.br\/en\/sustentabilidade\/","og_locale":"en_US","og_type":"article","og_title":"Sustainability - Tupy","og_description":"Our sustainability strategy and commitments are based on the belief that our technologies can contribute for the resolution of the large global social challenges, preserving the environment and promoting better life conditions.","og_url":"https:\/\/www.tupy.com.br\/en\/sustentabilidade\/","og_site_name":"Tupy","article_modified_time":"2025-07-23T13:04:26+00:00","og_image":[{"width":1200,"height":1430,"url":"https:\/\/www.tupy.com.br\/wp-content\/uploads\/2021\/07\/img-sustentabilidade-header.jpg","type":"image\/jpeg"}],"twitter_card":"summary_large_image","schema":{"@context":"https:\/\/schema.org","@graph":[{"@type":"WebPage","@id":"https:\/\/www.tupy.com.br\/en\/sustentabilidade\/","url":"https:\/\/www.tupy.com.br\/en\/sustentabilidade\/","name":"Sustainability - Tupy","isPartOf":{"@id":"https:\/\/www.tupy.com.br\/#website"},"primaryImageOfPage":{"@id":"https:\/\/www.tupy.com.br\/en\/sustentabilidade\/#primaryimage"},"image":{"@id":"https:\/\/www.tupy.com.br\/en\/sustentabilidade\/#primaryimage"},"thumbnailUrl":"https:\/\/www.tupy.com.br\/wp-content\/uploads\/2021\/07\/img-sustentabilidade-header.jpg","datePublished":"2021-09-06T19:32:46+00:00","dateModified":"2025-07-23T13:04:26+00:00","breadcrumb":{"@id":"https:\/\/www.tupy.com.br\/en\/sustentabilidade\/#breadcrumb"},"inLanguage":"en-US","potentialAction":[{"@type":"ReadAction","target":["https:\/\/www.tupy.com.br\/en\/sustentabilidade\/"]}]},{"@type":"ImageObject","inLanguage":"en-US","@id":"https:\/\/www.tupy.com.br\/en\/sustentabilidade\/#primaryimage","url":"https:\/\/www.tupy.com.br\/wp-content\/uploads\/2021\/07\/img-sustentabilidade-header.jpg","contentUrl":"https:\/\/www.tupy.com.br\/wp-content\/uploads\/2021\/07\/img-sustentabilidade-header.jpg","width":1200,"height":1430},{"@type":"BreadcrumbList","@id":"https:\/\/www.tupy.com.br\/en\/sustentabilidade\/#breadcrumb","itemListElement":[{"@type":"ListItem","position":1,"name":"Home","item":"https:\/\/www.tupy.com.br\/en\/"},{"@type":"ListItem","position":2,"name":"Sustainability"}]},{"@type":"WebSite","@id":"https:\/\/www.tupy.com.br\/#website","url":"https:\/\/www.tupy.com.br\/","name":"Tupy","description":"Refer\u00eancia em tecnologia de fundi\u00e7\u00e3o de blocos e cabe\u00e7otes de motor de ferro e usinagem.","potentialAction":[{"@type":"SearchAction","target":{"@type":"EntryPoint","urlTemplate":"https:\/\/www.tupy.com.br\/?s={search_term_string}"},"query-input":{"@type":"PropertyValueSpecification","valueRequired":true,"valueName":"search_term_string"}}],"inLanguage":"en-US"}]}},"_links":{"self":[{"href":"https:\/\/www.tupy.com.br\/en\/wp-json\/wp\/v2\/pages\/2624","targetHints":{"allow":["GET"]}}],"collection":[{"href":"https:\/\/www.tupy.com.br\/en\/wp-json\/wp\/v2\/pages"}],"about":[{"href":"https:\/\/www.tupy.com.br\/en\/wp-json\/wp\/v2\/types\/page"}],"author":[{"embeddable":true,"href":"https:\/\/www.tupy.com.br\/en\/wp-json\/wp\/v2\/users\/1"}],"replies":[{"embeddable":true,"href":"https:\/\/www.tupy.com.br\/en\/wp-json\/wp\/v2\/comments?post=2624"}],"version-history":[{"count":5,"href":"https:\/\/www.tupy.com.br\/en\/wp-json\/wp\/v2\/pages\/2624\/revisions"}],"predecessor-version":[{"id":7206,"href":"https:\/\/www.tupy.com.br\/en\/wp-json\/wp\/v2\/pages\/2624\/revisions\/7206"}],"wp:featuredmedia":[{"embeddable":true,"href":"https:\/\/www.tupy.com.br\/en\/wp-json\/wp\/v2\/media\/2644"}],"wp:attachment":[{"href":"https:\/\/www.tupy.com.br\/en\/wp-json\/wp\/v2\/media?parent=2624"}],"curies":[{"name":"wp","href":"https:\/\/api.w.org\/{rel}","templated":true}]}}