{"id":2548,"date":"2021-09-06T14:56:42","date_gmt":"2021-09-06T17:56:42","guid":{"rendered":"https:\/\/www.tupy.com.br\/?page_id=2548"},"modified":"2023-03-06T11:16:01","modified_gmt":"2023-03-06T14:16:01","slug":"inovacao-e-tecnologia","status":"publish","type":"page","link":"https:\/\/www.tupy.com.br\/en\/inovacao-e-tecnologia\/","title":{"rendered":"Innovation &#038; Technology"},"content":{"rendered":"","protected":false},"excerpt":{"rendered":"<p>The knowledge base of Tupy comes from metallurgy. Over the years, thinking in the properties of metals\u00a0 and other materials, and their application in the market enabled us to perform in diversified applications and segments, identifying the needs and connecting them to our technical and technological skills.<\/p>\n<p>The products developed by Tupy are customized to meet the needs of each individual customer. More than investing in technology, we invest in our employees qualification and development.<\/p>\n","protected":false},"author":1,"featured_media":2566,"parent":0,"menu_order":75,"comment_status":"closed","ping_status":"closed","template":"page-templates\/inovacao-e-tecnologia.php","meta":{"footnotes":""},"class_list":["post-2548","page","type-page","status-publish","has-post-thumbnail","hentry"],"yoast_head":"<!-- This site is optimized with the Yoast SEO plugin v27.1.1 - https:\/\/yoast.com\/product\/yoast-seo-wordpress\/ -->\n<title>Innovation &amp; Technology - Tupy<\/title>\n<meta name=\"robots\" content=\"index, follow, max-snippet:-1, max-image-preview:large, max-video-preview:-1\" \/>\n<link rel=\"canonical\" href=\"https:\/\/tupy.com\/inovacao-e-tecnologia\/\" \/>\n<meta property=\"og:locale\" content=\"en_US\" \/>\n<meta property=\"og:type\" content=\"article\" \/>\n<meta property=\"og:title\" content=\"Innovation &amp; Technology - Tupy\" \/>\n<meta property=\"og:description\" content=\"The knowledge base of Tupy comes from metallurgy. Over the years, thinking in the properties of metals\u00a0 and other materials, and their application in the market enabled us to perform in diversified applications and segments, identifying the needs and connecting them to our technical and technological skills.The products developed by Tupy are customized to meet the needs of each individual customer. More than investing in technology, we invest in our employees qualification and development.\" \/>\n<meta property=\"og:url\" content=\"https:\/\/tupy.com\/inovacao-e-tecnologia\/\" \/>\n<meta property=\"og:site_name\" content=\"Tupy\" \/>\n<meta property=\"article:modified_time\" content=\"2023-03-06T14:16:01+00:00\" \/>\n<meta property=\"og:image\" content=\"https:\/\/tupy.com\/wp-content\/uploads\/2021\/06\/img-inovacao-header.jpg\" \/>\n\t<meta property=\"og:image:width\" content=\"600\" \/>\n\t<meta property=\"og:image:height\" content=\"715\" \/>\n\t<meta property=\"og:image:type\" content=\"image\/jpeg\" \/>\n<meta name=\"twitter:card\" content=\"summary_large_image\" \/>\n<script type=\"application\/ld+json\" class=\"yoast-schema-graph\">{\"@context\":\"https:\/\/schema.org\",\"@graph\":[{\"@type\":\"WebPage\",\"@id\":\"https:\/\/tupy.com\/inovacao-e-tecnologia\/\",\"url\":\"https:\/\/tupy.com\/inovacao-e-tecnologia\/\",\"name\":\"Innovation & Technology - Tupy\",\"isPartOf\":{\"@id\":\"https:\/\/www.tupy.com.br\/#website\"},\"primaryImageOfPage\":{\"@id\":\"https:\/\/tupy.com\/inovacao-e-tecnologia\/#primaryimage\"},\"image\":{\"@id\":\"https:\/\/tupy.com\/inovacao-e-tecnologia\/#primaryimage\"},\"thumbnailUrl\":\"https:\/\/www.tupy.com.br\/wp-content\/uploads\/2021\/06\/img-inovacao-header.jpg\",\"datePublished\":\"2021-09-06T17:56:42+00:00\",\"dateModified\":\"2023-03-06T14:16:01+00:00\",\"breadcrumb\":{\"@id\":\"https:\/\/tupy.com\/inovacao-e-tecnologia\/#breadcrumb\"},\"inLanguage\":\"en-US\",\"potentialAction\":[{\"@type\":\"ReadAction\",\"target\":[\"https:\/\/tupy.com\/inovacao-e-tecnologia\/\"]}]},{\"@type\":\"ImageObject\",\"inLanguage\":\"en-US\",\"@id\":\"https:\/\/tupy.com\/inovacao-e-tecnologia\/#primaryimage\",\"url\":\"https:\/\/www.tupy.com.br\/wp-content\/uploads\/2021\/06\/img-inovacao-header.jpg\",\"contentUrl\":\"https:\/\/www.tupy.com.br\/wp-content\/uploads\/2021\/06\/img-inovacao-header.jpg\",\"width\":600,\"height\":715},{\"@type\":\"BreadcrumbList\",\"@id\":\"https:\/\/tupy.com\/inovacao-e-tecnologia\/#breadcrumb\",\"itemListElement\":[{\"@type\":\"ListItem\",\"position\":1,\"name\":\"Home\",\"item\":\"https:\/\/www.tupy.com.br\/en\/\"},{\"@type\":\"ListItem\",\"position\":2,\"name\":\"Innovation &#038; Technology\"}]},{\"@type\":\"WebSite\",\"@id\":\"https:\/\/www.tupy.com.br\/#website\",\"url\":\"https:\/\/www.tupy.com.br\/\",\"name\":\"Tupy\",\"description\":\"Refer\u00eancia em tecnologia de fundi\u00e7\u00e3o de blocos e cabe\u00e7otes de motor de ferro e usinagem.\",\"potentialAction\":[{\"@type\":\"SearchAction\",\"target\":{\"@type\":\"EntryPoint\",\"urlTemplate\":\"https:\/\/www.tupy.com.br\/?s={search_term_string}\"},\"query-input\":{\"@type\":\"PropertyValueSpecification\",\"valueRequired\":true,\"valueName\":\"search_term_string\"}}],\"inLanguage\":\"en-US\"}]}<\/script>\n<!-- \/ Yoast SEO plugin. -->","yoast_head_json":{"title":"Innovation & Technology - Tupy","robots":{"index":"index","follow":"follow","max-snippet":"max-snippet:-1","max-image-preview":"max-image-preview:large","max-video-preview":"max-video-preview:-1"},"canonical":"https:\/\/tupy.com\/inovacao-e-tecnologia\/","og_locale":"en_US","og_type":"article","og_title":"Innovation & Technology - Tupy","og_description":"The knowledge base of Tupy comes from metallurgy. Over the years, thinking in the properties of metals\u00a0 and other materials, and their application in the market enabled us to perform in diversified applications and segments, identifying the needs and connecting them to our technical and technological skills.The products developed by Tupy are customized to meet the needs of each individual customer. More than investing in technology, we invest in our employees qualification and development.","og_url":"https:\/\/tupy.com\/inovacao-e-tecnologia\/","og_site_name":"Tupy","article_modified_time":"2023-03-06T14:16:01+00:00","og_image":[{"width":600,"height":715,"url":"https:\/\/tupy.com\/wp-content\/uploads\/2021\/06\/img-inovacao-header.jpg","type":"image\/jpeg"}],"twitter_card":"summary_large_image","schema":{"@context":"https:\/\/schema.org","@graph":[{"@type":"WebPage","@id":"https:\/\/tupy.com\/inovacao-e-tecnologia\/","url":"https:\/\/tupy.com\/inovacao-e-tecnologia\/","name":"Innovation & Technology - Tupy","isPartOf":{"@id":"https:\/\/www.tupy.com.br\/#website"},"primaryImageOfPage":{"@id":"https:\/\/tupy.com\/inovacao-e-tecnologia\/#primaryimage"},"image":{"@id":"https:\/\/tupy.com\/inovacao-e-tecnologia\/#primaryimage"},"thumbnailUrl":"https:\/\/www.tupy.com.br\/wp-content\/uploads\/2021\/06\/img-inovacao-header.jpg","datePublished":"2021-09-06T17:56:42+00:00","dateModified":"2023-03-06T14:16:01+00:00","breadcrumb":{"@id":"https:\/\/tupy.com\/inovacao-e-tecnologia\/#breadcrumb"},"inLanguage":"en-US","potentialAction":[{"@type":"ReadAction","target":["https:\/\/tupy.com\/inovacao-e-tecnologia\/"]}]},{"@type":"ImageObject","inLanguage":"en-US","@id":"https:\/\/tupy.com\/inovacao-e-tecnologia\/#primaryimage","url":"https:\/\/www.tupy.com.br\/wp-content\/uploads\/2021\/06\/img-inovacao-header.jpg","contentUrl":"https:\/\/www.tupy.com.br\/wp-content\/uploads\/2021\/06\/img-inovacao-header.jpg","width":600,"height":715},{"@type":"BreadcrumbList","@id":"https:\/\/tupy.com\/inovacao-e-tecnologia\/#breadcrumb","itemListElement":[{"@type":"ListItem","position":1,"name":"Home","item":"https:\/\/www.tupy.com.br\/en\/"},{"@type":"ListItem","position":2,"name":"Innovation &#038; Technology"}]},{"@type":"WebSite","@id":"https:\/\/www.tupy.com.br\/#website","url":"https:\/\/www.tupy.com.br\/","name":"Tupy","description":"Refer\u00eancia em tecnologia de fundi\u00e7\u00e3o de blocos e cabe\u00e7otes de motor de ferro e usinagem.","potentialAction":[{"@type":"SearchAction","target":{"@type":"EntryPoint","urlTemplate":"https:\/\/www.tupy.com.br\/?s={search_term_string}"},"query-input":{"@type":"PropertyValueSpecification","valueRequired":true,"valueName":"search_term_string"}}],"inLanguage":"en-US"}]}},"_links":{"self":[{"href":"https:\/\/www.tupy.com.br\/en\/wp-json\/wp\/v2\/pages\/2548","targetHints":{"allow":["GET"]}}],"collection":[{"href":"https:\/\/www.tupy.com.br\/en\/wp-json\/wp\/v2\/pages"}],"about":[{"href":"https:\/\/www.tupy.com.br\/en\/wp-json\/wp\/v2\/types\/page"}],"author":[{"embeddable":true,"href":"https:\/\/www.tupy.com.br\/en\/wp-json\/wp\/v2\/users\/1"}],"replies":[{"embeddable":true,"href":"https:\/\/www.tupy.com.br\/en\/wp-json\/wp\/v2\/comments?post=2548"}],"version-history":[{"count":5,"href":"https:\/\/www.tupy.com.br\/en\/wp-json\/wp\/v2\/pages\/2548\/revisions"}],"predecessor-version":[{"id":6037,"href":"https:\/\/www.tupy.com.br\/en\/wp-json\/wp\/v2\/pages\/2548\/revisions\/6037"}],"wp:featuredmedia":[{"embeddable":true,"href":"https:\/\/www.tupy.com.br\/en\/wp-json\/wp\/v2\/media\/2566"}],"wp:attachment":[{"href":"https:\/\/www.tupy.com.br\/en\/wp-json\/wp\/v2\/media?parent=2548"}],"curies":[{"name":"wp","href":"https:\/\/api.w.org\/{rel}","templated":true}]}}