{"id":2531,"date":"2021-09-06T14:37:46","date_gmt":"2021-09-06T17:37:46","guid":{"rendered":"https:\/\/www.tupy.com.br\/?page_id=2531"},"modified":"2021-09-21T13:17:58","modified_gmt":"2021-09-21T16:17:58","slug":"componentes-estruturais-e-pecas-de-engenharia","status":"publish","type":"page","link":"https:\/\/www.tupy.com.br\/en\/solucoes\/componentes-estruturais-e-pecas-de-engenharia\/","title":{"rendered":"Structural Components"},"content":{"rendered":"","protected":false},"excerpt":{"rendered":"<p>We produce structural components to a high level of geometrical and metallurgical complexity. They include hundreds of products which Tupy\u2019s engineering support in the early stages help to streamline the entire development and production process, resulting in high-quality and manufacturability.<br \/>Our customers are major global players, occupying leading positions in their segments, manufacturing vehicles, machines, and equipment for the transportation, agricultural, construction &#038; infrastructure, mining and power generation sectors.<\/p>\n","protected":false},"author":1,"featured_media":2534,"parent":2826,"menu_order":44,"comment_status":"closed","ping_status":"closed","template":"page-templates\/solucoes-componentes.php","meta":{"footnotes":""},"class_list":["post-2531","page","type-page","status-publish","has-post-thumbnail","hentry"],"yoast_head":"<!-- This site is optimized with the Yoast SEO plugin v27.1.1 - https:\/\/yoast.com\/product\/yoast-seo-wordpress\/ -->\n<title>Structural Components - Tupy<\/title>\n<meta name=\"robots\" content=\"index, follow, max-snippet:-1, max-image-preview:large, max-video-preview:-1\" \/>\n<link rel=\"canonical\" href=\"https:\/\/www.tupy.com.br\/en\/solucoes\/componentes-estruturais-e-pecas-de-engenharia\/\" \/>\n<meta property=\"og:locale\" content=\"en_US\" \/>\n<meta property=\"og:type\" content=\"article\" \/>\n<meta property=\"og:title\" content=\"Structural Components - Tupy\" \/>\n<meta property=\"og:description\" content=\"We produce structural components to a high level of geometrical and metallurgical complexity. They include hundreds of products which Tupy\u2019s engineering support in the early stages help to streamline the entire development and production process, resulting in high-quality and manufacturability.Our customers are major global players, occupying leading positions in their segments, manufacturing vehicles, machines, and equipment for the transportation, agricultural, construction &amp; infrastructure, mining and power generation sectors.\" \/>\n<meta property=\"og:url\" content=\"https:\/\/www.tupy.com.br\/en\/solucoes\/componentes-estruturais-e-pecas-de-engenharia\/\" \/>\n<meta property=\"og:site_name\" content=\"Tupy\" \/>\n<meta property=\"article:modified_time\" content=\"2021-09-21T16:17:58+00:00\" \/>\n<meta property=\"og:image\" content=\"https:\/\/www.tupy.com.br\/wp-content\/uploads\/2021\/05\/img-componentes-header.jpg\" \/>\n\t<meta property=\"og:image:width\" content=\"600\" \/>\n\t<meta property=\"og:image:height\" content=\"715\" \/>\n\t<meta property=\"og:image:type\" content=\"image\/jpeg\" \/>\n<meta name=\"twitter:card\" content=\"summary_large_image\" \/>\n<script type=\"application\/ld+json\" class=\"yoast-schema-graph\">{\"@context\":\"https:\/\/schema.org\",\"@graph\":[{\"@type\":\"WebPage\",\"@id\":\"https:\/\/www.tupy.com.br\/en\/solucoes\/componentes-estruturais-e-pecas-de-engenharia\/\",\"url\":\"https:\/\/www.tupy.com.br\/en\/solucoes\/componentes-estruturais-e-pecas-de-engenharia\/\",\"name\":\"Structural Components - Tupy\",\"isPartOf\":{\"@id\":\"https:\/\/www.tupy.com.br\/#website\"},\"primaryImageOfPage\":{\"@id\":\"https:\/\/www.tupy.com.br\/en\/solucoes\/componentes-estruturais-e-pecas-de-engenharia\/#primaryimage\"},\"image\":{\"@id\":\"https:\/\/www.tupy.com.br\/en\/solucoes\/componentes-estruturais-e-pecas-de-engenharia\/#primaryimage\"},\"thumbnailUrl\":\"https:\/\/www.tupy.com.br\/wp-content\/uploads\/2021\/05\/img-componentes-header.jpg\",\"datePublished\":\"2021-09-06T17:37:46+00:00\",\"dateModified\":\"2021-09-21T16:17:58+00:00\",\"breadcrumb\":{\"@id\":\"https:\/\/www.tupy.com.br\/en\/solucoes\/componentes-estruturais-e-pecas-de-engenharia\/#breadcrumb\"},\"inLanguage\":\"en-US\",\"potentialAction\":[{\"@type\":\"ReadAction\",\"target\":[\"https:\/\/www.tupy.com.br\/en\/solucoes\/componentes-estruturais-e-pecas-de-engenharia\/\"]}]},{\"@type\":\"ImageObject\",\"inLanguage\":\"en-US\",\"@id\":\"https:\/\/www.tupy.com.br\/en\/solucoes\/componentes-estruturais-e-pecas-de-engenharia\/#primaryimage\",\"url\":\"https:\/\/www.tupy.com.br\/wp-content\/uploads\/2021\/05\/img-componentes-header.jpg\",\"contentUrl\":\"https:\/\/www.tupy.com.br\/wp-content\/uploads\/2021\/05\/img-componentes-header.jpg\",\"width\":600,\"height\":715},{\"@type\":\"BreadcrumbList\",\"@id\":\"https:\/\/www.tupy.com.br\/en\/solucoes\/componentes-estruturais-e-pecas-de-engenharia\/#breadcrumb\",\"itemListElement\":[{\"@type\":\"ListItem\",\"position\":1,\"name\":\"Home\",\"item\":\"https:\/\/www.tupy.com.br\/en\/\"},{\"@type\":\"ListItem\",\"position\":2,\"name\":\"Solutions\",\"item\":\"https:\/\/www.tupy.com.br\/en\/solucoes\/\"},{\"@type\":\"ListItem\",\"position\":3,\"name\":\"Structural Components\"}]},{\"@type\":\"WebSite\",\"@id\":\"https:\/\/www.tupy.com.br\/#website\",\"url\":\"https:\/\/www.tupy.com.br\/\",\"name\":\"Tupy\",\"description\":\"Refer\u00eancia em tecnologia de fundi\u00e7\u00e3o de blocos e cabe\u00e7otes de motor de ferro e usinagem.\",\"potentialAction\":[{\"@type\":\"SearchAction\",\"target\":{\"@type\":\"EntryPoint\",\"urlTemplate\":\"https:\/\/www.tupy.com.br\/?s={search_term_string}\"},\"query-input\":{\"@type\":\"PropertyValueSpecification\",\"valueRequired\":true,\"valueName\":\"search_term_string\"}}],\"inLanguage\":\"en-US\"}]}<\/script>\n<!-- \/ Yoast SEO plugin. -->","yoast_head_json":{"title":"Structural Components - Tupy","robots":{"index":"index","follow":"follow","max-snippet":"max-snippet:-1","max-image-preview":"max-image-preview:large","max-video-preview":"max-video-preview:-1"},"canonical":"https:\/\/www.tupy.com.br\/en\/solucoes\/componentes-estruturais-e-pecas-de-engenharia\/","og_locale":"en_US","og_type":"article","og_title":"Structural Components - Tupy","og_description":"We produce structural components to a high level of geometrical and metallurgical complexity. They include hundreds of products which Tupy\u2019s engineering support in the early stages help to streamline the entire development and production process, resulting in high-quality and manufacturability.Our customers are major global players, occupying leading positions in their segments, manufacturing vehicles, machines, and equipment for the transportation, agricultural, construction & infrastructure, mining and power generation sectors.","og_url":"https:\/\/www.tupy.com.br\/en\/solucoes\/componentes-estruturais-e-pecas-de-engenharia\/","og_site_name":"Tupy","article_modified_time":"2021-09-21T16:17:58+00:00","og_image":[{"width":600,"height":715,"url":"https:\/\/www.tupy.com.br\/wp-content\/uploads\/2021\/05\/img-componentes-header.jpg","type":"image\/jpeg"}],"twitter_card":"summary_large_image","schema":{"@context":"https:\/\/schema.org","@graph":[{"@type":"WebPage","@id":"https:\/\/www.tupy.com.br\/en\/solucoes\/componentes-estruturais-e-pecas-de-engenharia\/","url":"https:\/\/www.tupy.com.br\/en\/solucoes\/componentes-estruturais-e-pecas-de-engenharia\/","name":"Structural Components - Tupy","isPartOf":{"@id":"https:\/\/www.tupy.com.br\/#website"},"primaryImageOfPage":{"@id":"https:\/\/www.tupy.com.br\/en\/solucoes\/componentes-estruturais-e-pecas-de-engenharia\/#primaryimage"},"image":{"@id":"https:\/\/www.tupy.com.br\/en\/solucoes\/componentes-estruturais-e-pecas-de-engenharia\/#primaryimage"},"thumbnailUrl":"https:\/\/www.tupy.com.br\/wp-content\/uploads\/2021\/05\/img-componentes-header.jpg","datePublished":"2021-09-06T17:37:46+00:00","dateModified":"2021-09-21T16:17:58+00:00","breadcrumb":{"@id":"https:\/\/www.tupy.com.br\/en\/solucoes\/componentes-estruturais-e-pecas-de-engenharia\/#breadcrumb"},"inLanguage":"en-US","potentialAction":[{"@type":"ReadAction","target":["https:\/\/www.tupy.com.br\/en\/solucoes\/componentes-estruturais-e-pecas-de-engenharia\/"]}]},{"@type":"ImageObject","inLanguage":"en-US","@id":"https:\/\/www.tupy.com.br\/en\/solucoes\/componentes-estruturais-e-pecas-de-engenharia\/#primaryimage","url":"https:\/\/www.tupy.com.br\/wp-content\/uploads\/2021\/05\/img-componentes-header.jpg","contentUrl":"https:\/\/www.tupy.com.br\/wp-content\/uploads\/2021\/05\/img-componentes-header.jpg","width":600,"height":715},{"@type":"BreadcrumbList","@id":"https:\/\/www.tupy.com.br\/en\/solucoes\/componentes-estruturais-e-pecas-de-engenharia\/#breadcrumb","itemListElement":[{"@type":"ListItem","position":1,"name":"Home","item":"https:\/\/www.tupy.com.br\/en\/"},{"@type":"ListItem","position":2,"name":"Solutions","item":"https:\/\/www.tupy.com.br\/en\/solucoes\/"},{"@type":"ListItem","position":3,"name":"Structural Components"}]},{"@type":"WebSite","@id":"https:\/\/www.tupy.com.br\/#website","url":"https:\/\/www.tupy.com.br\/","name":"Tupy","description":"Refer\u00eancia em tecnologia de fundi\u00e7\u00e3o de blocos e cabe\u00e7otes de motor de ferro e usinagem.","potentialAction":[{"@type":"SearchAction","target":{"@type":"EntryPoint","urlTemplate":"https:\/\/www.tupy.com.br\/?s={search_term_string}"},"query-input":{"@type":"PropertyValueSpecification","valueRequired":true,"valueName":"search_term_string"}}],"inLanguage":"en-US"}]}},"_links":{"self":[{"href":"https:\/\/www.tupy.com.br\/en\/wp-json\/wp\/v2\/pages\/2531","targetHints":{"allow":["GET"]}}],"collection":[{"href":"https:\/\/www.tupy.com.br\/en\/wp-json\/wp\/v2\/pages"}],"about":[{"href":"https:\/\/www.tupy.com.br\/en\/wp-json\/wp\/v2\/types\/page"}],"author":[{"embeddable":true,"href":"https:\/\/www.tupy.com.br\/en\/wp-json\/wp\/v2\/users\/1"}],"replies":[{"embeddable":true,"href":"https:\/\/www.tupy.com.br\/en\/wp-json\/wp\/v2\/comments?post=2531"}],"version-history":[{"count":5,"href":"https:\/\/www.tupy.com.br\/en\/wp-json\/wp\/v2\/pages\/2531\/revisions"}],"predecessor-version":[{"id":4033,"href":"https:\/\/www.tupy.com.br\/en\/wp-json\/wp\/v2\/pages\/2531\/revisions\/4033"}],"up":[{"embeddable":true,"href":"https:\/\/www.tupy.com.br\/en\/wp-json\/wp\/v2\/pages\/2826"}],"wp:featuredmedia":[{"embeddable":true,"href":"https:\/\/www.tupy.com.br\/en\/wp-json\/wp\/v2\/media\/2534"}],"wp:attachment":[{"href":"https:\/\/www.tupy.com.br\/en\/wp-json\/wp\/v2\/media?parent=2531"}],"curies":[{"name":"wp","href":"https:\/\/api.w.org\/{rel}","templated":true}]}}