{"id":2454,"date":"2021-09-06T13:05:34","date_gmt":"2021-09-06T16:05:34","guid":{"rendered":"https:\/\/www.tupy.com.br\/?page_id=2454"},"modified":"2025-09-22T16:01:06","modified_gmt":"2025-09-22T19:01:06","slug":"sobre-a-tupy","status":"publish","type":"page","link":"https:\/\/www.tupy.com.br\/en\/sobre-a-tupy\/","title":{"rendered":"About Tupy"},"content":{"rendered":"","protected":false},"excerpt":{"rendered":"<p>Global company specialized in developing and manufacturing highly engineered structural cast iron components applied to complex metallurgical and geometrical components extensively used in capital goods. Tupy develops solutions present in the most diversified segments, such as freight transport (all modals), infrastructure, agriculture, power generation and many other industrial applications. For over 80 years, the Company has been promoting the access to health, basic sanitation, potable water, foods, and other basic needs for promotion of the quality of life. Innovation and technical knowledge of its employees are its hallmark in the market. The plants are located in Joinville\/SC, S\u00e3o Paulo (S\u00e3o Paulo), Betim\/MG (Brazil), and in the cities of Saltillo and Ramos Arizpe (Mexico) and Aveiro (Portugal). In addition, Tupy has offices in Sao Paulo, USA, Germany, Italy and Netherlands.<\/p>\n","protected":false},"author":1,"featured_media":2457,"parent":0,"menu_order":78,"comment_status":"closed","ping_status":"closed","template":"page-templates\/sobre.php","meta":{"_acf_changed":false,"footnotes":""},"class_list":["post-2454","page","type-page","status-publish","has-post-thumbnail","hentry"],"acf":[],"yoast_head":"<!-- This site is optimized with the Yoast SEO plugin v27.4 - https:\/\/yoast.com\/product\/yoast-seo-wordpress\/ -->\n<title>About Tupy - Tupy<\/title>\n<meta name=\"robots\" content=\"index, follow, max-snippet:-1, max-image-preview:large, max-video-preview:-1\" \/>\n<link rel=\"canonical\" href=\"https:\/\/www.tupy.com.br\/en\/sobre-a-tupy\/\" \/>\n<meta property=\"og:locale\" content=\"en_US\" \/>\n<meta property=\"og:type\" content=\"article\" \/>\n<meta property=\"og:title\" content=\"About Tupy - Tupy\" \/>\n<meta property=\"og:description\" content=\"Global company specialized in developing and manufacturing highly engineered structural cast iron components applied to complex metallurgical and geometrical components extensively used in capital goods. Tupy develops solutions present in the most diversified segments, such as freight transport (all modals), infrastructure, agriculture, power generation and many other industrial applications. For over 80 years, the Company has been promoting the access to health, basic sanitation, potable water, foods, and other basic needs for promotion of the quality of life. Innovation and technical knowledge of its employees are its hallmark in the market. The plants are located in Joinville\/SC, S\u00e3o Paulo (S\u00e3o Paulo), Betim\/MG (Brazil), and in the cities of Saltillo and Ramos Arizpe (Mexico) and Aveiro (Portugal). In addition, Tupy has offices in Sao Paulo, USA, Germany, Italy and Netherlands.\" \/>\n<meta property=\"og:url\" content=\"https:\/\/www.tupy.com.br\/en\/sobre-a-tupy\/\" \/>\n<meta property=\"og:site_name\" content=\"Tupy\" \/>\n<meta property=\"article:modified_time\" content=\"2025-09-22T19:01:06+00:00\" \/>\n<meta property=\"og:image\" content=\"https:\/\/www.tupy.com.br\/wp-content\/uploads\/2021\/05\/img-sobre-tupy.png\" \/>\n\t<meta property=\"og:image:width\" content=\"600\" \/>\n\t<meta property=\"og:image:height\" content=\"715\" \/>\n\t<meta property=\"og:image:type\" content=\"image\/png\" \/>\n<meta name=\"twitter:card\" content=\"summary_large_image\" \/>\n<script type=\"application\/ld+json\" class=\"yoast-schema-graph\">{\"@context\":\"https:\\\/\\\/schema.org\",\"@graph\":[{\"@type\":\"WebPage\",\"@id\":\"https:\\\/\\\/www.tupy.com.br\\\/en\\\/sobre-a-tupy\\\/\",\"url\":\"https:\\\/\\\/www.tupy.com.br\\\/en\\\/sobre-a-tupy\\\/\",\"name\":\"About Tupy - Tupy\",\"isPartOf\":{\"@id\":\"https:\\\/\\\/www.tupy.com.br\\\/#website\"},\"primaryImageOfPage\":{\"@id\":\"https:\\\/\\\/www.tupy.com.br\\\/en\\\/sobre-a-tupy\\\/#primaryimage\"},\"image\":{\"@id\":\"https:\\\/\\\/www.tupy.com.br\\\/en\\\/sobre-a-tupy\\\/#primaryimage\"},\"thumbnailUrl\":\"https:\\\/\\\/www.tupy.com.br\\\/wp-content\\\/uploads\\\/2021\\\/05\\\/img-sobre-tupy.png\",\"datePublished\":\"2021-09-06T16:05:34+00:00\",\"dateModified\":\"2025-09-22T19:01:06+00:00\",\"breadcrumb\":{\"@id\":\"https:\\\/\\\/www.tupy.com.br\\\/en\\\/sobre-a-tupy\\\/#breadcrumb\"},\"inLanguage\":\"en-US\",\"potentialAction\":[{\"@type\":\"ReadAction\",\"target\":[\"https:\\\/\\\/www.tupy.com.br\\\/en\\\/sobre-a-tupy\\\/\"]}]},{\"@type\":\"ImageObject\",\"inLanguage\":\"en-US\",\"@id\":\"https:\\\/\\\/www.tupy.com.br\\\/en\\\/sobre-a-tupy\\\/#primaryimage\",\"url\":\"https:\\\/\\\/www.tupy.com.br\\\/wp-content\\\/uploads\\\/2021\\\/05\\\/img-sobre-tupy.png\",\"contentUrl\":\"https:\\\/\\\/www.tupy.com.br\\\/wp-content\\\/uploads\\\/2021\\\/05\\\/img-sobre-tupy.png\",\"width\":600,\"height\":715},{\"@type\":\"BreadcrumbList\",\"@id\":\"https:\\\/\\\/www.tupy.com.br\\\/en\\\/sobre-a-tupy\\\/#breadcrumb\",\"itemListElement\":[{\"@type\":\"ListItem\",\"position\":1,\"name\":\"Home\",\"item\":\"https:\\\/\\\/www.tupy.com.br\\\/en\\\/\"},{\"@type\":\"ListItem\",\"position\":2,\"name\":\"About Tupy\"}]},{\"@type\":\"WebSite\",\"@id\":\"https:\\\/\\\/www.tupy.com.br\\\/#website\",\"url\":\"https:\\\/\\\/www.tupy.com.br\\\/\",\"name\":\"Tupy\",\"description\":\"Refer\u00eancia em tecnologia de fundi\u00e7\u00e3o de blocos e cabe\u00e7otes de motor de ferro e usinagem.\",\"potentialAction\":[{\"@type\":\"SearchAction\",\"target\":{\"@type\":\"EntryPoint\",\"urlTemplate\":\"https:\\\/\\\/www.tupy.com.br\\\/?s={search_term_string}\"},\"query-input\":{\"@type\":\"PropertyValueSpecification\",\"valueRequired\":true,\"valueName\":\"search_term_string\"}}],\"inLanguage\":\"en-US\"}]}<\/script>\n<!-- \/ Yoast SEO plugin. -->","yoast_head_json":{"title":"About Tupy - Tupy","robots":{"index":"index","follow":"follow","max-snippet":"max-snippet:-1","max-image-preview":"max-image-preview:large","max-video-preview":"max-video-preview:-1"},"canonical":"https:\/\/www.tupy.com.br\/en\/sobre-a-tupy\/","og_locale":"en_US","og_type":"article","og_title":"About Tupy - Tupy","og_description":"Global company specialized in developing and manufacturing highly engineered structural cast iron components applied to complex metallurgical and geometrical components extensively used in capital goods. Tupy develops solutions present in the most diversified segments, such as freight transport (all modals), infrastructure, agriculture, power generation and many other industrial applications. For over 80 years, the Company has been promoting the access to health, basic sanitation, potable water, foods, and other basic needs for promotion of the quality of life. Innovation and technical knowledge of its employees are its hallmark in the market. The plants are located in Joinville\/SC, S\u00e3o Paulo (S\u00e3o Paulo), Betim\/MG (Brazil), and in the cities of Saltillo and Ramos Arizpe (Mexico) and Aveiro (Portugal). In addition, Tupy has offices in Sao Paulo, USA, Germany, Italy and Netherlands.","og_url":"https:\/\/www.tupy.com.br\/en\/sobre-a-tupy\/","og_site_name":"Tupy","article_modified_time":"2025-09-22T19:01:06+00:00","og_image":[{"width":600,"height":715,"url":"https:\/\/www.tupy.com.br\/wp-content\/uploads\/2021\/05\/img-sobre-tupy.png","type":"image\/png"}],"twitter_card":"summary_large_image","schema":{"@context":"https:\/\/schema.org","@graph":[{"@type":"WebPage","@id":"https:\/\/www.tupy.com.br\/en\/sobre-a-tupy\/","url":"https:\/\/www.tupy.com.br\/en\/sobre-a-tupy\/","name":"About Tupy - Tupy","isPartOf":{"@id":"https:\/\/www.tupy.com.br\/#website"},"primaryImageOfPage":{"@id":"https:\/\/www.tupy.com.br\/en\/sobre-a-tupy\/#primaryimage"},"image":{"@id":"https:\/\/www.tupy.com.br\/en\/sobre-a-tupy\/#primaryimage"},"thumbnailUrl":"https:\/\/www.tupy.com.br\/wp-content\/uploads\/2021\/05\/img-sobre-tupy.png","datePublished":"2021-09-06T16:05:34+00:00","dateModified":"2025-09-22T19:01:06+00:00","breadcrumb":{"@id":"https:\/\/www.tupy.com.br\/en\/sobre-a-tupy\/#breadcrumb"},"inLanguage":"en-US","potentialAction":[{"@type":"ReadAction","target":["https:\/\/www.tupy.com.br\/en\/sobre-a-tupy\/"]}]},{"@type":"ImageObject","inLanguage":"en-US","@id":"https:\/\/www.tupy.com.br\/en\/sobre-a-tupy\/#primaryimage","url":"https:\/\/www.tupy.com.br\/wp-content\/uploads\/2021\/05\/img-sobre-tupy.png","contentUrl":"https:\/\/www.tupy.com.br\/wp-content\/uploads\/2021\/05\/img-sobre-tupy.png","width":600,"height":715},{"@type":"BreadcrumbList","@id":"https:\/\/www.tupy.com.br\/en\/sobre-a-tupy\/#breadcrumb","itemListElement":[{"@type":"ListItem","position":1,"name":"Home","item":"https:\/\/www.tupy.com.br\/en\/"},{"@type":"ListItem","position":2,"name":"About Tupy"}]},{"@type":"WebSite","@id":"https:\/\/www.tupy.com.br\/#website","url":"https:\/\/www.tupy.com.br\/","name":"Tupy","description":"Refer\u00eancia em tecnologia de fundi\u00e7\u00e3o de blocos e cabe\u00e7otes de motor de ferro e usinagem.","potentialAction":[{"@type":"SearchAction","target":{"@type":"EntryPoint","urlTemplate":"https:\/\/www.tupy.com.br\/?s={search_term_string}"},"query-input":{"@type":"PropertyValueSpecification","valueRequired":true,"valueName":"search_term_string"}}],"inLanguage":"en-US"}]}},"_links":{"self":[{"href":"https:\/\/www.tupy.com.br\/en\/wp-json\/wp\/v2\/pages\/2454","targetHints":{"allow":["GET"]}}],"collection":[{"href":"https:\/\/www.tupy.com.br\/en\/wp-json\/wp\/v2\/pages"}],"about":[{"href":"https:\/\/www.tupy.com.br\/en\/wp-json\/wp\/v2\/types\/page"}],"author":[{"embeddable":true,"href":"https:\/\/www.tupy.com.br\/en\/wp-json\/wp\/v2\/users\/1"}],"replies":[{"embeddable":true,"href":"https:\/\/www.tupy.com.br\/en\/wp-json\/wp\/v2\/comments?post=2454"}],"version-history":[{"count":5,"href":"https:\/\/www.tupy.com.br\/en\/wp-json\/wp\/v2\/pages\/2454\/revisions"}],"predecessor-version":[{"id":7243,"href":"https:\/\/www.tupy.com.br\/en\/wp-json\/wp\/v2\/pages\/2454\/revisions\/7243"}],"wp:featuredmedia":[{"embeddable":true,"href":"https:\/\/www.tupy.com.br\/en\/wp-json\/wp\/v2\/media\/2457"}],"wp:attachment":[{"href":"https:\/\/www.tupy.com.br\/en\/wp-json\/wp\/v2\/media?parent=2454"}],"curies":[{"name":"wp","href":"https:\/\/api.w.org\/{rel}","templated":true}]}}